{"id":1725,"date":"2026-01-05T16:32:31","date_gmt":"2026-01-05T16:32:31","guid":{"rendered":"https:\/\/nen.kmkoncept.fr\/?post_type=product&#038;p=1725"},"modified":"2026-04-28T07:28:28","modified_gmt":"2026-04-28T07:28:28","slug":"trampoline-echelles-compat-hobie-cat-18-la-paire-modele-na4","status":"publish","type":"product","link":"https:\/\/www.nenuphar.com\/en\/shop\/series\/catamarans-series\/edel-cat\/hobie-cat-18\/trampoline-echelles-compat-hobie-cat-18-la-paire-modele-na4\/","title":{"rendered":"&#8211; TRAMPOLINE ECHELLES COMPAT"},"content":{"rendered":"<p>Made in France.<\/p>\n<p>Trampoline compatible pour un mod\u00e8le d&rsquo;echelles de rappel de HC 18.<\/p>\n<p>Verifiez bien si c&rsquo;est le mod\u00e8le qui vous convient car il en existe de nombreux diff\u00e9rents<\/p>\n<p>Con\u00e7u dans notre atelier \u00e0 Nemours, en grille de forts fils polyester enduite PVC<\/p>\n<p>Les assemblages sont r\u00e9alis\u00e9s par soudure haute fr\u00e9quence<\/p>\n<p>Les \u0153illets sont \u00e0 dents et toujours pos\u00e9s sur un renfort.<\/p>","protected":false},"excerpt":{"rendered":"<p>Fabriqu\u00e9 en France. Trampoline compatible pour un mod\u00e8le d&rsquo;echelles de rappel de HC 18. Verifiez bien si c&rsquo;est le mod\u00e8le qui vous convient car il en existe de nombreux diff\u00e9rents Con\u00e7u dans notre atelier \u00e0 Nemours, en grille de forts fils polyester enduite PVC Les assemblages sont r\u00e9alis\u00e9s par soudure haute fr\u00e9quence Les \u0153illets sont [&hellip;]<\/p>\n","protected":false},"featured_media":1771,"template":"","meta":{"_acf_changed":false,"_uag_custom_page_level_css":""},"product_brand":[430],"product_cat":[260,97],"product_tag":[530],"class_list":{"0":"post-1725","1":"product","2":"type-product","3":"status-publish","4":"has-post-thumbnail","6":"product_brand-nenuphar","7":"product_cat-hobie-cat-18","8":"product_cat-trampolines-filet-mesh","9":"product_tag-hobie-cat-18","11":"first","12":"onbackorder","13":"taxable","14":"shipping-taxable","15":"purchasable","16":"product-type-simple"},"acf":[],"aioseo_notices":[],"uagb_featured_image_src":{"full":["https:\/\/www.nenuphar.com\/wp-content\/uploads\/2026\/01\/5314.jpg",1536,2048,false],"thumbnail":["https:\/\/www.nenuphar.com\/wp-content\/uploads\/2026\/01\/5314-150x150.jpg",150,150,true],"medium":["https:\/\/www.nenuphar.com\/wp-content\/uploads\/2026\/01\/5314-225x300.jpg",225,300,true],"medium_large":["https:\/\/www.nenuphar.com\/wp-content\/uploads\/2026\/01\/5314-768x1024.jpg",768,1024,true],"large":["https:\/\/www.nenuphar.com\/wp-content\/uploads\/2026\/01\/5314-768x1024.jpg",768,1024,true],"1536x1536":["https:\/\/www.nenuphar.com\/wp-content\/uploads\/2026\/01\/5314-1152x1536.jpg",1152,1536,true],"2048x2048":["https:\/\/www.nenuphar.com\/wp-content\/uploads\/2026\/01\/5314.jpg",1536,2048,false],"trp-custom-language-flag":["https:\/\/www.nenuphar.com\/wp-content\/uploads\/2026\/01\/5314.jpg",9,12,false],"woocommerce_thumbnail":["https:\/\/www.nenuphar.com\/wp-content\/uploads\/2026\/01\/5314-300x300.jpg",300,300,true],"woocommerce_single":["https:\/\/www.nenuphar.com\/wp-content\/uploads\/2026\/01\/5314-600x800.jpg",600,800,true],"woocommerce_gallery_thumbnail":["https:\/\/www.nenuphar.com\/wp-content\/uploads\/2026\/01\/5314-100x100.jpg",100,100,true]},"uagb_author_info":{"display_name":"Karine","author_link":"https:\/\/www.nenuphar.com\/en\/author\/"},"uagb_comment_info":0,"uagb_excerpt":"Fabriqu\u00e9 en France. Trampoline compatible pour un mod\u00e8le d&rsquo;echelles de rappel de HC 18. Verifiez bien si c&rsquo;est le mod\u00e8le qui vous convient car il en existe de nombreux diff\u00e9rents Con\u00e7u dans notre atelier \u00e0 Nemours, en grille de forts fils polyester enduite PVC Les assemblages sont r\u00e9alis\u00e9s par soudure haute fr\u00e9quence Les \u0153illets sont&hellip;","_links":{"self":[{"href":"https:\/\/www.nenuphar.com\/en\/wp-json\/wp\/v2\/product\/1725","targetHints":{"allow":["GET"]}}],"collection":[{"href":"https:\/\/www.nenuphar.com\/en\/wp-json\/wp\/v2\/product"}],"about":[{"href":"https:\/\/www.nenuphar.com\/en\/wp-json\/wp\/v2\/types\/product"}],"wp:featuredmedia":[{"embeddable":true,"href":"https:\/\/www.nenuphar.com\/en\/wp-json\/wp\/v2\/media\/1771"}],"wp:attachment":[{"href":"https:\/\/www.nenuphar.com\/en\/wp-json\/wp\/v2\/media?parent=1725"}],"wp:term":[{"taxonomy":"product_brand","embeddable":true,"href":"https:\/\/www.nenuphar.com\/en\/wp-json\/wp\/v2\/product_brand?post=1725"},{"taxonomy":"product_cat","embeddable":true,"href":"https:\/\/www.nenuphar.com\/en\/wp-json\/wp\/v2\/product_cat?post=1725"},{"taxonomy":"product_tag","embeddable":true,"href":"https:\/\/www.nenuphar.com\/en\/wp-json\/wp\/v2\/product_tag?post=1725"}],"curies":[{"name":"wp","href":"https:\/\/api.w.org\/{rel}","templated":true}]}}