{"id":1726,"date":"2026-01-05T16:32:31","date_gmt":"2026-01-05T16:32:31","guid":{"rendered":"https:\/\/nen.kmkoncept.fr\/?post_type=product&#038;p=1726"},"modified":"2026-04-28T07:28:28","modified_gmt":"2026-04-28T07:28:28","slug":"trampoline-echelles-compat-hobie-cat-18-la-paire-modele-na5","status":"publish","type":"product","link":"https:\/\/www.nenuphar.com\/en\/shop\/series\/catamarans-series\/edel-cat\/hobie-cat-18\/trampoline-echelles-compat-hobie-cat-18-la-paire-modele-na5\/","title":{"rendered":"&#8211; TRAMPOLINE ECHELLES COMPAT"},"content":{"rendered":"<p>Made in France.<\/p>\n<p>Ce trampoline compatible est con\u00e7u pour une r\u00e9sistance \u00e9lev\u00e9e \u00e0 une utilisation intensive. Fabriqu\u00e9 en grille de forts fils polyester enduite PVC. Les assemblages et poses de renforts sont r\u00e9alis\u00e9s par soudure haute fr\u00e9quence Les illets \u00e9ventuels sont \u00e0 dents et toujours pos\u00e9s sur un renfort.<\/p>","protected":false},"excerpt":{"rendered":"<p>Fabriqu\u00e9 en France. Ce trampoline compatible est con\u00e7u pour une r\u00e9sistance \u00e9lev\u00e9e \u00e0 une utilisation intensive. Fabriqu\u00e9 en grille de forts fils polyester enduite PVC. Les assemblages et poses de renforts sont r\u00e9alis\u00e9s par soudure haute fr\u00e9quence Les illets \u00e9ventuels sont \u00e0 dents et toujours pos\u00e9s sur un renfort.<\/p>","protected":false},"featured_media":0,"template":"","meta":{"_acf_changed":false,"_uag_custom_page_level_css":""},"product_brand":[430],"product_cat":[260,97],"product_tag":[530],"class_list":{"0":"post-1726","1":"product","2":"type-product","3":"status-publish","5":"product_brand-nenuphar","6":"product_cat-hobie-cat-18","7":"product_cat-trampolines-filet-mesh","8":"product_tag-hobie-cat-18","10":"first","11":"onbackorder","12":"taxable","13":"shipping-taxable","14":"purchasable","15":"product-type-simple"},"acf":[],"aioseo_notices":[],"uagb_featured_image_src":{"full":false,"thumbnail":false,"medium":false,"medium_large":false,"large":false,"1536x1536":false,"2048x2048":false,"trp-custom-language-flag":false,"woocommerce_thumbnail":false,"woocommerce_single":false,"woocommerce_gallery_thumbnail":false},"uagb_author_info":{"display_name":"Karine","author_link":"https:\/\/www.nenuphar.com\/en\/author\/"},"uagb_comment_info":0,"uagb_excerpt":"Fabriqu\u00e9 en France. Ce trampoline compatible est con\u00e7u pour une r\u00e9sistance \u00e9lev\u00e9e \u00e0 une utilisation intensive. Fabriqu\u00e9 en grille de forts fils polyester enduite PVC. Les assemblages et poses de renforts sont r\u00e9alis\u00e9s par soudure haute fr\u00e9quence Les illets \u00e9ventuels sont \u00e0 dents et toujours pos\u00e9s sur un renfort.","_links":{"self":[{"href":"https:\/\/www.nenuphar.com\/en\/wp-json\/wp\/v2\/product\/1726","targetHints":{"allow":["GET"]}}],"collection":[{"href":"https:\/\/www.nenuphar.com\/en\/wp-json\/wp\/v2\/product"}],"about":[{"href":"https:\/\/www.nenuphar.com\/en\/wp-json\/wp\/v2\/types\/product"}],"wp:attachment":[{"href":"https:\/\/www.nenuphar.com\/en\/wp-json\/wp\/v2\/media?parent=1726"}],"wp:term":[{"taxonomy":"product_brand","embeddable":true,"href":"https:\/\/www.nenuphar.com\/en\/wp-json\/wp\/v2\/product_brand?post=1726"},{"taxonomy":"product_cat","embeddable":true,"href":"https:\/\/www.nenuphar.com\/en\/wp-json\/wp\/v2\/product_cat?post=1726"},{"taxonomy":"product_tag","embeddable":true,"href":"https:\/\/www.nenuphar.com\/en\/wp-json\/wp\/v2\/product_tag?post=1726"}],"curies":[{"name":"wp","href":"https:\/\/api.w.org\/{rel}","templated":true}]}}