{"id":1735,"date":"2026-01-05T16:32:57","date_gmt":"2026-01-05T16:32:57","guid":{"rendered":"https:\/\/nen.kmkoncept.fr\/?post_type=product&#038;p=1735"},"modified":"2026-04-28T07:28:28","modified_gmt":"2026-04-28T07:28:28","slug":"trampoline-compat-topaz-12-soude-mesh-pvc","status":"publish","type":"product","link":"https:\/\/www.nenuphar.com\/en\/shop\/series\/catamarans-series\/sirena-catamarans-series\/topaz-12\/trampoline-compat-topaz-12-soude-mesh-pvc\/","title":{"rendered":"TRAMPOLINE COMPAT TOPAZ 12 &#8211; SOUDE MESH PVC"},"content":{"rendered":"<p>Trampoline compatible pour catamaran Topaz12,<\/p>\n<p>fabrication N\u00e9nuphar en tissu maille noir, polyester 1100 dtex,<\/p>\n<p>Tous les assemblages sauf les sangles de rappel sont faits par soudure Haute fr\u00e9quence,<\/p>\n<p>\u0152illets laiton nickel\u00e9 n\u00b05<\/p>\n<p>1 poche \u00e0 bouts<\/p>\n<p>2 bouts de tension lat\u00e9raux fournis<\/p>\n<p>lattes fibre avant et arri\u00e8re <strong>non<\/strong> fournies<\/p>","protected":false},"excerpt":{"rendered":"<p>Trampoline compatible pour catamaran Topaz12, fabrication N\u00e9nuphar en tissu maille noir, polyester 1100 dtex, Tous les assemblages sauf les sangles de rappel sont faits par soudure Haute fr\u00e9quence, \u0152illets laiton nickel\u00e9 n\u00b05 1 poche \u00e0 bouts 2 bouts de tension lat\u00e9raux fournis lattes fibre avant et arri\u00e8re non fournies<\/p>","protected":false},"featured_media":1780,"template":"","meta":{"_acf_changed":false,"_uag_custom_page_level_css":""},"product_brand":[430],"product_cat":[303,97],"product_tag":[577,579],"class_list":{"0":"post-1735","1":"product","2":"type-product","3":"status-publish","4":"has-post-thumbnail","6":"product_brand-nenuphar","7":"product_cat-topaz-12","8":"product_cat-trampolines-filet-mesh","9":"product_tag-topaz","10":"product_tag-topaz-12","12":"first","13":"onbackorder","14":"taxable","15":"shipping-taxable","16":"purchasable","17":"product-type-simple"},"acf":[],"aioseo_notices":[],"uagb_featured_image_src":{"full":["https:\/\/www.nenuphar.com\/wp-content\/uploads\/2026\/01\/5063-scaled.jpg",2560,1920,false],"thumbnail":["https:\/\/www.nenuphar.com\/wp-content\/uploads\/2026\/01\/5063-150x150.jpg",150,150,true],"medium":["https:\/\/www.nenuphar.com\/wp-content\/uploads\/2026\/01\/5063-300x225.jpg",300,225,true],"medium_large":["https:\/\/www.nenuphar.com\/wp-content\/uploads\/2026\/01\/5063-768x576.jpg",768,576,true],"large":["https:\/\/www.nenuphar.com\/wp-content\/uploads\/2026\/01\/5063-1024x768.jpg",1024,768,true],"1536x1536":["https:\/\/www.nenuphar.com\/wp-content\/uploads\/2026\/01\/5063-1536x1152.jpg",1536,1152,true],"2048x2048":["https:\/\/www.nenuphar.com\/wp-content\/uploads\/2026\/01\/5063-2048x1536.jpg",2048,1536,true],"trp-custom-language-flag":["https:\/\/www.nenuphar.com\/wp-content\/uploads\/2026\/01\/5063-scaled.jpg",16,12,false],"woocommerce_thumbnail":["https:\/\/www.nenuphar.com\/wp-content\/uploads\/2026\/01\/5063-300x300.jpg",300,300,true],"woocommerce_single":["https:\/\/www.nenuphar.com\/wp-content\/uploads\/2026\/01\/5063-600x450.jpg",600,450,true],"woocommerce_gallery_thumbnail":["https:\/\/www.nenuphar.com\/wp-content\/uploads\/2026\/01\/5063-100x100.jpg",100,100,true]},"uagb_author_info":{"display_name":"Karine","author_link":"https:\/\/www.nenuphar.com\/en\/author\/"},"uagb_comment_info":0,"uagb_excerpt":"Trampoline compatible pour catamaran Topaz12, fabrication N\u00e9nuphar en tissu maille noir, polyester 1100 dtex, Tous les assemblages sauf les sangles de rappel sont faits par soudure Haute fr\u00e9quence, \u0152illets laiton nickel\u00e9 n\u00b05 1 poche \u00e0 bouts 2 bouts de tension lat\u00e9raux fournis lattes fibre avant et arri\u00e8re non fournies","_links":{"self":[{"href":"https:\/\/www.nenuphar.com\/en\/wp-json\/wp\/v2\/product\/1735","targetHints":{"allow":["GET"]}}],"collection":[{"href":"https:\/\/www.nenuphar.com\/en\/wp-json\/wp\/v2\/product"}],"about":[{"href":"https:\/\/www.nenuphar.com\/en\/wp-json\/wp\/v2\/types\/product"}],"wp:featuredmedia":[{"embeddable":true,"href":"https:\/\/www.nenuphar.com\/en\/wp-json\/wp\/v2\/media\/1780"}],"wp:attachment":[{"href":"https:\/\/www.nenuphar.com\/en\/wp-json\/wp\/v2\/media?parent=1735"}],"wp:term":[{"taxonomy":"product_brand","embeddable":true,"href":"https:\/\/www.nenuphar.com\/en\/wp-json\/wp\/v2\/product_brand?post=1735"},{"taxonomy":"product_cat","embeddable":true,"href":"https:\/\/www.nenuphar.com\/en\/wp-json\/wp\/v2\/product_cat?post=1735"},{"taxonomy":"product_tag","embeddable":true,"href":"https:\/\/www.nenuphar.com\/en\/wp-json\/wp\/v2\/product_tag?post=1735"}],"curies":[{"name":"wp","href":"https:\/\/api.w.org\/{rel}","templated":true}]}}