{"id":1737,"date":"2026-01-05T16:32:57","date_gmt":"2026-01-05T16:32:57","guid":{"rendered":"https:\/\/nen.kmkoncept.fr\/?post_type=product&#038;p=1737"},"modified":"2026-04-28T07:28:28","modified_gmt":"2026-04-28T07:28:28","slug":"trampoline-compat-nc-12-racing-avec-bao-soude-mesh","status":"publish","type":"product","link":"https:\/\/www.nenuphar.com\/en\/shop\/series\/catamarans-series\/new-cat\/nc-12\/trampoline-compat-nc-12-racing-avec-bao-soude-mesh\/","title":{"rendered":"TRAMPOLINE COMPAT NC 12 &#8211; RACING AVEC BAO SOUDE MESH"},"content":{"rendered":"<p>Trampoline pour New Cat 12 Racing avec bande \u00e0 oeillets.<\/p>\n<p>Trampoline en mesh noir soud\u00e9.<\/p>\n<p>Ce type de trampoline est fabriqu\u00e9 \u00e0 la commande. Il n&rsquo;est ni repris, ni \u00e9chang\u00e9.<\/p><\/p>","protected":false},"excerpt":{"rendered":"<p>Trampoline pour New Cat 12 Racing avec bande \u00e0 oeillets. Trampoline en mesh noir soud\u00e9. Ce type de trampoline est fabriqu\u00e9 \u00e0 la commande. Il n&rsquo;est ni repris, ni \u00e9chang\u00e9.<\/p>","protected":false},"featured_media":0,"template":"","meta":{"_acf_changed":false,"_uag_custom_page_level_css":""},"product_brand":[430],"product_cat":[283,97],"product_tag":[554,555],"class_list":{"0":"post-1737","1":"product","2":"type-product","3":"status-publish","5":"product_brand-nenuphar","6":"product_cat-nc-12","7":"product_cat-trampolines-filet-mesh","8":"product_tag-nc-12","9":"product_tag-new-cat","11":"first","12":"onbackorder","13":"taxable","14":"shipping-taxable","15":"purchasable","16":"product-type-simple"},"acf":[],"aioseo_notices":[],"uagb_featured_image_src":{"full":false,"thumbnail":false,"medium":false,"medium_large":false,"large":false,"1536x1536":false,"2048x2048":false,"trp-custom-language-flag":false,"woocommerce_thumbnail":false,"woocommerce_single":false,"woocommerce_gallery_thumbnail":false},"uagb_author_info":{"display_name":"Karine","author_link":"https:\/\/www.nenuphar.com\/en\/author\/"},"uagb_comment_info":0,"uagb_excerpt":"Trampoline pour New Cat 12 Racing avec bande \u00e0 oeillets. Trampoline en mesh noir soud\u00e9. Ce type de trampoline est fabriqu\u00e9 \u00e0 la commande. Il n&rsquo;est ni repris, ni \u00e9chang\u00e9.","_links":{"self":[{"href":"https:\/\/www.nenuphar.com\/en\/wp-json\/wp\/v2\/product\/1737","targetHints":{"allow":["GET"]}}],"collection":[{"href":"https:\/\/www.nenuphar.com\/en\/wp-json\/wp\/v2\/product"}],"about":[{"href":"https:\/\/www.nenuphar.com\/en\/wp-json\/wp\/v2\/types\/product"}],"wp:attachment":[{"href":"https:\/\/www.nenuphar.com\/en\/wp-json\/wp\/v2\/media?parent=1737"}],"wp:term":[{"taxonomy":"product_brand","embeddable":true,"href":"https:\/\/www.nenuphar.com\/en\/wp-json\/wp\/v2\/product_brand?post=1737"},{"taxonomy":"product_cat","embeddable":true,"href":"https:\/\/www.nenuphar.com\/en\/wp-json\/wp\/v2\/product_cat?post=1737"},{"taxonomy":"product_tag","embeddable":true,"href":"https:\/\/www.nenuphar.com\/en\/wp-json\/wp\/v2\/product_tag?post=1737"}],"curies":[{"name":"wp","href":"https:\/\/api.w.org\/{rel}","templated":true}]}}