{"id":1766,"date":"2026-01-05T16:34:08","date_gmt":"2026-01-05T16:34:08","guid":{"rendered":"https:\/\/nen.kmkoncept.fr\/?post_type=product&#038;p=1766"},"modified":"2026-04-28T07:28:29","modified_gmt":"2026-04-28T07:28:29","slug":"trampoline-compat-tornado-soude-mesh-pvc","status":"publish","type":"product","link":"https:\/\/www.nenuphar.com\/en\/shop\/navigation\/trampolines\/trampolines-filet-mesh\/trampoline-compat-tornado-soude-mesh-pvc\/","title":{"rendered":"TRAMPOLINE COMPAT TORNADO &#8211; SOUDE MESH PVC"},"content":{"rendered":"<p>Trampoline compatible pour catamaran Tornado, fabriqu\u00e9 dans notre atelier \u00e0 Nemours,<\/p>\n<p>tissu maille polyester 1100 dtex, enduit, noir<\/p>\n<p>Tous les assemblages sont r\u00e9alis\u00e9s par soudure haute fr\u00e9quence, sauf les sangles de rappel qui sont cousues<\/p>\n<p>Fabriqu\u00e9 uniquement \u00e0 la commande, bien v\u00e9rifier que le plan correspond \u00e0 votre bateau avant de passer commande<\/p><\/p>","protected":false},"excerpt":{"rendered":"<p>Trampoline compatible pour catamaran Tornado, fabriqu\u00e9 dans notre atelier \u00e0 Nemours, tissu maille polyester 1100 dtex, enduit, noir Tous les assemblages sont r\u00e9alis\u00e9s par soudure haute fr\u00e9quence, sauf les sangles de rappel qui sont cousues Fabriqu\u00e9 uniquement \u00e0 la commande, bien v\u00e9rifier que le plan correspond \u00e0 votre bateau avant de passer commande<\/p>","protected":false},"featured_media":1802,"template":"","meta":{"_acf_changed":false,"_uag_custom_page_level_css":""},"product_brand":[430],"product_cat":[97],"product_tag":[],"class_list":{"0":"post-1766","1":"product","2":"type-product","3":"status-publish","4":"has-post-thumbnail","6":"product_brand-nenuphar","7":"product_cat-trampolines-filet-mesh","9":"first","10":"onbackorder","11":"taxable","12":"shipping-taxable","13":"purchasable","14":"product-type-simple"},"acf":[],"aioseo_notices":[],"uagb_featured_image_src":{"full":["https:\/\/www.nenuphar.com\/wp-content\/uploads\/2026\/01\/5080-scaled.jpg",2560,1920,false],"thumbnail":["https:\/\/www.nenuphar.com\/wp-content\/uploads\/2026\/01\/5080-150x150.jpg",150,150,true],"medium":["https:\/\/www.nenuphar.com\/wp-content\/uploads\/2026\/01\/5080-300x225.jpg",300,225,true],"medium_large":["https:\/\/www.nenuphar.com\/wp-content\/uploads\/2026\/01\/5080-768x576.jpg",768,576,true],"large":["https:\/\/www.nenuphar.com\/wp-content\/uploads\/2026\/01\/5080-1024x768.jpg",1024,768,true],"1536x1536":["https:\/\/www.nenuphar.com\/wp-content\/uploads\/2026\/01\/5080-1536x1152.jpg",1536,1152,true],"2048x2048":["https:\/\/www.nenuphar.com\/wp-content\/uploads\/2026\/01\/5080-2048x1536.jpg",2048,1536,true],"trp-custom-language-flag":["https:\/\/www.nenuphar.com\/wp-content\/uploads\/2026\/01\/5080-scaled.jpg",16,12,false],"woocommerce_thumbnail":["https:\/\/www.nenuphar.com\/wp-content\/uploads\/2026\/01\/5080-300x300.jpg",300,300,true],"woocommerce_single":["https:\/\/www.nenuphar.com\/wp-content\/uploads\/2026\/01\/5080-600x450.jpg",600,450,true],"woocommerce_gallery_thumbnail":["https:\/\/www.nenuphar.com\/wp-content\/uploads\/2026\/01\/5080-100x100.jpg",100,100,true]},"uagb_author_info":{"display_name":"Karine","author_link":"https:\/\/www.nenuphar.com\/en\/author\/"},"uagb_comment_info":0,"uagb_excerpt":"Trampoline compatible pour catamaran Tornado, fabriqu\u00e9 dans notre atelier \u00e0 Nemours, tissu maille polyester 1100 dtex, enduit, noir Tous les assemblages sont r\u00e9alis\u00e9s par soudure haute fr\u00e9quence, sauf les sangles de rappel qui sont cousues Fabriqu\u00e9 uniquement \u00e0 la commande, bien v\u00e9rifier que le plan correspond \u00e0 votre bateau avant de passer commande","_links":{"self":[{"href":"https:\/\/www.nenuphar.com\/en\/wp-json\/wp\/v2\/product\/1766","targetHints":{"allow":["GET"]}}],"collection":[{"href":"https:\/\/www.nenuphar.com\/en\/wp-json\/wp\/v2\/product"}],"about":[{"href":"https:\/\/www.nenuphar.com\/en\/wp-json\/wp\/v2\/types\/product"}],"wp:featuredmedia":[{"embeddable":true,"href":"https:\/\/www.nenuphar.com\/en\/wp-json\/wp\/v2\/media\/1802"}],"wp:attachment":[{"href":"https:\/\/www.nenuphar.com\/en\/wp-json\/wp\/v2\/media?parent=1766"}],"wp:term":[{"taxonomy":"product_brand","embeddable":true,"href":"https:\/\/www.nenuphar.com\/en\/wp-json\/wp\/v2\/product_brand?post=1766"},{"taxonomy":"product_cat","embeddable":true,"href":"https:\/\/www.nenuphar.com\/en\/wp-json\/wp\/v2\/product_cat?post=1766"},{"taxonomy":"product_tag","embeddable":true,"href":"https:\/\/www.nenuphar.com\/en\/wp-json\/wp\/v2\/product_tag?post=1766"}],"curies":[{"name":"wp","href":"https:\/\/api.w.org\/{rel}","templated":true}]}}