{"id":1777,"date":"2026-01-05T16:34:30","date_gmt":"2026-01-05T16:34:30","guid":{"rendered":"https:\/\/nen.kmkoncept.fr\/?post_type=product&#038;p=1777"},"modified":"2026-04-28T07:28:33","modified_gmt":"2026-04-28T07:28:33","slug":"trampoline-compat-erplast-14-soude-mesh-pvc","status":"publish","type":"product","link":"https:\/\/www.nenuphar.com\/en\/shop\/navigation\/trampolines\/trampolines-filet-mesh\/trampoline-compat-erplast-14-soude-mesh-pvc\/","title":{"rendered":"Trampoline compatible with Erplast 14 \u2013 welded PVC mesh"},"content":{"rendered":"<p>N\u00e9nuphar-made trampoline compatible with Erplast (New Cat) 14 catamaran<\/p>\n<p>in PVC-coated polyester mesh fabric<\/p>\n<p>assembled with HF welding<\/p>\n<p>1 pocket<\/p>\n<p>2 retension straps<\/p>\n<p>Front rope with 10 mm diameter<\/p>\n<p>Rear sleeve for battens<\/p>","protected":false},"excerpt":{"rendered":"<p>Compatible trampoline for Erplast 14. manufactured in a strong black mesh polyester. HF welded assembly. 1 pocket 2 hicking straps 10 mm pvc track in the front made in France by Nenuphar<\/p>","protected":false},"featured_media":1809,"template":"","meta":{"_acf_changed":false,"_uag_custom_page_level_css":""},"product_brand":[430],"product_cat":[97],"product_tag":[],"class_list":{"0":"post-1777","1":"product","2":"type-product","3":"status-publish","4":"has-post-thumbnail","6":"product_brand-nenuphar","7":"product_cat-trampolines-filet-mesh","9":"first","10":"onbackorder","11":"taxable","12":"shipping-taxable","13":"purchasable","14":"product-type-simple"},"acf":[],"aioseo_notices":[],"uagb_featured_image_src":{"full":["https:\/\/www.nenuphar.com\/wp-content\/uploads\/2026\/01\/6027.jpg",2048,1536,false],"thumbnail":["https:\/\/www.nenuphar.com\/wp-content\/uploads\/2026\/01\/6027-150x150.jpg",150,150,true],"medium":["https:\/\/www.nenuphar.com\/wp-content\/uploads\/2026\/01\/6027-300x225.jpg",300,225,true],"medium_large":["https:\/\/www.nenuphar.com\/wp-content\/uploads\/2026\/01\/6027-768x576.jpg",768,576,true],"large":["https:\/\/www.nenuphar.com\/wp-content\/uploads\/2026\/01\/6027-1024x768.jpg",1024,768,true],"1536x1536":["https:\/\/www.nenuphar.com\/wp-content\/uploads\/2026\/01\/6027-1536x1152.jpg",1536,1152,true],"2048x2048":["https:\/\/www.nenuphar.com\/wp-content\/uploads\/2026\/01\/6027.jpg",2048,1536,false],"trp-custom-language-flag":["https:\/\/www.nenuphar.com\/wp-content\/uploads\/2026\/01\/6027.jpg",16,12,false],"woocommerce_thumbnail":["https:\/\/www.nenuphar.com\/wp-content\/uploads\/2026\/01\/6027-300x300.jpg",300,300,true],"woocommerce_single":["https:\/\/www.nenuphar.com\/wp-content\/uploads\/2026\/01\/6027-600x450.jpg",600,450,true],"woocommerce_gallery_thumbnail":["https:\/\/www.nenuphar.com\/wp-content\/uploads\/2026\/01\/6027-100x100.jpg",100,100,true]},"uagb_author_info":{"display_name":"Karine","author_link":"https:\/\/www.nenuphar.com\/en\/author\/"},"uagb_comment_info":0,"uagb_excerpt":"Trampoline compatible fabrication N\u00e9nuphar pour catamaran Erplast (New Cat) 14 en tissu maille polyester enduit assembl\u00e9 par soudure HF 1 poche 2 sangles de rappel ralingue avant diam\u00e8tre 10mm fourreau arri\u00e8re pour latte jonc","_links":{"self":[{"href":"https:\/\/www.nenuphar.com\/en\/wp-json\/wp\/v2\/product\/1777","targetHints":{"allow":["GET"]}}],"collection":[{"href":"https:\/\/www.nenuphar.com\/en\/wp-json\/wp\/v2\/product"}],"about":[{"href":"https:\/\/www.nenuphar.com\/en\/wp-json\/wp\/v2\/types\/product"}],"wp:featuredmedia":[{"embeddable":true,"href":"https:\/\/www.nenuphar.com\/en\/wp-json\/wp\/v2\/media\/1809"}],"wp:attachment":[{"href":"https:\/\/www.nenuphar.com\/en\/wp-json\/wp\/v2\/media?parent=1777"}],"wp:term":[{"taxonomy":"product_brand","embeddable":true,"href":"https:\/\/www.nenuphar.com\/en\/wp-json\/wp\/v2\/product_brand?post=1777"},{"taxonomy":"product_cat","embeddable":true,"href":"https:\/\/www.nenuphar.com\/en\/wp-json\/wp\/v2\/product_cat?post=1777"},{"taxonomy":"product_tag","embeddable":true,"href":"https:\/\/www.nenuphar.com\/en\/wp-json\/wp\/v2\/product_tag?post=1777"}],"curies":[{"name":"wp","href":"https:\/\/api.w.org\/{rel}","templated":true}]}}