{"id":1817,"date":"2026-01-05T16:43:36","date_gmt":"2026-01-05T16:43:36","guid":{"rendered":"https:\/\/nen.kmkoncept.fr\/?post_type=product&#038;p=1817"},"modified":"2026-04-28T07:29:49","modified_gmt":"2026-04-28T07:29:49","slug":"gouvernail-complet-420-non-monte-avec-stick","status":"publish","type":"product","link":"https:\/\/www.nenuphar.com\/en\/shop\/series\/deriveurs\/420\/gouvernail-complet-420-non-monte-avec-stick\/","title":{"rendered":"Complete rudder for 420 \u2013 unassembled, with tiller extension for \u00d88 mm rudder pin."},"content":{"rendered":"<p>Complete rudder for 420, supplied as a kit.<\/p>\n<p><span style=\"color:#d0121a;\">For 8 mm diameter pintles<\/span><\/p>\n<p><span style=\"color:#d0121a;\">Ce kit convient pour les 420 Lanaverre avec aiguillots bronze d&rsquo;origine.<\/span><\/p>\n<p><span style=\"color:#d0121a;\">La t\u00eate de safran en fonderie d&rsquo;alu comme sur la 2\u00e8me photo ne se fait plus.<\/span><\/p>\n<p><span style=\"color:#000000;\">The kit includes:<\/span><\/p>\n<p><span style=\"color:#000000;\">rudder head<\/span><\/p>\n<p><span style=\"color:#000000;\">Barre<\/span><\/p>\n<p><span style=\"color:#000000;\">Stick golf<\/span><\/p>\n<p><span style=\"color:#000000;\">rudder blade<\/span><\/p>\n<p><span style=\"color:#000000;\">Tiller extension adapter for round tiller bar.<\/span><\/p>\n<p><span style=\"color:#000000;\">hardware kit<\/span><\/p><\/p>","protected":false},"excerpt":{"rendered":"<p>Gouvernail complet pour 420, livr\u00e9 en kit. Pour aiguillots diam\u00e8tre 8 mm Ce kit convient pour les 420 Lanaverre avec aiguillots bronze d&rsquo;origine. La t\u00eate de safran en fonderie d&rsquo;alu comme sur la 2\u00e8me photo ne se fait plus. Le kit comprend: T\u00eate de safran Barre Stick golf lame de safran, Adaptateur stick sur barre [&hellip;]<\/p>\n","protected":false},"featured_media":1823,"template":"","meta":{"_acf_changed":false,"_uag_custom_page_level_css":""},"product_brand":[430],"product_cat":[186,104],"product_tag":[311],"class_list":{"0":"post-1817","1":"product","2":"type-product","3":"status-publish","4":"has-post-thumbnail","6":"product_brand-nenuphar","7":"product_cat-186","8":"product_cat-gouvernails-complets","9":"product_tag-311","11":"first","12":"onbackorder","13":"taxable","14":"shipping-taxable","15":"purchasable","16":"product-type-simple"},"acf":[],"aioseo_notices":[],"uagb_featured_image_src":{"full":["https:\/\/www.nenuphar.com\/wp-content\/uploads\/2026\/01\/5788-scaled.jpg",2127,2560,false],"thumbnail":["https:\/\/www.nenuphar.com\/wp-content\/uploads\/2026\/01\/5788-150x150.jpg",150,150,true],"medium":["https:\/\/www.nenuphar.com\/wp-content\/uploads\/2026\/01\/5788-249x300.jpg",249,300,true],"medium_large":["https:\/\/www.nenuphar.com\/wp-content\/uploads\/2026\/01\/5788-768x924.jpg",768,924,true],"large":["https:\/\/www.nenuphar.com\/wp-content\/uploads\/2026\/01\/5788-851x1024.jpg",851,1024,true],"1536x1536":["https:\/\/www.nenuphar.com\/wp-content\/uploads\/2026\/01\/5788-1276x1536.jpg",1276,1536,true],"2048x2048":["https:\/\/www.nenuphar.com\/wp-content\/uploads\/2026\/01\/5788-1701x2048.jpg",1701,2048,true],"trp-custom-language-flag":["https:\/\/www.nenuphar.com\/wp-content\/uploads\/2026\/01\/5788-scaled.jpg",10,12,false],"woocommerce_thumbnail":["https:\/\/www.nenuphar.com\/wp-content\/uploads\/2026\/01\/5788-300x300.jpg",300,300,true],"woocommerce_single":["https:\/\/www.nenuphar.com\/wp-content\/uploads\/2026\/01\/5788-600x722.jpg",600,722,true],"woocommerce_gallery_thumbnail":["https:\/\/www.nenuphar.com\/wp-content\/uploads\/2026\/01\/5788-100x100.jpg",100,100,true]},"uagb_author_info":{"display_name":"Karine","author_link":"https:\/\/www.nenuphar.com\/en\/author\/"},"uagb_comment_info":0,"uagb_excerpt":"Gouvernail complet pour 420, livr\u00e9 en kit. Pour aiguillots diam\u00e8tre 8 mm Ce kit convient pour les 420 Lanaverre avec aiguillots bronze d&rsquo;origine. La t\u00eate de safran en fonderie d&rsquo;alu comme sur la 2\u00e8me photo ne se fait plus. Le kit comprend: T\u00eate de safran Barre Stick golf lame de safran, Adaptateur stick sur barre&hellip;","_links":{"self":[{"href":"https:\/\/www.nenuphar.com\/en\/wp-json\/wp\/v2\/product\/1817","targetHints":{"allow":["GET"]}}],"collection":[{"href":"https:\/\/www.nenuphar.com\/en\/wp-json\/wp\/v2\/product"}],"about":[{"href":"https:\/\/www.nenuphar.com\/en\/wp-json\/wp\/v2\/types\/product"}],"wp:featuredmedia":[{"embeddable":true,"href":"https:\/\/www.nenuphar.com\/en\/wp-json\/wp\/v2\/media\/1823"}],"wp:attachment":[{"href":"https:\/\/www.nenuphar.com\/en\/wp-json\/wp\/v2\/media?parent=1817"}],"wp:term":[{"taxonomy":"product_brand","embeddable":true,"href":"https:\/\/www.nenuphar.com\/en\/wp-json\/wp\/v2\/product_brand?post=1817"},{"taxonomy":"product_cat","embeddable":true,"href":"https:\/\/www.nenuphar.com\/en\/wp-json\/wp\/v2\/product_cat?post=1817"},{"taxonomy":"product_tag","embeddable":true,"href":"https:\/\/www.nenuphar.com\/en\/wp-json\/wp\/v2\/product_tag?post=1817"}],"curies":[{"name":"wp","href":"https:\/\/api.w.org\/{rel}","templated":true}]}}