{"id":1834,"date":"2026-01-05T16:45:07","date_gmt":"2026-01-05T16:45:07","guid":{"rendered":"https:\/\/nen.kmkoncept.fr\/?post_type=product&#038;p=1834"},"modified":"2026-04-28T07:28:44","modified_gmt":"2026-04-28T07:28:44","slug":"tete-safran-type-vaurien","status":"publish","type":"product","link":"https:\/\/www.nenuphar.com\/en\/shop\/navigation\/safran\/tete-de-safran\/tete-safran-type-vaurien\/","title":{"rendered":"Galvanised trolley with pneumatic wheels \u2013 for 4.20 m \/ 5 m boats, tractor hitch system"},"content":{"rendered":"<p>Made in France.<\/p>\n<p>Galvanised steel trolley for RIB (4.20 m to 5.00 m) with large wheels, winch, jockey wheel, and tractor-type hitch.<\/p>","protected":false},"excerpt":{"rendered":"<p>Galvanised steel trolley for RIB (rigid inflatable boat) from 4.20 m to 5.00 m, with tractor-type hitch (drilled plate, 25 mm diameter).<\/p>\n<p>Treuil, roue jockey ref 7618<\/p>\n<p>4 rear supports adjustable in height and width.<\/p>\n<p>2 front supports adjustable in height and forward\/back position.<\/p>\n<p>Roller track, rear tipping system, stainless steel fasteners and wheel axle.<\/p>\n<p>Grosses roues ballon ref 7624ROULN, r\u00e9glage entr&rsquo;axes des roues par \u00e9triers.<\/p>\n<\/p><\/p>","protected":false},"featured_media":1847,"template":"","meta":{"_acf_changed":false,"_uag_custom_page_level_css":""},"product_brand":[430],"product_cat":[99,218],"product_tag":[425],"class_list":{"0":"post-1834","1":"product","2":"type-product","3":"status-publish","4":"has-post-thumbnail","6":"product_brand-nenuphar","7":"product_cat-tete-de-safran","8":"product_cat-vaurien","9":"product_tag-vaurien","10":"product_shipping_class-schenker","12":"first","13":"onbackorder","14":"taxable","15":"shipping-taxable","16":"purchasable","17":"product-type-simple"},"acf":[],"aioseo_notices":[],"uagb_featured_image_src":{"full":["https:\/\/www.nenuphar.com\/wp-content\/uploads\/2026\/01\/1153.jpg",239,400,false],"thumbnail":["https:\/\/www.nenuphar.com\/wp-content\/uploads\/2026\/01\/1153-150x150.jpg",150,150,true],"medium":["https:\/\/www.nenuphar.com\/wp-content\/uploads\/2026\/01\/1153-179x300.jpg",179,300,true],"medium_large":["https:\/\/www.nenuphar.com\/wp-content\/uploads\/2026\/01\/1153.jpg",239,400,false],"large":["https:\/\/www.nenuphar.com\/wp-content\/uploads\/2026\/01\/1153.jpg",239,400,false],"1536x1536":["https:\/\/www.nenuphar.com\/wp-content\/uploads\/2026\/01\/1153.jpg",239,400,false],"2048x2048":["https:\/\/www.nenuphar.com\/wp-content\/uploads\/2026\/01\/1153.jpg",239,400,false],"trp-custom-language-flag":["https:\/\/www.nenuphar.com\/wp-content\/uploads\/2026\/01\/1153.jpg",7,12,false],"woocommerce_thumbnail":["https:\/\/www.nenuphar.com\/wp-content\/uploads\/2026\/01\/1153-239x300.jpg",239,300,true],"woocommerce_single":["https:\/\/www.nenuphar.com\/wp-content\/uploads\/2026\/01\/1153.jpg",239,400,false],"woocommerce_gallery_thumbnail":["https:\/\/www.nenuphar.com\/wp-content\/uploads\/2026\/01\/1153-100x100.jpg",100,100,true]},"uagb_author_info":{"display_name":"Karine","author_link":"https:\/\/www.nenuphar.com\/en\/author\/"},"uagb_comment_info":0,"uagb_excerpt":"Chariot en acier galvanis\u00e9 pour semi rigide de 4m20 \u00e0 5m00 avec accroche type tracteur ( plaque per\u00e7\u00e9e diam\u00e8tre 25mm). Treuil, roue jockey ref 7618 4 chandelles arri\u00e8re r\u00e9glables en hauteur et largeur 2 chandelles avant r\u00e9glables en hauteur et avance-recul Chemin de rouleaux, bascule arri\u00e8re, visserie et axe de roues en inox Grosses roues&hellip;","_links":{"self":[{"href":"https:\/\/www.nenuphar.com\/en\/wp-json\/wp\/v2\/product\/1834","targetHints":{"allow":["GET"]}}],"collection":[{"href":"https:\/\/www.nenuphar.com\/en\/wp-json\/wp\/v2\/product"}],"about":[{"href":"https:\/\/www.nenuphar.com\/en\/wp-json\/wp\/v2\/types\/product"}],"wp:featuredmedia":[{"embeddable":true,"href":"https:\/\/www.nenuphar.com\/en\/wp-json\/wp\/v2\/media\/1847"}],"wp:attachment":[{"href":"https:\/\/www.nenuphar.com\/en\/wp-json\/wp\/v2\/media?parent=1834"}],"wp:term":[{"taxonomy":"product_brand","embeddable":true,"href":"https:\/\/www.nenuphar.com\/en\/wp-json\/wp\/v2\/product_brand?post=1834"},{"taxonomy":"product_cat","embeddable":true,"href":"https:\/\/www.nenuphar.com\/en\/wp-json\/wp\/v2\/product_cat?post=1834"},{"taxonomy":"product_tag","embeddable":true,"href":"https:\/\/www.nenuphar.com\/en\/wp-json\/wp\/v2\/product_tag?post=1834"}],"curies":[{"name":"wp","href":"https:\/\/api.w.org\/{rel}","templated":true}]}}