{"id":1836,"date":"2026-01-05T16:45:07","date_gmt":"2026-01-05T16:45:07","guid":{"rendered":"https:\/\/nen.kmkoncept.fr\/?post_type=product&#038;p=1836"},"modified":"2026-04-28T07:28:33","modified_gmt":"2026-04-28T07:28:33","slug":"tete-safran-420-jet-competition","status":"publish","type":"product","link":"https:\/\/www.nenuphar.com\/en\/shop\/series\/deriveurs\/420\/tete-safran-420-jet-competition\/","title":{"rendered":"420\/Jet Competition Rudder Head"},"content":{"rendered":"<p>Rudder head for 420 and Jet, made of aluminum. Designed to be used with tiller ref: 909.<\/p>\n<p>Delivered without rudder pin.<\/p>","protected":false},"excerpt":{"rendered":"<p>Rudder head for 420 or Jet . Aluminium. To be used with tiller ref 900<\/p>","protected":false},"featured_media":1849,"template":"","meta":{"_acf_changed":false,"_uag_custom_page_level_css":""},"product_brand":[],"product_cat":[186,203,99],"product_tag":[311,486],"class_list":{"0":"post-1836","1":"product","2":"type-product","3":"status-publish","4":"has-post-thumbnail","6":"product_cat-186","7":"product_cat-jet","8":"product_cat-tete-de-safran","9":"product_tag-311","10":"product_tag-jet","12":"first","13":"instock","14":"taxable","15":"shipping-taxable","16":"purchasable","17":"product-type-simple"},"acf":[],"aioseo_notices":[],"uagb_featured_image_src":{"full":["https:\/\/www.nenuphar.com\/wp-content\/uploads\/2026\/01\/1191.jpg",214,400,false],"thumbnail":["https:\/\/www.nenuphar.com\/wp-content\/uploads\/2026\/01\/1191-150x150.jpg",150,150,true],"medium":["https:\/\/www.nenuphar.com\/wp-content\/uploads\/2026\/01\/1191-161x300.jpg",161,300,true],"medium_large":["https:\/\/www.nenuphar.com\/wp-content\/uploads\/2026\/01\/1191.jpg",214,400,false],"large":["https:\/\/www.nenuphar.com\/wp-content\/uploads\/2026\/01\/1191.jpg",214,400,false],"1536x1536":["https:\/\/www.nenuphar.com\/wp-content\/uploads\/2026\/01\/1191.jpg",214,400,false],"2048x2048":["https:\/\/www.nenuphar.com\/wp-content\/uploads\/2026\/01\/1191.jpg",214,400,false],"trp-custom-language-flag":["https:\/\/www.nenuphar.com\/wp-content\/uploads\/2026\/01\/1191.jpg",6,12,false],"woocommerce_thumbnail":["https:\/\/www.nenuphar.com\/wp-content\/uploads\/2026\/01\/1191-214x300.jpg",214,300,true],"woocommerce_single":["https:\/\/www.nenuphar.com\/wp-content\/uploads\/2026\/01\/1191.jpg",214,400,false],"woocommerce_gallery_thumbnail":["https:\/\/www.nenuphar.com\/wp-content\/uploads\/2026\/01\/1191-100x100.jpg",100,100,true]},"uagb_author_info":{"display_name":"Karine","author_link":"https:\/\/www.nenuphar.com\/en\/author\/"},"uagb_comment_info":0,"uagb_excerpt":"T\u00eate de safran de 420 et de Jet en aluminium. S&rsquo;utilise avec la barre r\u00e9f: 909 Livr\u00e9e sans axe de safran.","_links":{"self":[{"href":"https:\/\/www.nenuphar.com\/en\/wp-json\/wp\/v2\/product\/1836","targetHints":{"allow":["GET"]}}],"collection":[{"href":"https:\/\/www.nenuphar.com\/en\/wp-json\/wp\/v2\/product"}],"about":[{"href":"https:\/\/www.nenuphar.com\/en\/wp-json\/wp\/v2\/types\/product"}],"wp:featuredmedia":[{"embeddable":true,"href":"https:\/\/www.nenuphar.com\/en\/wp-json\/wp\/v2\/media\/1849"}],"wp:attachment":[{"href":"https:\/\/www.nenuphar.com\/en\/wp-json\/wp\/v2\/media?parent=1836"}],"wp:term":[{"taxonomy":"product_brand","embeddable":true,"href":"https:\/\/www.nenuphar.com\/en\/wp-json\/wp\/v2\/product_brand?post=1836"},{"taxonomy":"product_cat","embeddable":true,"href":"https:\/\/www.nenuphar.com\/en\/wp-json\/wp\/v2\/product_cat?post=1836"},{"taxonomy":"product_tag","embeddable":true,"href":"https:\/\/www.nenuphar.com\/en\/wp-json\/wp\/v2\/product_tag?post=1836"}],"curies":[{"name":"wp","href":"https:\/\/api.w.org\/{rel}","templated":true}]}}