{"id":1870,"date":"2026-01-05T16:46:15","date_gmt":"2026-01-05T16:46:15","guid":{"rendered":"https:\/\/nen.kmkoncept.fr\/?post_type=product&#038;p=1870"},"modified":"2026-04-28T07:29:50","modified_gmt":"2026-04-28T07:29:50","slug":"lame-safran-laser-compatible-mousse-blanc","status":"publish","type":"product","link":"https:\/\/www.nenuphar.com\/en\/shop\/navigation\/safran\/lames-de-safran\/lame-safran-laser-compatible-mousse-blanc\/","title":{"rendered":"LASER COMPATIBLE RUDDER BLADE \u2013 WHITE FOAM"},"content":{"rendered":"<p>Laminated rudder blade \u2013 compatible with Laser.<\/p>","protected":false},"excerpt":{"rendered":"<p>Cette lame, qui se monte parfaitement dans la t\u00eate de safran d&rsquo;origine, n&rsquo;est pas autoris\u00e9e en r\u00e9gate. Son utilisation est r\u00e9serv\u00e9e:<\/p>\n<p>&#8211; aux entrainements,<\/p>\n<p>&#8211; \u00e0 une utilisation loisirs,<\/p>\n<p>&#8211; \u00e0 une utilisation en \u00e9cole de voile.<\/p>","protected":false},"featured_media":1888,"template":"","meta":{"_acf_changed":false,"_uag_custom_page_level_css":""},"product_brand":[946],"product_cat":[101],"product_tag":[],"class_list":{"0":"post-1870","1":"product","2":"type-product","3":"status-publish","4":"has-post-thumbnail","6":"product_brand-sans-marque","7":"product_cat-lames-de-safran","9":"first","10":"instock","11":"taxable","12":"shipping-taxable","13":"purchasable","14":"product-type-simple"},"acf":[],"aioseo_notices":[],"uagb_featured_image_src":{"full":["https:\/\/www.nenuphar.com\/wp-content\/uploads\/2026\/01\/2517.jpg",390,390,false],"thumbnail":["https:\/\/www.nenuphar.com\/wp-content\/uploads\/2026\/01\/2517-150x150.jpg",150,150,true],"medium":["https:\/\/www.nenuphar.com\/wp-content\/uploads\/2026\/01\/2517-300x300.jpg",300,300,true],"medium_large":["https:\/\/www.nenuphar.com\/wp-content\/uploads\/2026\/01\/2517.jpg",390,390,false],"large":["https:\/\/www.nenuphar.com\/wp-content\/uploads\/2026\/01\/2517.jpg",390,390,false],"1536x1536":["https:\/\/www.nenuphar.com\/wp-content\/uploads\/2026\/01\/2517.jpg",390,390,false],"2048x2048":["https:\/\/www.nenuphar.com\/wp-content\/uploads\/2026\/01\/2517.jpg",390,390,false],"trp-custom-language-flag":["https:\/\/www.nenuphar.com\/wp-content\/uploads\/2026\/01\/2517.jpg",12,12,false],"woocommerce_thumbnail":["https:\/\/www.nenuphar.com\/wp-content\/uploads\/2026\/01\/2517-300x300.jpg",300,300,true],"woocommerce_single":["https:\/\/www.nenuphar.com\/wp-content\/uploads\/2026\/01\/2517.jpg",390,390,false],"woocommerce_gallery_thumbnail":["https:\/\/www.nenuphar.com\/wp-content\/uploads\/2026\/01\/2517-100x100.jpg",100,100,true]},"uagb_author_info":{"display_name":"Karine","author_link":"https:\/\/www.nenuphar.com\/en\/author\/"},"uagb_comment_info":0,"uagb_excerpt":"Cette lame, qui se monte parfaitement dans la t\u00eate de safran d'origine, n'est pas autoris\u00e9e en r\u00e9gate. Son utilisation est r\u00e9serv\u00e9e: - aux entrainements, - \u00e0 une utilisation loisirs, - \u00e0 une utilisation en \u00e9cole de voile.","_links":{"self":[{"href":"https:\/\/www.nenuphar.com\/en\/wp-json\/wp\/v2\/product\/1870","targetHints":{"allow":["GET"]}}],"collection":[{"href":"https:\/\/www.nenuphar.com\/en\/wp-json\/wp\/v2\/product"}],"about":[{"href":"https:\/\/www.nenuphar.com\/en\/wp-json\/wp\/v2\/types\/product"}],"wp:featuredmedia":[{"embeddable":true,"href":"https:\/\/www.nenuphar.com\/en\/wp-json\/wp\/v2\/media\/1888"}],"wp:attachment":[{"href":"https:\/\/www.nenuphar.com\/en\/wp-json\/wp\/v2\/media?parent=1870"}],"wp:term":[{"taxonomy":"product_brand","embeddable":true,"href":"https:\/\/www.nenuphar.com\/en\/wp-json\/wp\/v2\/product_brand?post=1870"},{"taxonomy":"product_cat","embeddable":true,"href":"https:\/\/www.nenuphar.com\/en\/wp-json\/wp\/v2\/product_cat?post=1870"},{"taxonomy":"product_tag","embeddable":true,"href":"https:\/\/www.nenuphar.com\/en\/wp-json\/wp\/v2\/product_tag?post=1870"}],"curies":[{"name":"wp","href":"https:\/\/api.w.org\/{rel}","templated":true}]}}