{"id":1880,"date":"2026-01-05T16:46:16","date_gmt":"2026-01-05T16:46:16","guid":{"rendered":"https:\/\/nen.kmkoncept.fr\/?post_type=product&#038;p=1880"},"modified":"2026-04-28T07:30:31","modified_gmt":"2026-04-28T07:30:31","slug":"lame-safran-jangada-massif-verni","status":"publish","type":"product","link":"https:\/\/www.nenuphar.com\/en\/shop\/navigation\/safran\/lames-de-safran\/lame-safran-jangada-massif-verni\/","title":{"rendered":"JANGADA SOLID RUDDER BLADE \u2013 VARNISHED"},"content":{"rendered":"<p>Rudder blade for the \u201cJangada.\u201d<\/p>\n<p>Made of solid wood.<\/p>\n<p>Discontinued when stock runs out.<\/p><\/p>","protected":false},"excerpt":{"rendered":"<p>Lame de safran pour \u00ab\u00a0Jangada\u00a0\u00bb. En bois massif. Arr\u00eat apr\u00e8s \u00e9puisement du stock.<\/p>","protected":false},"featured_media":1893,"template":"","meta":{"_acf_changed":false,"_uag_custom_page_level_css":""},"product_brand":[430],"product_cat":[101],"product_tag":[],"class_list":{"0":"post-1880","1":"product","2":"type-product","3":"status-publish","4":"has-post-thumbnail","6":"product_brand-nenuphar","7":"product_cat-lames-de-safran","9":"first","10":"instock","11":"taxable","12":"shipping-taxable","13":"purchasable","14":"product-type-simple"},"acf":[],"aioseo_notices":[],"uagb_featured_image_src":{"full":["https:\/\/www.nenuphar.com\/wp-content\/uploads\/2026\/01\/2162-scaled.jpg",2560,989,false],"thumbnail":["https:\/\/www.nenuphar.com\/wp-content\/uploads\/2026\/01\/2162-150x150.jpg",150,150,true],"medium":["https:\/\/www.nenuphar.com\/wp-content\/uploads\/2026\/01\/2162-300x116.jpg",300,116,true],"medium_large":["https:\/\/www.nenuphar.com\/wp-content\/uploads\/2026\/01\/2162-768x297.jpg",768,297,true],"large":["https:\/\/www.nenuphar.com\/wp-content\/uploads\/2026\/01\/2162-1024x396.jpg",1024,396,true],"1536x1536":["https:\/\/www.nenuphar.com\/wp-content\/uploads\/2026\/01\/2162-1536x593.jpg",1536,593,true],"2048x2048":["https:\/\/www.nenuphar.com\/wp-content\/uploads\/2026\/01\/2162-2048x791.jpg",2048,791,true],"trp-custom-language-flag":["https:\/\/www.nenuphar.com\/wp-content\/uploads\/2026\/01\/2162-scaled.jpg",18,7,false],"woocommerce_thumbnail":["https:\/\/www.nenuphar.com\/wp-content\/uploads\/2026\/01\/2162-300x300.jpg",300,300,true],"woocommerce_single":["https:\/\/www.nenuphar.com\/wp-content\/uploads\/2026\/01\/2162-600x232.jpg",600,232,true],"woocommerce_gallery_thumbnail":["https:\/\/www.nenuphar.com\/wp-content\/uploads\/2026\/01\/2162-100x100.jpg",100,100,true]},"uagb_author_info":{"display_name":"Karine","author_link":"https:\/\/www.nenuphar.com\/en\/author\/"},"uagb_comment_info":0,"uagb_excerpt":"Lame de safran pour \u00ab\u00a0Jangada\u00a0\u00bb. En bois massif. Arr\u00eat apr\u00e8s \u00e9puisement du stock.","_links":{"self":[{"href":"https:\/\/www.nenuphar.com\/en\/wp-json\/wp\/v2\/product\/1880","targetHints":{"allow":["GET"]}}],"collection":[{"href":"https:\/\/www.nenuphar.com\/en\/wp-json\/wp\/v2\/product"}],"about":[{"href":"https:\/\/www.nenuphar.com\/en\/wp-json\/wp\/v2\/types\/product"}],"wp:featuredmedia":[{"embeddable":true,"href":"https:\/\/www.nenuphar.com\/en\/wp-json\/wp\/v2\/media\/1893"}],"wp:attachment":[{"href":"https:\/\/www.nenuphar.com\/en\/wp-json\/wp\/v2\/media?parent=1880"}],"wp:term":[{"taxonomy":"product_brand","embeddable":true,"href":"https:\/\/www.nenuphar.com\/en\/wp-json\/wp\/v2\/product_brand?post=1880"},{"taxonomy":"product_cat","embeddable":true,"href":"https:\/\/www.nenuphar.com\/en\/wp-json\/wp\/v2\/product_cat?post=1880"},{"taxonomy":"product_tag","embeddable":true,"href":"https:\/\/www.nenuphar.com\/en\/wp-json\/wp\/v2\/product_tag?post=1880"}],"curies":[{"name":"wp","href":"https:\/\/api.w.org\/{rel}","templated":true}]}}