{"id":1896,"date":"2026-01-05T16:48:51","date_gmt":"2026-01-05T16:48:51","guid":{"rendered":"https:\/\/nen.kmkoncept.fr\/?post_type=product&#038;p=1896"},"modified":"2026-04-28T07:28:38","modified_gmt":"2026-04-28T07:28:38","slug":"embout-de-barre-femelot-open-skiff-lunite","status":"publish","type":"product","link":"https:\/\/www.nenuphar.com\/en\/shop\/navigation\/safran\/barres\/embout-de-barre-femelot-open-skiff-lunite\/","title":{"rendered":"Tiller end \/ gudgeon fitting \u2013 Open Skiff (single unit)"},"content":{"rendered":"<p>Used as a front or rear tiller end, and as a gudgeon bushing.<\/p>\n<p>Sold individually: 2 pieces are required for one gudgeon.<\/p>","protected":false},"excerpt":{"rendered":"<p>Utilis\u00e9 comme embout de barre avant ou arri\u00e8re, et coussinet de femelot. Se vend \u00e0 l&rsquo;unit\u00e9: pour 1 femelot, il faut 2 pi\u00e8ces.<\/p>","protected":false},"featured_media":1910,"template":"","meta":{"_acf_changed":false,"_uag_custom_page_level_css":""},"product_brand":[471],"product_cat":[100],"product_tag":[],"class_list":{"0":"post-1896","1":"product","2":"type-product","3":"status-publish","4":"has-post-thumbnail","6":"product_brand-tahe","7":"product_cat-barres","9":"first","10":"onbackorder","11":"taxable","12":"shipping-taxable","13":"purchasable","14":"product-type-simple"},"acf":[],"aioseo_notices":[],"uagb_featured_image_src":{"full":["https:\/\/www.nenuphar.com\/wp-content\/uploads\/2026\/01\/4356.jpg",356,230,false],"thumbnail":["https:\/\/www.nenuphar.com\/wp-content\/uploads\/2026\/01\/4356-150x150.jpg",150,150,true],"medium":["https:\/\/www.nenuphar.com\/wp-content\/uploads\/2026\/01\/4356-300x194.jpg",300,194,true],"medium_large":["https:\/\/www.nenuphar.com\/wp-content\/uploads\/2026\/01\/4356.jpg",356,230,false],"large":["https:\/\/www.nenuphar.com\/wp-content\/uploads\/2026\/01\/4356.jpg",356,230,false],"1536x1536":["https:\/\/www.nenuphar.com\/wp-content\/uploads\/2026\/01\/4356.jpg",356,230,false],"2048x2048":["https:\/\/www.nenuphar.com\/wp-content\/uploads\/2026\/01\/4356.jpg",356,230,false],"trp-custom-language-flag":["https:\/\/www.nenuphar.com\/wp-content\/uploads\/2026\/01\/4356.jpg",18,12,false],"woocommerce_thumbnail":["https:\/\/www.nenuphar.com\/wp-content\/uploads\/2026\/01\/4356-300x230.jpg",300,230,true],"woocommerce_single":["https:\/\/www.nenuphar.com\/wp-content\/uploads\/2026\/01\/4356.jpg",356,230,false],"woocommerce_gallery_thumbnail":["https:\/\/www.nenuphar.com\/wp-content\/uploads\/2026\/01\/4356-100x100.jpg",100,100,true]},"uagb_author_info":{"display_name":"Karine","author_link":"https:\/\/www.nenuphar.com\/en\/author\/"},"uagb_comment_info":0,"uagb_excerpt":"Utilis\u00e9 comme embout de barre avant ou arri\u00e8re, et coussinet de femelot. Se vend \u00e0 l&rsquo;unit\u00e9: pour 1 femelot, il faut 2 pi\u00e8ces.","_links":{"self":[{"href":"https:\/\/www.nenuphar.com\/en\/wp-json\/wp\/v2\/product\/1896","targetHints":{"allow":["GET"]}}],"collection":[{"href":"https:\/\/www.nenuphar.com\/en\/wp-json\/wp\/v2\/product"}],"about":[{"href":"https:\/\/www.nenuphar.com\/en\/wp-json\/wp\/v2\/types\/product"}],"wp:featuredmedia":[{"embeddable":true,"href":"https:\/\/www.nenuphar.com\/en\/wp-json\/wp\/v2\/media\/1910"}],"wp:attachment":[{"href":"https:\/\/www.nenuphar.com\/en\/wp-json\/wp\/v2\/media?parent=1896"}],"wp:term":[{"taxonomy":"product_brand","embeddable":true,"href":"https:\/\/www.nenuphar.com\/en\/wp-json\/wp\/v2\/product_brand?post=1896"},{"taxonomy":"product_cat","embeddable":true,"href":"https:\/\/www.nenuphar.com\/en\/wp-json\/wp\/v2\/product_cat?post=1896"},{"taxonomy":"product_tag","embeddable":true,"href":"https:\/\/www.nenuphar.com\/en\/wp-json\/wp\/v2\/product_tag?post=1896"}],"curies":[{"name":"wp","href":"https:\/\/api.w.org\/{rel}","templated":true}]}}