{"id":1905,"date":"2026-01-05T16:48:51","date_gmt":"2026-01-05T16:48:51","guid":{"rendered":"https:\/\/nen.kmkoncept.fr\/?post_type=product&#038;p=1905"},"modified":"2026-04-28T07:29:52","modified_gmt":"2026-04-28T07:29:52","slug":"barre-caravelle-plast-frene-vernis","status":"publish","type":"product","link":"https:\/\/www.nenuphar.com\/en\/shop\/navigation\/safran\/barres\/barre-caravelle-plast-frene-vernis\/","title":{"rendered":"CARAVELLE TILLER \u2013 ASH WOOD, VARNISHED"},"content":{"rendered":"<p>Varnished wooden Caravelle tiller. Fits our rudder head, reference 30.<\/p>\n<p>Open the third photo to see the dimensions of the part that fits into the rudder head.<\/p>\n<\/p>\n<p>A= 23 mm<\/p>\n<p>B= 45 mm<\/p>\n<p>C= 165 mm<\/p>","protected":false},"excerpt":{"rendered":"<p>Barre de Caravelle en bois vernis. Se monte sur notre t\u00eate de safran r\u00e9f\u00e9rence 30. Ouvrir la troisi\u00e8me photo pour connaitre les dimensions de la partie rentrant dans la t\u00eate de safran. A= 23 mm B= 45 mm C= 165 mm<\/p>","protected":false},"featured_media":1920,"template":"","meta":{"_acf_changed":false,"_uag_custom_page_level_css":""},"product_brand":[430],"product_cat":[100,197],"product_tag":[423],"class_list":{"0":"post-1905","1":"product","2":"type-product","3":"status-publish","4":"has-post-thumbnail","6":"product_brand-nenuphar","7":"product_cat-barres","8":"product_cat-caravelle","9":"product_tag-caravelle","10":"product_shipping_class-schenker","12":"first","13":"instock","14":"taxable","15":"shipping-taxable","16":"purchasable","17":"product-type-simple"},"acf":[],"aioseo_notices":[],"uagb_featured_image_src":{"full":["https:\/\/www.nenuphar.com\/wp-content\/uploads\/2026\/01\/4764-scaled.jpg",2560,244,false],"thumbnail":["https:\/\/www.nenuphar.com\/wp-content\/uploads\/2026\/01\/4764-150x150.jpg",150,150,true],"medium":["https:\/\/www.nenuphar.com\/wp-content\/uploads\/2026\/01\/4764-300x29.jpg",300,29,true],"medium_large":["https:\/\/www.nenuphar.com\/wp-content\/uploads\/2026\/01\/4764-768x73.jpg",768,73,true],"large":["https:\/\/www.nenuphar.com\/wp-content\/uploads\/2026\/01\/4764-1024x97.jpg",1024,97,true],"1536x1536":["https:\/\/www.nenuphar.com\/wp-content\/uploads\/2026\/01\/4764-1536x146.jpg",1536,146,true],"2048x2048":["https:\/\/www.nenuphar.com\/wp-content\/uploads\/2026\/01\/4764-2048x195.jpg",2048,195,true],"trp-custom-language-flag":["https:\/\/www.nenuphar.com\/wp-content\/uploads\/2026\/01\/4764-scaled.jpg",18,2,false],"woocommerce_thumbnail":["https:\/\/www.nenuphar.com\/wp-content\/uploads\/2026\/01\/4764-300x300.jpg",300,300,true],"woocommerce_single":["https:\/\/www.nenuphar.com\/wp-content\/uploads\/2026\/01\/4764-600x57.jpg",600,57,true],"woocommerce_gallery_thumbnail":["https:\/\/www.nenuphar.com\/wp-content\/uploads\/2026\/01\/4764-100x100.jpg",100,100,true]},"uagb_author_info":{"display_name":"Karine","author_link":"https:\/\/www.nenuphar.com\/en\/author\/"},"uagb_comment_info":0,"uagb_excerpt":"Barre de Caravelle en bois vernis. Se monte sur notre t\u00eate de safran r\u00e9f\u00e9rence 30. Ouvrir la troisi\u00e8me photo pour connaitre les dimensions de la partie rentrant dans la t\u00eate de safran. A= 23 mm B= 45 mm C= 165 mm","_links":{"self":[{"href":"https:\/\/www.nenuphar.com\/en\/wp-json\/wp\/v2\/product\/1905","targetHints":{"allow":["GET"]}}],"collection":[{"href":"https:\/\/www.nenuphar.com\/en\/wp-json\/wp\/v2\/product"}],"about":[{"href":"https:\/\/www.nenuphar.com\/en\/wp-json\/wp\/v2\/types\/product"}],"wp:featuredmedia":[{"embeddable":true,"href":"https:\/\/www.nenuphar.com\/en\/wp-json\/wp\/v2\/media\/1920"}],"wp:attachment":[{"href":"https:\/\/www.nenuphar.com\/en\/wp-json\/wp\/v2\/media?parent=1905"}],"wp:term":[{"taxonomy":"product_brand","embeddable":true,"href":"https:\/\/www.nenuphar.com\/en\/wp-json\/wp\/v2\/product_brand?post=1905"},{"taxonomy":"product_cat","embeddable":true,"href":"https:\/\/www.nenuphar.com\/en\/wp-json\/wp\/v2\/product_cat?post=1905"},{"taxonomy":"product_tag","embeddable":true,"href":"https:\/\/www.nenuphar.com\/en\/wp-json\/wp\/v2\/product_tag?post=1905"}],"curies":[{"name":"wp","href":"https:\/\/api.w.org\/{rel}","templated":true}]}}