{"id":1935,"date":"2026-01-05T16:54:05","date_gmt":"2026-01-05T16:54:05","guid":{"rendered":"https:\/\/nen.kmkoncept.fr\/?post_type=product&#038;p=1935"},"modified":"2026-04-28T07:28:08","modified_gmt":"2026-04-28T07:28:08","slug":"stick-telescopique-croiseur","status":"publish","type":"product","link":"https:\/\/www.nenuphar.com\/en\/shop\/navigation\/safran\/sticks\/stick-telescopique-croiseur\/","title":{"rendered":"ECONOMIC KEELBOAT TILLER EXTENSION WITH HANDLE"},"content":{"rendered":"<p>Stick t\u00e9lescopique \u00e0 poign\u00e9e \u00e9conomique pour croiseur.( 4 r\u00e9glages )<\/p>\n<p>T\u00e9lescopique de 75 cm \u00e0 1m05 par cliquet. Le tube est de couleur noire ou dor\u00e9e.<\/p>","protected":false},"excerpt":{"rendered":"<p>Telescopic tiller extension with handle 75 cm --&gt; 1m05. If you wish to order a clip for the tiller, please choose ref 226 available for 20 mm to 25 mm TE<\/p>","protected":false},"featured_media":1961,"template":"","meta":{"_acf_changed":false,"_uag_custom_page_level_css":""},"product_brand":[430],"product_cat":[106],"product_tag":[],"class_list":{"0":"post-1935","1":"product","2":"type-product","3":"status-publish","4":"has-post-thumbnail","6":"product_brand-nenuphar","7":"product_cat-sticks","9":"first","10":"instock","11":"taxable","12":"shipping-taxable","13":"purchasable","14":"product-type-simple"},"acf":[],"aioseo_notices":[],"uagb_featured_image_src":{"full":["https:\/\/www.nenuphar.com\/wp-content\/uploads\/2026\/01\/5572-scaled.jpg",2560,608,false],"thumbnail":["https:\/\/www.nenuphar.com\/wp-content\/uploads\/2026\/01\/5572-150x150.jpg",150,150,true],"medium":["https:\/\/www.nenuphar.com\/wp-content\/uploads\/2026\/01\/5572-300x71.jpg",300,71,true],"medium_large":["https:\/\/www.nenuphar.com\/wp-content\/uploads\/2026\/01\/5572-768x182.jpg",768,182,true],"large":["https:\/\/www.nenuphar.com\/wp-content\/uploads\/2026\/01\/5572-1024x243.jpg",1024,243,true],"1536x1536":["https:\/\/www.nenuphar.com\/wp-content\/uploads\/2026\/01\/5572-1536x365.jpg",1536,365,true],"2048x2048":["https:\/\/www.nenuphar.com\/wp-content\/uploads\/2026\/01\/5572-2048x486.jpg",2048,486,true],"trp-custom-language-flag":["https:\/\/www.nenuphar.com\/wp-content\/uploads\/2026\/01\/5572-scaled.jpg",18,4,false],"woocommerce_thumbnail":["https:\/\/www.nenuphar.com\/wp-content\/uploads\/2026\/01\/5572-300x300.jpg",300,300,true],"woocommerce_single":["https:\/\/www.nenuphar.com\/wp-content\/uploads\/2026\/01\/5572-600x142.jpg",600,142,true],"woocommerce_gallery_thumbnail":["https:\/\/www.nenuphar.com\/wp-content\/uploads\/2026\/01\/5572-100x100.jpg",100,100,true]},"uagb_author_info":{"display_name":"Karine","author_link":"https:\/\/www.nenuphar.com\/en\/author\/"},"uagb_comment_info":0,"uagb_excerpt":"Stick t\u00e9lescopique \u00e0 poign\u00e9e \u00e9conomique pour croiseur.( 4 r\u00e9glages ) T\u00e9lescopique de 75 cm \u00e0 1m05 par cliquet. Le tube est de couleur noire ou dor\u00e9e.","_links":{"self":[{"href":"https:\/\/www.nenuphar.com\/en\/wp-json\/wp\/v2\/product\/1935","targetHints":{"allow":["GET"]}}],"collection":[{"href":"https:\/\/www.nenuphar.com\/en\/wp-json\/wp\/v2\/product"}],"about":[{"href":"https:\/\/www.nenuphar.com\/en\/wp-json\/wp\/v2\/types\/product"}],"wp:featuredmedia":[{"embeddable":true,"href":"https:\/\/www.nenuphar.com\/en\/wp-json\/wp\/v2\/media\/1961"}],"wp:attachment":[{"href":"https:\/\/www.nenuphar.com\/en\/wp-json\/wp\/v2\/media?parent=1935"}],"wp:term":[{"taxonomy":"product_brand","embeddable":true,"href":"https:\/\/www.nenuphar.com\/en\/wp-json\/wp\/v2\/product_brand?post=1935"},{"taxonomy":"product_cat","embeddable":true,"href":"https:\/\/www.nenuphar.com\/en\/wp-json\/wp\/v2\/product_cat?post=1935"},{"taxonomy":"product_tag","embeddable":true,"href":"https:\/\/www.nenuphar.com\/en\/wp-json\/wp\/v2\/product_tag?post=1935"}],"curies":[{"name":"wp","href":"https:\/\/api.w.org\/{rel}","templated":true}]}}