{"id":1936,"date":"2026-01-05T16:54:05","date_gmt":"2026-01-05T16:54:05","guid":{"rendered":"https:\/\/nen.kmkoncept.fr\/?post_type=product&#038;p=1936"},"modified":"2026-04-28T07:28:08","modified_gmt":"2026-04-28T07:28:08","slug":"stick-telescopique-articulation-souple","status":"publish","type":"product","link":"https:\/\/www.nenuphar.com\/en\/shop\/navigation\/safran\/sticks\/stick-telescopique-articulation-souple\/","title":{"rendered":"STICK TELESCOPIQUE &#8211; ARTICULATION SOUPLE"},"content":{"rendered":"<p>Stick t\u00e9lescopique \u00e0 poign\u00e9e 75 cm -&gt; 105 cm, avec articulation souple.<\/p>\n<p>If you wish to purchase the tiller clip, please make sure to choose clip reference 226 for sticks between 20 and 25 mm.<\/p>\n<\/p>\n<p>promo\/ 1 seul exemplaire, neuf mais l\u00e9g\u00e8rement ray\u00e9.<\/p>","protected":false},"excerpt":{"rendered":"<p>Stick t\u00e9lescopique \u00e0 poign\u00e9e 75 cm -&gt; 105 cm, avec articulation souple. Si vous souhaitez acheter le clips de barre, prenez bien le clips r\u00e9f 226 pour sticks entre 20 et 25 mm promo\/ 1 seul exemplaire, neuf mais l\u00e9g\u00e8rement ray\u00e9.<\/p>","protected":false},"featured_media":1967,"template":"","meta":{"_acf_changed":false,"_uag_custom_page_level_css":""},"product_brand":[430],"product_cat":[106],"product_tag":[],"class_list":{"0":"post-1936","1":"product","2":"type-product","3":"status-publish","4":"has-post-thumbnail","6":"product_brand-nenuphar","7":"product_cat-sticks","8":"product_shipping_class-schenker","10":"first","11":"onbackorder","12":"taxable","13":"shipping-taxable","14":"purchasable","15":"product-type-simple"},"acf":[],"aioseo_notices":[],"uagb_featured_image_src":{"full":["https:\/\/www.nenuphar.com\/wp-content\/uploads\/2026\/01\/5061-scaled.jpg",2560,625,false],"thumbnail":["https:\/\/www.nenuphar.com\/wp-content\/uploads\/2026\/01\/5061-150x150.jpg",150,150,true],"medium":["https:\/\/www.nenuphar.com\/wp-content\/uploads\/2026\/01\/5061-300x73.jpg",300,73,true],"medium_large":["https:\/\/www.nenuphar.com\/wp-content\/uploads\/2026\/01\/5061-768x188.jpg",768,188,true],"large":["https:\/\/www.nenuphar.com\/wp-content\/uploads\/2026\/01\/5061-1024x250.jpg",1024,250,true],"1536x1536":["https:\/\/www.nenuphar.com\/wp-content\/uploads\/2026\/01\/5061-1536x375.jpg",1536,375,true],"2048x2048":["https:\/\/www.nenuphar.com\/wp-content\/uploads\/2026\/01\/5061-2048x500.jpg",2048,500,true],"trp-custom-language-flag":["https:\/\/www.nenuphar.com\/wp-content\/uploads\/2026\/01\/5061-scaled.jpg",18,4,false],"woocommerce_thumbnail":["https:\/\/www.nenuphar.com\/wp-content\/uploads\/2026\/01\/5061-300x300.jpg",300,300,true],"woocommerce_single":["https:\/\/www.nenuphar.com\/wp-content\/uploads\/2026\/01\/5061-600x147.jpg",600,147,true],"woocommerce_gallery_thumbnail":["https:\/\/www.nenuphar.com\/wp-content\/uploads\/2026\/01\/5061-100x100.jpg",100,100,true]},"uagb_author_info":{"display_name":"Karine","author_link":"https:\/\/www.nenuphar.com\/en\/author\/"},"uagb_comment_info":0,"uagb_excerpt":"Stick t\u00e9lescopique \u00e0 poign\u00e9e 75 cm -&gt; 105 cm, avec articulation souple. Si vous souhaitez acheter le clips de barre, prenez bien le clips r\u00e9f 226 pour sticks entre 20 et 25 mm promo\/ 1 seul exemplaire, neuf mais l\u00e9g\u00e8rement ray\u00e9.","_links":{"self":[{"href":"https:\/\/www.nenuphar.com\/en\/wp-json\/wp\/v2\/product\/1936","targetHints":{"allow":["GET"]}}],"collection":[{"href":"https:\/\/www.nenuphar.com\/en\/wp-json\/wp\/v2\/product"}],"about":[{"href":"https:\/\/www.nenuphar.com\/en\/wp-json\/wp\/v2\/types\/product"}],"wp:featuredmedia":[{"embeddable":true,"href":"https:\/\/www.nenuphar.com\/en\/wp-json\/wp\/v2\/media\/1967"}],"wp:attachment":[{"href":"https:\/\/www.nenuphar.com\/en\/wp-json\/wp\/v2\/media?parent=1936"}],"wp:term":[{"taxonomy":"product_brand","embeddable":true,"href":"https:\/\/www.nenuphar.com\/en\/wp-json\/wp\/v2\/product_brand?post=1936"},{"taxonomy":"product_cat","embeddable":true,"href":"https:\/\/www.nenuphar.com\/en\/wp-json\/wp\/v2\/product_cat?post=1936"},{"taxonomy":"product_tag","embeddable":true,"href":"https:\/\/www.nenuphar.com\/en\/wp-json\/wp\/v2\/product_tag?post=1936"}],"curies":[{"name":"wp","href":"https:\/\/api.w.org\/{rel}","templated":true}]}}