{"id":1942,"date":"2026-01-05T16:54:05","date_gmt":"2026-01-05T16:54:05","guid":{"rendered":"https:\/\/nen.kmkoncept.fr\/?post_type=product&#038;p=1942"},"modified":"2026-04-28T07:30:45","modified_gmt":"2026-04-28T07:30:45","slug":"stick-alu-1m30-mousse-longue-art-souple-demontable","status":"publish","type":"product","link":"https:\/\/www.nenuphar.com\/en\/shop\/navigation\/safran\/sticks\/stick-alu-1m30-mousse-longue-art-souple-demontable\/","title":{"rendered":"Aluminium tiller extension 1.30 m, long foam grip, flexible joint, detachable."},"content":{"rendered":"<p>Clear or black anodised aluminium stick (choose colour).<\/p>\n<p>Longueur 1m30<\/p>\n<p>Detachable flexible joint with safety cord<\/p>\n<p>Long foam handle \u2013 70 cm<\/p>","protected":false},"excerpt":{"rendered":"<p>Stick alu incolore ou noir (choisir la couleur) Longueur 1m30 Articulation souple d\u00e9montable avec cordage de s\u00e9curit\u00e9 Poign\u00e9e mousse longue 70 cm<\/p>","protected":false},"featured_media":1974,"template":"","meta":{"_acf_changed":false,"_uag_custom_page_level_css":""},"product_brand":[430],"product_cat":[106],"product_tag":[],"class_list":{"0":"post-1942","1":"product","2":"type-product","3":"status-publish","4":"has-post-thumbnail","6":"product_brand-nenuphar","7":"product_cat-sticks","9":"first","10":"instock","11":"taxable","12":"shipping-taxable","13":"purchasable","14":"product-type-variable"},"acf":[],"aioseo_notices":[],"uagb_featured_image_src":{"full":["https:\/\/www.nenuphar.com\/wp-content\/uploads\/2026\/01\/5073.jpg",400,41,false],"thumbnail":["https:\/\/www.nenuphar.com\/wp-content\/uploads\/2026\/01\/5073-150x41.jpg",150,41,true],"medium":["https:\/\/www.nenuphar.com\/wp-content\/uploads\/2026\/01\/5073-300x31.jpg",300,31,true],"medium_large":["https:\/\/www.nenuphar.com\/wp-content\/uploads\/2026\/01\/5073.jpg",400,41,false],"large":["https:\/\/www.nenuphar.com\/wp-content\/uploads\/2026\/01\/5073.jpg",400,41,false],"1536x1536":["https:\/\/www.nenuphar.com\/wp-content\/uploads\/2026\/01\/5073.jpg",400,41,false],"2048x2048":["https:\/\/www.nenuphar.com\/wp-content\/uploads\/2026\/01\/5073.jpg",400,41,false],"trp-custom-language-flag":["https:\/\/www.nenuphar.com\/wp-content\/uploads\/2026\/01\/5073.jpg",18,2,false],"woocommerce_thumbnail":["https:\/\/www.nenuphar.com\/wp-content\/uploads\/2026\/01\/5073-300x41.jpg",300,41,true],"woocommerce_single":["https:\/\/www.nenuphar.com\/wp-content\/uploads\/2026\/01\/5073.jpg",400,41,false],"woocommerce_gallery_thumbnail":["https:\/\/www.nenuphar.com\/wp-content\/uploads\/2026\/01\/5073-100x41.jpg",100,41,true]},"uagb_author_info":{"display_name":"Karine","author_link":"https:\/\/www.nenuphar.com\/en\/author\/"},"uagb_comment_info":0,"uagb_excerpt":"Stick alu incolore ou noir (choisir la couleur) Longueur 1m30 Articulation souple d\u00e9montable avec cordage de s\u00e9curit\u00e9 Poign\u00e9e mousse longue 70 cm","_links":{"self":[{"href":"https:\/\/www.nenuphar.com\/en\/wp-json\/wp\/v2\/product\/1942","targetHints":{"allow":["GET"]}}],"collection":[{"href":"https:\/\/www.nenuphar.com\/en\/wp-json\/wp\/v2\/product"}],"about":[{"href":"https:\/\/www.nenuphar.com\/en\/wp-json\/wp\/v2\/types\/product"}],"wp:featuredmedia":[{"embeddable":true,"href":"https:\/\/www.nenuphar.com\/en\/wp-json\/wp\/v2\/media\/1974"}],"wp:attachment":[{"href":"https:\/\/www.nenuphar.com\/en\/wp-json\/wp\/v2\/media?parent=1942"}],"wp:term":[{"taxonomy":"product_brand","embeddable":true,"href":"https:\/\/www.nenuphar.com\/en\/wp-json\/wp\/v2\/product_brand?post=1942"},{"taxonomy":"product_cat","embeddable":true,"href":"https:\/\/www.nenuphar.com\/en\/wp-json\/wp\/v2\/product_cat?post=1942"},{"taxonomy":"product_tag","embeddable":true,"href":"https:\/\/www.nenuphar.com\/en\/wp-json\/wp\/v2\/product_tag?post=1942"}],"curies":[{"name":"wp","href":"https:\/\/api.w.org\/{rel}","templated":true}]}}