{"id":1948,"date":"2026-01-05T16:54:05","date_gmt":"2026-01-05T16:54:05","guid":{"rendered":"https:\/\/nen.kmkoncept.fr\/?post_type=product&#038;p=1948"},"modified":"2026-04-28T07:30:50","modified_gmt":"2026-04-28T07:30:50","slug":"stick-alu-1-2m-golf-souple-demontable","status":"publish","type":"product","link":"https:\/\/www.nenuphar.com\/en\/shop\/navigation\/safran\/sticks\/stick-alu-1-2m-golf-souple-demontable\/","title":{"rendered":"STICK ALU 1.2M\/GOLF\/SOUPLE DEMONTABLE- INCOLORE"},"content":{"rendered":"<p>Stick alu anodis\u00e9 incolore ou noir au choix<\/p>\n<p>Longueur 1m20<\/p>\n<p>Detachable flexible joint with safety cord<\/p>\n<p>GOLF HANDLE<\/p>","protected":false},"excerpt":{"rendered":"<p>Aluminium tiller extension. Choose color grey or black Golf handle removable tiller join with safety rope Lenght: 1m20<\/p>","protected":false},"featured_media":1981,"template":"","meta":{"_acf_changed":false,"_uag_custom_page_level_css":""},"product_brand":[430],"product_cat":[106],"product_tag":[],"class_list":{"0":"post-1948","1":"product","2":"type-product","3":"status-publish","4":"has-post-thumbnail","6":"product_brand-nenuphar","7":"product_cat-sticks","9":"first","10":"onbackorder","11":"taxable","12":"shipping-taxable","13":"purchasable","14":"product-type-variable"},"acf":[],"aioseo_notices":[],"uagb_featured_image_src":{"full":["https:\/\/www.nenuphar.com\/wp-content\/uploads\/2026\/01\/5067.jpg",400,44,false],"thumbnail":["https:\/\/www.nenuphar.com\/wp-content\/uploads\/2026\/01\/5067-150x44.jpg",150,44,true],"medium":["https:\/\/www.nenuphar.com\/wp-content\/uploads\/2026\/01\/5067-300x33.jpg",300,33,true],"medium_large":["https:\/\/www.nenuphar.com\/wp-content\/uploads\/2026\/01\/5067.jpg",400,44,false],"large":["https:\/\/www.nenuphar.com\/wp-content\/uploads\/2026\/01\/5067.jpg",400,44,false],"1536x1536":["https:\/\/www.nenuphar.com\/wp-content\/uploads\/2026\/01\/5067.jpg",400,44,false],"2048x2048":["https:\/\/www.nenuphar.com\/wp-content\/uploads\/2026\/01\/5067.jpg",400,44,false],"trp-custom-language-flag":["https:\/\/www.nenuphar.com\/wp-content\/uploads\/2026\/01\/5067.jpg",18,2,false],"woocommerce_thumbnail":["https:\/\/www.nenuphar.com\/wp-content\/uploads\/2026\/01\/5067-300x44.jpg",300,44,true],"woocommerce_single":["https:\/\/www.nenuphar.com\/wp-content\/uploads\/2026\/01\/5067.jpg",400,44,false],"woocommerce_gallery_thumbnail":["https:\/\/www.nenuphar.com\/wp-content\/uploads\/2026\/01\/5067-100x44.jpg",100,44,true]},"uagb_author_info":{"display_name":"Karine","author_link":"https:\/\/www.nenuphar.com\/en\/author\/"},"uagb_comment_info":0,"uagb_excerpt":"Stick alu anodis\u00e9 incolore ou noir au choix Longueur 1m20 Articulation souple d\u00e9montable avec cordage de s\u00e9curit\u00e9 Poign\u00e9e golf","_links":{"self":[{"href":"https:\/\/www.nenuphar.com\/en\/wp-json\/wp\/v2\/product\/1948","targetHints":{"allow":["GET"]}}],"collection":[{"href":"https:\/\/www.nenuphar.com\/en\/wp-json\/wp\/v2\/product"}],"about":[{"href":"https:\/\/www.nenuphar.com\/en\/wp-json\/wp\/v2\/types\/product"}],"wp:featuredmedia":[{"embeddable":true,"href":"https:\/\/www.nenuphar.com\/en\/wp-json\/wp\/v2\/media\/1981"}],"wp:attachment":[{"href":"https:\/\/www.nenuphar.com\/en\/wp-json\/wp\/v2\/media?parent=1948"}],"wp:term":[{"taxonomy":"product_brand","embeddable":true,"href":"https:\/\/www.nenuphar.com\/en\/wp-json\/wp\/v2\/product_brand?post=1948"},{"taxonomy":"product_cat","embeddable":true,"href":"https:\/\/www.nenuphar.com\/en\/wp-json\/wp\/v2\/product_cat?post=1948"},{"taxonomy":"product_tag","embeddable":true,"href":"https:\/\/www.nenuphar.com\/en\/wp-json\/wp\/v2\/product_tag?post=1948"}],"curies":[{"name":"wp","href":"https:\/\/api.w.org\/{rel}","templated":true}]}}