{"id":1949,"date":"2026-01-05T16:54:05","date_gmt":"2026-01-05T16:54:05","guid":{"rendered":"https:\/\/nen.kmkoncept.fr\/?post_type=product&#038;p=1949"},"modified":"2026-04-28T07:30:50","modified_gmt":"2026-04-28T07:30:50","slug":"stick-carbone-epoxy-d24-souple-demontable","status":"publish","type":"product","link":"https:\/\/www.nenuphar.com\/en\/shop\/navigation\/safran\/sticks\/stick-carbone-epoxy-d24-souple-demontable\/","title":{"rendered":"TILLER EXTENSION CARBON D25MM"},"content":{"rendered":"<p>Stick en carbone epoxy , diam\u00e8tre ext\u00e9rieur 24 mm, muni d&rsquo;une articulation souple d\u00e9montable, arm\u00e9e d&rsquo;un bout .<\/p>\n<p>Plusieurs longueurs sont disponibles en standard.<\/p>","protected":false},"excerpt":{"rendered":"<p>Son diam\u00e8tre de 24 mm lui permet une tr\u00e8s bonne prise en main, malgr\u00e9 son aspect lisse il pr\u00e9sente une excellente accroche , qui \u00e9vite la crispation des doigts quand on navigue longtemps, et son articulation souple de tr\u00e8s bonne facture, avec son bout moul\u00e9 dans la partie souple, son prix avantageux, en font un stick de r\u00e9f\u00e9rence.<\/p>\n<p>Nous sommes fabricants: nous pouvons r\u00e9aliser des sticks \u00e0 vos longueurs sp\u00e9cifiques.<\/p>","protected":false},"featured_media":1982,"template":"","meta":{"_acf_changed":false,"_uag_custom_page_level_css":""},"product_brand":[430],"product_cat":[106],"product_tag":[],"class_list":{"0":"post-1949","1":"product","2":"type-product","3":"status-publish","4":"has-post-thumbnail","6":"product_brand-nenuphar","7":"product_cat-sticks","9":"first","10":"instock","11":"taxable","12":"shipping-taxable","13":"purchasable","14":"product-type-variable"},"acf":[],"aioseo_notices":[],"uagb_featured_image_src":{"full":["https:\/\/www.nenuphar.com\/wp-content\/uploads\/2026\/01\/1241.jpg",400,44,false],"thumbnail":["https:\/\/www.nenuphar.com\/wp-content\/uploads\/2026\/01\/1241-150x44.jpg",150,44,true],"medium":["https:\/\/www.nenuphar.com\/wp-content\/uploads\/2026\/01\/1241-300x33.jpg",300,33,true],"medium_large":["https:\/\/www.nenuphar.com\/wp-content\/uploads\/2026\/01\/1241.jpg",400,44,false],"large":["https:\/\/www.nenuphar.com\/wp-content\/uploads\/2026\/01\/1241.jpg",400,44,false],"1536x1536":["https:\/\/www.nenuphar.com\/wp-content\/uploads\/2026\/01\/1241.jpg",400,44,false],"2048x2048":["https:\/\/www.nenuphar.com\/wp-content\/uploads\/2026\/01\/1241.jpg",400,44,false],"trp-custom-language-flag":["https:\/\/www.nenuphar.com\/wp-content\/uploads\/2026\/01\/1241.jpg",18,2,false],"woocommerce_thumbnail":["https:\/\/www.nenuphar.com\/wp-content\/uploads\/2026\/01\/1241-300x44.jpg",300,44,true],"woocommerce_single":["https:\/\/www.nenuphar.com\/wp-content\/uploads\/2026\/01\/1241.jpg",400,44,false],"woocommerce_gallery_thumbnail":["https:\/\/www.nenuphar.com\/wp-content\/uploads\/2026\/01\/1241-100x44.jpg",100,44,true]},"uagb_author_info":{"display_name":"Karine","author_link":"https:\/\/www.nenuphar.com\/en\/author\/"},"uagb_comment_info":0,"uagb_excerpt":"Son diam\u00e8tre de 24 mm lui permet une tr\u00e8s bonne prise en main, malgr\u00e9 son aspect lisse il pr\u00e9sente une excellente accroche , qui \u00e9vite la crispation des doigts quand on navigue longtemps, et son articulation souple de tr\u00e8s bonne facture, avec son bout moul\u00e9 dans la partie souple, son prix avantageux, en font un&hellip;","_links":{"self":[{"href":"https:\/\/www.nenuphar.com\/en\/wp-json\/wp\/v2\/product\/1949","targetHints":{"allow":["GET"]}}],"collection":[{"href":"https:\/\/www.nenuphar.com\/en\/wp-json\/wp\/v2\/product"}],"about":[{"href":"https:\/\/www.nenuphar.com\/en\/wp-json\/wp\/v2\/types\/product"}],"wp:featuredmedia":[{"embeddable":true,"href":"https:\/\/www.nenuphar.com\/en\/wp-json\/wp\/v2\/media\/1982"}],"wp:attachment":[{"href":"https:\/\/www.nenuphar.com\/en\/wp-json\/wp\/v2\/media?parent=1949"}],"wp:term":[{"taxonomy":"product_brand","embeddable":true,"href":"https:\/\/www.nenuphar.com\/en\/wp-json\/wp\/v2\/product_brand?post=1949"},{"taxonomy":"product_cat","embeddable":true,"href":"https:\/\/www.nenuphar.com\/en\/wp-json\/wp\/v2\/product_cat?post=1949"},{"taxonomy":"product_tag","embeddable":true,"href":"https:\/\/www.nenuphar.com\/en\/wp-json\/wp\/v2\/product_tag?post=1949"}],"curies":[{"name":"wp","href":"https:\/\/api.w.org\/{rel}","templated":true}]}}