{"id":2029,"date":"2026-01-05T17:01:19","date_gmt":"2026-01-05T17:01:19","guid":{"rendered":"https:\/\/nen.kmkoncept.fr\/?post_type=product&#038;p=2029"},"modified":"2026-04-28T07:30:42","modified_gmt":"2026-04-28T07:30:42","slug":"aiguillot-inox-lg-35mm-inverse-d-10mm","status":"publish","type":"product","link":"https:\/\/www.nenuphar.com\/en\/shop\/navigation\/voiles\/aiguillot-inox-lg-35mm-inverse-d-10mm\/","title":{"rendered":"Sail number H300 \u2013 Black \u2013 0"},"content":{"rendered":"<p>Sail number, 300 mm height, compliant with class rules for most dinghies (except Optimist, Equipe, Laser 4.7) and Micros.<\/p>\n<p>In the \u201cvideo\u201d tab, find a tutorial on applying sail numbers on a Laser Standard MK2 sail and on a Laser Radial sail.<\/p>","protected":false},"excerpt":{"rendered":"<p>Num\u00e9ro de voile hauteur 300 mm, \u00e0 la jauge pour la plupart des d\u00e9riveurs (sauf Optimist, Equipe, Laser 4.7) et les Micros. Dans l&rsquo;onglet \u00ab\u00a0vid\u00e9o\u00a0\u00bb retrouvez un tuto sur la pose des num\u00e9ros dans une voile de Laser standard MK2 et dans une voile de Laser radial<\/p>","protected":false},"featured_media":4840,"template":"","meta":{"_acf_changed":false,"_uag_custom_page_level_css":""},"product_brand":[430],"product_cat":[23],"product_tag":[],"class_list":{"0":"post-2029","1":"product","2":"type-product","3":"status-publish","4":"has-post-thumbnail","6":"product_brand-nenuphar","7":"product_cat-voiles","9":"first","10":"instock","11":"taxable","12":"shipping-taxable","13":"purchasable","14":"product-type-variable"},"acf":[],"aioseo_notices":[],"uagb_featured_image_src":{"full":["https:\/\/www.nenuphar.com\/wp-content\/uploads\/2026\/01\/1848.jpg",152,152,false],"thumbnail":["https:\/\/www.nenuphar.com\/wp-content\/uploads\/2026\/01\/1848-150x150.jpg",150,150,true],"medium":["https:\/\/www.nenuphar.com\/wp-content\/uploads\/2026\/01\/1848.jpg",152,152,false],"medium_large":["https:\/\/www.nenuphar.com\/wp-content\/uploads\/2026\/01\/1848.jpg",152,152,false],"large":["https:\/\/www.nenuphar.com\/wp-content\/uploads\/2026\/01\/1848.jpg",152,152,false],"1536x1536":["https:\/\/www.nenuphar.com\/wp-content\/uploads\/2026\/01\/1848.jpg",152,152,false],"2048x2048":["https:\/\/www.nenuphar.com\/wp-content\/uploads\/2026\/01\/1848.jpg",152,152,false],"trp-custom-language-flag":["https:\/\/www.nenuphar.com\/wp-content\/uploads\/2026\/01\/1848.jpg",12,12,false],"woocommerce_thumbnail":["https:\/\/www.nenuphar.com\/wp-content\/uploads\/2026\/01\/1848.jpg",152,152,false],"woocommerce_single":["https:\/\/www.nenuphar.com\/wp-content\/uploads\/2026\/01\/1848.jpg",152,152,false],"woocommerce_gallery_thumbnail":["https:\/\/www.nenuphar.com\/wp-content\/uploads\/2026\/01\/1848-100x100.jpg",100,100,true]},"uagb_author_info":{"display_name":"Karine","author_link":"https:\/\/www.nenuphar.com\/en\/author\/"},"uagb_comment_info":0,"uagb_excerpt":"Num\u00e9ro de voile hauteur 300 mm, \u00e0 la jauge pour la plupart des d\u00e9riveurs (sauf Optimist, Equipe, Laser 4.7) et les Micros. Dans l&rsquo;onglet \u00ab\u00a0vid\u00e9o\u00a0\u00bb retrouvez un tuto sur la pose des num\u00e9ros dans une voile de Laser standard MK2 et dans une voile de Laser radial","_links":{"self":[{"href":"https:\/\/www.nenuphar.com\/en\/wp-json\/wp\/v2\/product\/2029","targetHints":{"allow":["GET"]}}],"collection":[{"href":"https:\/\/www.nenuphar.com\/en\/wp-json\/wp\/v2\/product"}],"about":[{"href":"https:\/\/www.nenuphar.com\/en\/wp-json\/wp\/v2\/types\/product"}],"wp:featuredmedia":[{"embeddable":true,"href":"https:\/\/www.nenuphar.com\/en\/wp-json\/wp\/v2\/media\/4840"}],"wp:attachment":[{"href":"https:\/\/www.nenuphar.com\/en\/wp-json\/wp\/v2\/media?parent=2029"}],"wp:term":[{"taxonomy":"product_brand","embeddable":true,"href":"https:\/\/www.nenuphar.com\/en\/wp-json\/wp\/v2\/product_brand?post=2029"},{"taxonomy":"product_cat","embeddable":true,"href":"https:\/\/www.nenuphar.com\/en\/wp-json\/wp\/v2\/product_cat?post=2029"},{"taxonomy":"product_tag","embeddable":true,"href":"https:\/\/www.nenuphar.com\/en\/wp-json\/wp\/v2\/product_tag?post=2029"}],"curies":[{"name":"wp","href":"https:\/\/api.w.org\/{rel}","templated":true}]}}