{"id":2101,"date":"2026-01-05T17:05:07","date_gmt":"2026-01-05T17:05:07","guid":{"rendered":"https:\/\/nen.kmkoncept.fr\/?post_type=product&#038;p=2101"},"modified":"2026-04-28T07:29:49","modified_gmt":"2026-04-28T07:29:49","slug":"derive-420-cp-verni-12-plis","status":"publish","type":"product","link":"https:\/\/www.nenuphar.com\/en\/shop\/series\/deriveurs\/420\/derive-420-cp-verni-12-plis\/","title":{"rendered":"420 PLYWOOD CENTERBOARD"},"content":{"rendered":"<p>D\u00e9rive de 420 en CP bouleau vernis.<\/p>\n<p>Axe non perc\u00e9.<\/p>\n<p>Convient \u00e0 tous les 420.<\/p><\/p>","protected":false},"excerpt":{"rendered":"<p>Centerboard for 420 . In varnished plywood. Axle hole non drilled. This centerboard is ok for all 420<\/p>","protected":false},"featured_media":2115,"template":"","meta":{"_acf_changed":false,"_uag_custom_page_level_css":""},"product_brand":[430],"product_cat":[186,15],"product_tag":[311],"class_list":{"0":"post-2101","1":"product","2":"type-product","3":"status-publish","4":"has-post-thumbnail","6":"product_brand-nenuphar","7":"product_cat-186","8":"product_cat-non-classe","9":"product_tag-311","10":"product_shipping_class-schenker","12":"first","13":"instock","14":"taxable","15":"shipping-taxable","16":"purchasable","17":"product-type-simple"},"acf":[],"aioseo_notices":[],"uagb_featured_image_src":{"full":["https:\/\/www.nenuphar.com\/wp-content\/uploads\/2026\/01\/2170-scaled.jpg",2560,1246,false],"thumbnail":["https:\/\/www.nenuphar.com\/wp-content\/uploads\/2026\/01\/2170-150x150.jpg",150,150,true],"medium":["https:\/\/www.nenuphar.com\/wp-content\/uploads\/2026\/01\/2170-300x146.jpg",300,146,true],"medium_large":["https:\/\/www.nenuphar.com\/wp-content\/uploads\/2026\/01\/2170-768x374.jpg",768,374,true],"large":["https:\/\/www.nenuphar.com\/wp-content\/uploads\/2026\/01\/2170-1024x499.jpg",1024,499,true],"1536x1536":["https:\/\/www.nenuphar.com\/wp-content\/uploads\/2026\/01\/2170-1536x748.jpg",1536,748,true],"2048x2048":["https:\/\/www.nenuphar.com\/wp-content\/uploads\/2026\/01\/2170-2048x997.jpg",2048,997,true],"trp-custom-language-flag":["https:\/\/www.nenuphar.com\/wp-content\/uploads\/2026\/01\/2170-scaled.jpg",18,9,false],"woocommerce_thumbnail":["https:\/\/www.nenuphar.com\/wp-content\/uploads\/2026\/01\/2170-300x300.jpg",300,300,true],"woocommerce_single":["https:\/\/www.nenuphar.com\/wp-content\/uploads\/2026\/01\/2170-600x292.jpg",600,292,true],"woocommerce_gallery_thumbnail":["https:\/\/www.nenuphar.com\/wp-content\/uploads\/2026\/01\/2170-100x100.jpg",100,100,true]},"uagb_author_info":{"display_name":"Karine","author_link":"https:\/\/www.nenuphar.com\/en\/author\/"},"uagb_comment_info":0,"uagb_excerpt":"D\u00e9rive de 420 en CP bouleau vernis. Axe non perc\u00e9. Convient \u00e0 tous les 420.","_links":{"self":[{"href":"https:\/\/www.nenuphar.com\/en\/wp-json\/wp\/v2\/product\/2101","targetHints":{"allow":["GET"]}}],"collection":[{"href":"https:\/\/www.nenuphar.com\/en\/wp-json\/wp\/v2\/product"}],"about":[{"href":"https:\/\/www.nenuphar.com\/en\/wp-json\/wp\/v2\/types\/product"}],"wp:featuredmedia":[{"embeddable":true,"href":"https:\/\/www.nenuphar.com\/en\/wp-json\/wp\/v2\/media\/2115"}],"wp:attachment":[{"href":"https:\/\/www.nenuphar.com\/en\/wp-json\/wp\/v2\/media?parent=2101"}],"wp:term":[{"taxonomy":"product_brand","embeddable":true,"href":"https:\/\/www.nenuphar.com\/en\/wp-json\/wp\/v2\/product_brand?post=2101"},{"taxonomy":"product_cat","embeddable":true,"href":"https:\/\/www.nenuphar.com\/en\/wp-json\/wp\/v2\/product_cat?post=2101"},{"taxonomy":"product_tag","embeddable":true,"href":"https:\/\/www.nenuphar.com\/en\/wp-json\/wp\/v2\/product_tag?post=2101"}],"curies":[{"name":"wp","href":"https:\/\/api.w.org\/{rel}","templated":true}]}}