{"id":2102,"date":"2026-01-05T17:05:07","date_gmt":"2026-01-05T17:05:07","guid":{"rendered":"https:\/\/nen.kmkoncept.fr\/?post_type=product&#038;p=2102"},"modified":"2026-04-28T07:29:49","modified_gmt":"2026-04-28T07:29:49","slug":"derive-470-cp-verni-12-plis","status":"publish","type":"product","link":"https:\/\/www.nenuphar.com\/en\/shop\/series\/deriveurs\/470\/derive-470-cp-verni-12-plis\/","title":{"rendered":"470 PLYWOOD CENTERBOARD"},"content":{"rendered":"<p>D\u00e9rive de 470 en CP bouleau vernis.<\/p>\n<p>Cette d\u00e9rive est livr\u00e9e sans per\u00e7age afin de pouvoir \u00eatre mont\u00e9e dans n&rsquo;importe quelle marque de 470.<\/p>","protected":false},"excerpt":{"rendered":"<p>Centerboard for 470. In varnished plywood. Delivered without hole, to be fitted in all 470 builds.<\/p>","protected":false},"featured_media":2116,"template":"","meta":{"_acf_changed":false,"_uag_custom_page_level_css":""},"product_brand":[430],"product_cat":[188,15],"product_tag":[424],"class_list":{"0":"post-2102","1":"product","2":"type-product","3":"status-publish","4":"has-post-thumbnail","6":"product_brand-nenuphar","7":"product_cat-188","8":"product_cat-non-classe","9":"product_tag-424","10":"product_shipping_class-schenker","12":"first","13":"instock","14":"taxable","15":"shipping-taxable","16":"purchasable","17":"product-type-simple"},"acf":[],"aioseo_notices":[],"uagb_featured_image_src":{"full":["https:\/\/www.nenuphar.com\/wp-content\/uploads\/2026\/01\/2169-scaled.jpg",2560,1216,false],"thumbnail":["https:\/\/www.nenuphar.com\/wp-content\/uploads\/2026\/01\/2169-150x150.jpg",150,150,true],"medium":["https:\/\/www.nenuphar.com\/wp-content\/uploads\/2026\/01\/2169-300x143.jpg",300,143,true],"medium_large":["https:\/\/www.nenuphar.com\/wp-content\/uploads\/2026\/01\/2169-768x365.jpg",768,365,true],"large":["https:\/\/www.nenuphar.com\/wp-content\/uploads\/2026\/01\/2169-1024x486.jpg",1024,486,true],"1536x1536":["https:\/\/www.nenuphar.com\/wp-content\/uploads\/2026\/01\/2169-1536x730.jpg",1536,730,true],"2048x2048":["https:\/\/www.nenuphar.com\/wp-content\/uploads\/2026\/01\/2169-2048x973.jpg",2048,973,true],"trp-custom-language-flag":["https:\/\/www.nenuphar.com\/wp-content\/uploads\/2026\/01\/2169-scaled.jpg",18,9,false],"woocommerce_thumbnail":["https:\/\/www.nenuphar.com\/wp-content\/uploads\/2026\/01\/2169-300x300.jpg",300,300,true],"woocommerce_single":["https:\/\/www.nenuphar.com\/wp-content\/uploads\/2026\/01\/2169-600x285.jpg",600,285,true],"woocommerce_gallery_thumbnail":["https:\/\/www.nenuphar.com\/wp-content\/uploads\/2026\/01\/2169-100x100.jpg",100,100,true]},"uagb_author_info":{"display_name":"Karine","author_link":"https:\/\/www.nenuphar.com\/en\/author\/"},"uagb_comment_info":0,"uagb_excerpt":"D\u00e9rive de 470 en CP bouleau vernis. Cette d\u00e9rive est livr\u00e9e sans per\u00e7age afin de pouvoir \u00eatre mont\u00e9e dans n&rsquo;importe quelle marque de 470.","_links":{"self":[{"href":"https:\/\/www.nenuphar.com\/en\/wp-json\/wp\/v2\/product\/2102","targetHints":{"allow":["GET"]}}],"collection":[{"href":"https:\/\/www.nenuphar.com\/en\/wp-json\/wp\/v2\/product"}],"about":[{"href":"https:\/\/www.nenuphar.com\/en\/wp-json\/wp\/v2\/types\/product"}],"wp:featuredmedia":[{"embeddable":true,"href":"https:\/\/www.nenuphar.com\/en\/wp-json\/wp\/v2\/media\/2116"}],"wp:attachment":[{"href":"https:\/\/www.nenuphar.com\/en\/wp-json\/wp\/v2\/media?parent=2102"}],"wp:term":[{"taxonomy":"product_brand","embeddable":true,"href":"https:\/\/www.nenuphar.com\/en\/wp-json\/wp\/v2\/product_brand?post=2102"},{"taxonomy":"product_cat","embeddable":true,"href":"https:\/\/www.nenuphar.com\/en\/wp-json\/wp\/v2\/product_cat?post=2102"},{"taxonomy":"product_tag","embeddable":true,"href":"https:\/\/www.nenuphar.com\/en\/wp-json\/wp\/v2\/product_tag?post=2102"}],"curies":[{"name":"wp","href":"https:\/\/api.w.org\/{rel}","templated":true}]}}