{"id":2113,"date":"2026-01-05T17:05:07","date_gmt":"2026-01-05T17:05:07","guid":{"rendered":"https:\/\/nen.kmkoncept.fr\/?post_type=product&#038;p=2113"},"modified":"2026-04-28T07:29:51","modified_gmt":"2026-04-28T07:29:51","slug":"derive-laser-compatible-non-homologuee","status":"publish","type":"product","link":"https:\/\/www.nenuphar.com\/en\/shop\/non-classe\/derive-laser-compatible-non-homologuee\/","title":{"rendered":"DERIVE LASER\ufffd COMPATIBLE &#8211; MOUSSEE NON HOMOLOGUEE"},"content":{"rendered":"<p>D\u00e9rive compatible pour Laser.<\/p>\n<p>Non utilisable en r\u00e9gate. Mat\u00e9riel compatible id\u00e9al en utilisation \u00e9cole, loisirs.<\/p>","protected":false},"excerpt":{"rendered":"<p>Laser\u00ae is a registered trademark of Velum Limited and Performance Sailcraft Australia Ltd. N\u00e9nuphar SA is completely independent from Velum Limited, Laser Performance Limited, and Performance Sailcraft Australia Ltd.<\/p>","protected":false},"featured_media":2124,"template":"","meta":{"_acf_changed":false,"_uag_custom_page_level_css":""},"product_brand":[946],"product_cat":[15],"product_tag":[],"class_list":{"0":"post-2113","1":"product","2":"type-product","3":"status-publish","4":"has-post-thumbnail","6":"product_brand-sans-marque","7":"product_cat-non-classe","8":"product_shipping_class-schenker","10":"first","11":"onbackorder","12":"taxable","13":"shipping-taxable","14":"purchasable","15":"product-type-simple"},"acf":[],"aioseo_notices":[],"uagb_featured_image_src":{"full":["https:\/\/www.nenuphar.com\/wp-content\/uploads\/2026\/01\/4163.jpg",143,400,false],"thumbnail":["https:\/\/www.nenuphar.com\/wp-content\/uploads\/2026\/01\/4163-143x150.jpg",143,150,true],"medium":["https:\/\/www.nenuphar.com\/wp-content\/uploads\/2026\/01\/4163-107x300.jpg",107,300,true],"medium_large":["https:\/\/www.nenuphar.com\/wp-content\/uploads\/2026\/01\/4163.jpg",143,400,false],"large":["https:\/\/www.nenuphar.com\/wp-content\/uploads\/2026\/01\/4163.jpg",143,400,false],"1536x1536":["https:\/\/www.nenuphar.com\/wp-content\/uploads\/2026\/01\/4163.jpg",143,400,false],"2048x2048":["https:\/\/www.nenuphar.com\/wp-content\/uploads\/2026\/01\/4163.jpg",143,400,false],"trp-custom-language-flag":["https:\/\/www.nenuphar.com\/wp-content\/uploads\/2026\/01\/4163.jpg",4,12,false],"woocommerce_thumbnail":["https:\/\/www.nenuphar.com\/wp-content\/uploads\/2026\/01\/4163-143x300.jpg",143,300,true],"woocommerce_single":["https:\/\/www.nenuphar.com\/wp-content\/uploads\/2026\/01\/4163.jpg",143,400,false],"woocommerce_gallery_thumbnail":["https:\/\/www.nenuphar.com\/wp-content\/uploads\/2026\/01\/4163-100x100.jpg",100,100,true]},"uagb_author_info":{"display_name":"Karine","author_link":"https:\/\/www.nenuphar.com\/en\/author\/"},"uagb_comment_info":0,"uagb_excerpt":"Laser\u00ae est une marque d\u00e9pos\u00e9e de Velum limited et Performance Sailcraft Australia Ltd. N\u00e9nuphar SA est totalement ind\u00e9pendant de Velum limited, de Laser Performance Limited et de Performance Sailcraft Australia Ltd.","_links":{"self":[{"href":"https:\/\/www.nenuphar.com\/en\/wp-json\/wp\/v2\/product\/2113","targetHints":{"allow":["GET"]}}],"collection":[{"href":"https:\/\/www.nenuphar.com\/en\/wp-json\/wp\/v2\/product"}],"about":[{"href":"https:\/\/www.nenuphar.com\/en\/wp-json\/wp\/v2\/types\/product"}],"wp:featuredmedia":[{"embeddable":true,"href":"https:\/\/www.nenuphar.com\/en\/wp-json\/wp\/v2\/media\/2124"}],"wp:attachment":[{"href":"https:\/\/www.nenuphar.com\/en\/wp-json\/wp\/v2\/media?parent=2113"}],"wp:term":[{"taxonomy":"product_brand","embeddable":true,"href":"https:\/\/www.nenuphar.com\/en\/wp-json\/wp\/v2\/product_brand?post=2113"},{"taxonomy":"product_cat","embeddable":true,"href":"https:\/\/www.nenuphar.com\/en\/wp-json\/wp\/v2\/product_cat?post=2113"},{"taxonomy":"product_tag","embeddable":true,"href":"https:\/\/www.nenuphar.com\/en\/wp-json\/wp\/v2\/product_tag?post=2113"}],"curies":[{"name":"wp","href":"https:\/\/api.w.org\/{rel}","templated":true}]}}