{"id":2126,"date":"2026-01-05T17:07:38","date_gmt":"2026-01-05T17:07:38","guid":{"rendered":"https:\/\/nen.kmkoncept.fr\/?post_type=product&#038;p=2126"},"modified":"2026-04-28T14:30:52","modified_gmt":"2026-04-28T14:30:52","slug":"levres-derive-la-paire","status":"publish","type":"product","link":"https:\/\/www.nenuphar.com\/en\/shop\/series\/deriveurs\/420\/levres-derive-la-paire\/","title":{"rendered":"RUBBER 420 SLOT GASKETS - BY PAIR"},"content":{"rendered":"<p>L\u00e8vres de d\u00e9rive vendue par paire. Dimension d&rsquo;une demi-l\u00e8vre: en largeur partie souple: 20 mm (\u00e9paisseur 1,5 mm) , partie rigide: 17 mm (\u00e9paisseur 5 mm) longueur r\u00e9f 10308 : 129,5 cm 10308L 149,5 cm<\/p>\n<p>Choisissez votre r\u00e9f\u00e9rence:<\/p>\n<p>10308 : 420 Lanaverre<\/p>\n<p>10308L: 470 etc&#8230;<\/p>","protected":false},"excerpt":{"rendered":"<p>L\u00e8vres de d\u00e9rive vendue par paire. Dimension d&rsquo;une demi-l\u00e8vre: en largeur partie souple: 20 mm (\u00e9paisseur 1,5 mm) , partie rigide: 17 mm (\u00e9paisseur 5 mm) longueur r\u00e9f 10308 : 129,5 cm 10308L 149,5 cm Choisissez votre r\u00e9f\u00e9rence: 10308 : 420 Lanaverre 10308L: 470 etc&#8230;<\/p>","protected":false},"featured_media":2131,"template":"","meta":{"_acf_changed":false,"_uag_custom_page_level_css":""},"product_brand":[],"product_cat":[186,103],"product_tag":[],"class_list":{"0":"post-2126","1":"product","2":"type-product","3":"status-publish","4":"has-post-thumbnail","6":"product_cat-186","7":"product_cat-levres-de-derive","9":"first","10":"instock","11":"taxable","12":"shipping-taxable","13":"purchasable","14":"product-type-variable"},"acf":[],"aioseo_notices":[],"uagb_featured_image_src":{"full":["https:\/\/www.nenuphar.com\/wp-content\/uploads\/2026\/01\/484.jpg",663,400,false],"thumbnail":["https:\/\/www.nenuphar.com\/wp-content\/uploads\/2026\/01\/484-150x150.jpg",150,150,true],"medium":["https:\/\/www.nenuphar.com\/wp-content\/uploads\/2026\/01\/484-300x181.jpg",300,181,true],"medium_large":["https:\/\/www.nenuphar.com\/wp-content\/uploads\/2026\/01\/484.jpg",663,400,false],"large":["https:\/\/www.nenuphar.com\/wp-content\/uploads\/2026\/01\/484.jpg",663,400,false],"1536x1536":["https:\/\/www.nenuphar.com\/wp-content\/uploads\/2026\/01\/484.jpg",663,400,false],"2048x2048":["https:\/\/www.nenuphar.com\/wp-content\/uploads\/2026\/01\/484.jpg",663,400,false],"trp-custom-language-flag":["https:\/\/www.nenuphar.com\/wp-content\/uploads\/2026\/01\/484.jpg",18,12,false],"woocommerce_thumbnail":["https:\/\/www.nenuphar.com\/wp-content\/uploads\/2026\/01\/484-300x300.jpg",300,300,true],"woocommerce_single":["https:\/\/www.nenuphar.com\/wp-content\/uploads\/2026\/01\/484-600x362.jpg",600,362,true],"woocommerce_gallery_thumbnail":["https:\/\/www.nenuphar.com\/wp-content\/uploads\/2026\/01\/484-100x100.jpg",100,100,true]},"uagb_author_info":{"display_name":"Karine","author_link":"https:\/\/www.nenuphar.com\/en\/author\/"},"uagb_comment_info":0,"uagb_excerpt":"L\u00e8vres de d\u00e9rive vendue par paire. Dimension d&rsquo;une demi-l\u00e8vre: en largeur partie souple: 20 mm (\u00e9paisseur 1,5 mm) , partie rigide: 17 mm (\u00e9paisseur 5 mm) longueur r\u00e9f 10308 : 129,5 cm 10308L 149,5 cm Choisissez votre r\u00e9f\u00e9rence: 10308 : 420 Lanaverre 10308L: 470 etc&#8230;","_links":{"self":[{"href":"https:\/\/www.nenuphar.com\/en\/wp-json\/wp\/v2\/product\/2126","targetHints":{"allow":["GET"]}}],"collection":[{"href":"https:\/\/www.nenuphar.com\/en\/wp-json\/wp\/v2\/product"}],"about":[{"href":"https:\/\/www.nenuphar.com\/en\/wp-json\/wp\/v2\/types\/product"}],"wp:featuredmedia":[{"embeddable":true,"href":"https:\/\/www.nenuphar.com\/en\/wp-json\/wp\/v2\/media\/2131"}],"wp:attachment":[{"href":"https:\/\/www.nenuphar.com\/en\/wp-json\/wp\/v2\/media?parent=2126"}],"wp:term":[{"taxonomy":"product_brand","embeddable":true,"href":"https:\/\/www.nenuphar.com\/en\/wp-json\/wp\/v2\/product_brand?post=2126"},{"taxonomy":"product_cat","embeddable":true,"href":"https:\/\/www.nenuphar.com\/en\/wp-json\/wp\/v2\/product_cat?post=2126"},{"taxonomy":"product_tag","embeddable":true,"href":"https:\/\/www.nenuphar.com\/en\/wp-json\/wp\/v2\/product_tag?post=2126"}],"curies":[{"name":"wp","href":"https:\/\/api.w.org\/{rel}","templated":true}]}}