{"id":2128,"date":"2026-01-05T17:07:38","date_gmt":"2026-01-05T17:07:38","guid":{"rendered":"https:\/\/nen.kmkoncept.fr\/?post_type=product&#038;p=2128"},"modified":"2026-04-29T13:34:17","modified_gmt":"2026-04-29T13:34:17","slug":"levre-derive-toilee-au-ml","status":"publish","type":"product","link":"https:\/\/www.nenuphar.com\/en\/shop\/navigation\/safran\/levres-de-derive\/levre-derive-toilee-au-ml\/","title":{"rendered":"MYLAR REINFORCED SLOT GASKET"},"content":{"rendered":"<p>Taped Mylar daggerboard lip, single-sided, 50, 75, or 150 mm width. Installation using neoprene adhesive.<\/p>\n<p>Thickness approximately 0.8 mm.<\/p>\n<p>Bonding with neoprene gel adhesive.<\/p>","protected":false},"excerpt":{"rendered":"<p>Recommended fixing method is by bonding. Best results are obtained using a contact adhesive such as neoprene glue.<br \/>\nOther possible adhesives include: neoprene adhesive and polyurethane adhesive for wooden boats. For composite boats, it is recommended to test the adhesive first; if it does not work, epoxy adhesives are always suitable.<\/p>\n<p>Procedure using neoprene adhesive: (subject to the specifications provided by the adhesive manufacturer)<br \/>\n\u2013 Cut a strip equal to the length of the daggerboard case, plus 125 mm at each end.<br \/>\n\u2013 Round off the corners of the lip using a pair of scissors.<br \/>\n\u2013 Prepare the ends of the lip to be fitted.<br \/>\n\u2013 Cut two small lips, making sure to round them off. These small lips will overlap the main lip at each end.<br \/>\n\u2013 Position the main lip on the hull and hold it in place using tape at each end.<br \/>\nUsing a grease pencil, mark the outline of the area to be bonded.<br \/>\nFor better bonding, it is recommended to lightly sand the hull using sandpaper.<br \/>\n\u2013 Apply adhesive to both surfaces (hull and lip). Make sure the glue is applied in a thin layer and fully covers all bonding areas.<br \/>\n\u2013 When the adhesive is touch-dry, join the two glued surfaces. Using a cloth, press the lip onto the hull to avoid air bubbles.<br \/>\n\u2013 Using a cutter, cut the installed lip along the length of the daggerboard case. It is not necessary to make a hole at each end.<br \/>\n\u2013 Clean off any excess adhesive.<\/p>\n<p>This lip is very durable and does not tear under normal use. The period during which the lip is folded by the daggerboard when it is lowered is significantly shorter than when the daggerboard is raised.<\/p>\n<p>Happy fitting!<\/p>","protected":false},"featured_media":2134,"template":"","meta":{"_acf_changed":false,"_uag_custom_page_level_css":""},"product_brand":[],"product_cat":[103],"product_tag":[],"class_list":{"0":"post-2128","1":"product","2":"type-product","3":"status-publish","4":"has-post-thumbnail","6":"product_cat-levres-de-derive","8":"first","9":"instock","10":"taxable","11":"shipping-taxable","12":"purchasable","13":"product-type-variable"},"acf":[],"aioseo_notices":[],"uagb_featured_image_src":{"full":["https:\/\/www.nenuphar.com\/wp-content\/uploads\/2026\/01\/640.jpg",565,400,false],"thumbnail":["https:\/\/www.nenuphar.com\/wp-content\/uploads\/2026\/01\/640-150x150.jpg",150,150,true],"medium":["https:\/\/www.nenuphar.com\/wp-content\/uploads\/2026\/01\/640-300x212.jpg",300,212,true],"medium_large":["https:\/\/www.nenuphar.com\/wp-content\/uploads\/2026\/01\/640.jpg",565,400,false],"large":["https:\/\/www.nenuphar.com\/wp-content\/uploads\/2026\/01\/640.jpg",565,400,false],"1536x1536":["https:\/\/www.nenuphar.com\/wp-content\/uploads\/2026\/01\/640.jpg",565,400,false],"2048x2048":["https:\/\/www.nenuphar.com\/wp-content\/uploads\/2026\/01\/640.jpg",565,400,false],"trp-custom-language-flag":["https:\/\/www.nenuphar.com\/wp-content\/uploads\/2026\/01\/640.jpg",18,12,false],"woocommerce_thumbnail":["https:\/\/www.nenuphar.com\/wp-content\/uploads\/2026\/01\/640-300x300.jpg",300,300,true],"woocommerce_single":["https:\/\/www.nenuphar.com\/wp-content\/uploads\/2026\/01\/640.jpg",565,400,false],"woocommerce_gallery_thumbnail":["https:\/\/www.nenuphar.com\/wp-content\/uploads\/2026\/01\/640-100x100.jpg",100,100,true]},"uagb_author_info":{"display_name":"Karine","author_link":"https:\/\/www.nenuphar.com\/en\/author\/"},"uagb_comment_info":0,"uagb_excerpt":"La fixation conseill\u00e9e est par collage. Les meilleurs r\u00e9sultats sont obtenus avec une colle contact type n\u00e9opr\u00e8ne. Les autres collages possibles sont: colle n\u00e9opr\u00e8ne, colle polyur\u00e9thane pour les bateaux en bois. Pour les bateaux en composite, il est pr\u00e9f\u00e9rable de tester la colle, si celle-ci ne fonctionne pas, les colles epoxy sont toujours adapt\u00e9es. Proc\u00e9dure&hellip;","_links":{"self":[{"href":"https:\/\/www.nenuphar.com\/en\/wp-json\/wp\/v2\/product\/2128","targetHints":{"allow":["GET"]}}],"collection":[{"href":"https:\/\/www.nenuphar.com\/en\/wp-json\/wp\/v2\/product"}],"about":[{"href":"https:\/\/www.nenuphar.com\/en\/wp-json\/wp\/v2\/types\/product"}],"wp:featuredmedia":[{"embeddable":true,"href":"https:\/\/www.nenuphar.com\/en\/wp-json\/wp\/v2\/media\/2134"}],"wp:attachment":[{"href":"https:\/\/www.nenuphar.com\/en\/wp-json\/wp\/v2\/media?parent=2128"}],"wp:term":[{"taxonomy":"product_brand","embeddable":true,"href":"https:\/\/www.nenuphar.com\/en\/wp-json\/wp\/v2\/product_brand?post=2128"},{"taxonomy":"product_cat","embeddable":true,"href":"https:\/\/www.nenuphar.com\/en\/wp-json\/wp\/v2\/product_cat?post=2128"},{"taxonomy":"product_tag","embeddable":true,"href":"https:\/\/www.nenuphar.com\/en\/wp-json\/wp\/v2\/product_tag?post=2128"}],"curies":[{"name":"wp","href":"https:\/\/api.w.org\/{rel}","templated":true}]}}