{"id":2141,"date":"2026-01-05T17:10:56","date_gmt":"2026-01-05T17:10:56","guid":{"rendered":"https:\/\/nen.kmkoncept.fr\/?post_type=product&#038;p=2141"},"modified":"2026-04-29T13:42:15","modified_gmt":"2026-04-29T13:42:15","slug":"trapeze-ecole-choisissez-votre-taille","status":"publish","type":"product","link":"https:\/\/www.nenuphar.com\/en\/shop\/navigation\/ceinture-de-trapeze\/trapeze-ecole-choisissez-votre-taille\/","title":{"rendered":"TRAPEZE ECOLE"},"content":{"rendered":"<p>Ceinture de trap\u00e8ze \u00e9cole ou loisirs<\/p>\n<p>Fabriqu\u00e9 en France. Solide et pratique. Gros renfort sur les fesses. Plaque inox r\u00e9glable en hauteur. S&rsquo;adapte facilement \u00e0 diff\u00e9rents gabarits. Mousse \u00e0 cellules ferm\u00e9es. Conseill\u00e9 pour l&rsquo;\u00e9cole et l&rsquo;initiation. En nylon enduit anti-d\u00e9chirure. 2 boucles clic-clac pour un habillage tr\u00e8s rapide.Id\u00e9al pour les collectivit\u00e9s.<\/p>","protected":false},"excerpt":{"rendered":"<p>Gros renfort sur les fesses. Plaque inox r\u00e9glable en hauteur. S&rsquo;adapte facilement \u00e0 diff\u00e9rents gabarits. Mousse \u00e0 cellules ferm\u00e9es. Conseill\u00e9 pour l&rsquo;\u00e9cole et l&rsquo;initiation. En nylon enduit anti-d\u00e9chirure. 2 boucles clic-clac pour un habillage tr\u00e8s rapide.Id\u00e9al pour les collectivit\u00e9s.<\/p>","protected":false},"featured_media":2157,"template":"","meta":{"_acf_changed":false,"_uag_custom_page_level_css":""},"product_brand":[430],"product_cat":[29],"product_tag":[],"class_list":{"0":"post-2141","1":"product","2":"type-product","3":"status-publish","4":"has-post-thumbnail","6":"product_brand-nenuphar","7":"product_cat-ceinture-de-trapeze","9":"first","10":"instock","11":"taxable","12":"shipping-taxable","13":"purchasable","14":"product-type-variable"},"acf":[],"aioseo_notices":[],"uagb_featured_image_src":{"full":["https:\/\/www.nenuphar.com\/wp-content\/uploads\/2026\/01\/931.jpg",267,400,false],"thumbnail":["https:\/\/www.nenuphar.com\/wp-content\/uploads\/2026\/01\/931-150x150.jpg",150,150,true],"medium":["https:\/\/www.nenuphar.com\/wp-content\/uploads\/2026\/01\/931-200x300.jpg",200,300,true],"medium_large":["https:\/\/www.nenuphar.com\/wp-content\/uploads\/2026\/01\/931.jpg",267,400,false],"large":["https:\/\/www.nenuphar.com\/wp-content\/uploads\/2026\/01\/931.jpg",267,400,false],"1536x1536":["https:\/\/www.nenuphar.com\/wp-content\/uploads\/2026\/01\/931.jpg",267,400,false],"2048x2048":["https:\/\/www.nenuphar.com\/wp-content\/uploads\/2026\/01\/931.jpg",267,400,false],"trp-custom-language-flag":["https:\/\/www.nenuphar.com\/wp-content\/uploads\/2026\/01\/931.jpg",8,12,false],"woocommerce_thumbnail":["https:\/\/www.nenuphar.com\/wp-content\/uploads\/2026\/01\/931-267x300.jpg",267,300,true],"woocommerce_single":["https:\/\/www.nenuphar.com\/wp-content\/uploads\/2026\/01\/931.jpg",267,400,false],"woocommerce_gallery_thumbnail":["https:\/\/www.nenuphar.com\/wp-content\/uploads\/2026\/01\/931-100x100.jpg",100,100,true]},"uagb_author_info":{"display_name":"Karine","author_link":"https:\/\/www.nenuphar.com\/en\/author\/"},"uagb_comment_info":0,"uagb_excerpt":"Gros renfort sur les fesses. Plaque inox r\u00e9glable en hauteur. S'adapte facilement \u00e0 diff\u00e9rents gabarits. Mousse \u00e0 cellules ferm\u00e9es. Conseill\u00e9 pour l'\u00e9cole et l'initiation. En nylon enduit anti-d\u00e9chirure. 2 boucles clic-clac pour un habillage tr\u00e8s rapide.Id\u00e9al pour les collectivit\u00e9s.","_links":{"self":[{"href":"https:\/\/www.nenuphar.com\/en\/wp-json\/wp\/v2\/product\/2141","targetHints":{"allow":["GET"]}}],"collection":[{"href":"https:\/\/www.nenuphar.com\/en\/wp-json\/wp\/v2\/product"}],"about":[{"href":"https:\/\/www.nenuphar.com\/en\/wp-json\/wp\/v2\/types\/product"}],"wp:featuredmedia":[{"embeddable":true,"href":"https:\/\/www.nenuphar.com\/en\/wp-json\/wp\/v2\/media\/2157"}],"wp:attachment":[{"href":"https:\/\/www.nenuphar.com\/en\/wp-json\/wp\/v2\/media?parent=2141"}],"wp:term":[{"taxonomy":"product_brand","embeddable":true,"href":"https:\/\/www.nenuphar.com\/en\/wp-json\/wp\/v2\/product_brand?post=2141"},{"taxonomy":"product_cat","embeddable":true,"href":"https:\/\/www.nenuphar.com\/en\/wp-json\/wp\/v2\/product_cat?post=2141"},{"taxonomy":"product_tag","embeddable":true,"href":"https:\/\/www.nenuphar.com\/en\/wp-json\/wp\/v2\/product_tag?post=2141"}],"curies":[{"name":"wp","href":"https:\/\/api.w.org\/{rel}","templated":true}]}}