{"id":2146,"date":"2026-01-05T17:10:56","date_gmt":"2026-01-05T17:10:56","guid":{"rendered":"https:\/\/nen.kmkoncept.fr\/?post_type=product&#038;p=2146"},"modified":"2026-04-28T07:27:36","modified_gmt":"2026-04-28T07:27:36","slug":"trapeze-culotte","status":"publish","type":"product","link":"https:\/\/www.nenuphar.com\/en\/shop\/navigation\/ceinture-de-trapeze\/trapeze-culotte\/","title":{"rendered":"TRAPEZE CULOTTE TAILLE UNIQUE"},"content":{"rendered":"<p>Trap\u00e8ze culotte <\/p>\n<p>Fabriqu\u00e9 en France. Taille universelle. Culotte simple. Facile \u00e0 enfiler et \u00e0 r\u00e9gler. R\u00e9glage du creux lombaire par sangle. Sangles sous-cutales r\u00e9glables pour les cuisses.Un bon choix pour un barreur de cata, ou pour la balade d&rsquo;une heure ou deux.<\/p>","protected":false},"excerpt":{"rendered":"<p>Taille Universelle.<\/p>","protected":false},"featured_media":2168,"template":"","meta":{"_acf_changed":false,"_uag_custom_page_level_css":""},"product_brand":[430],"product_cat":[29],"product_tag":[],"class_list":{"0":"post-2146","1":"product","2":"type-product","3":"status-publish","4":"has-post-thumbnail","6":"product_brand-nenuphar","7":"product_cat-ceinture-de-trapeze","9":"first","10":"instock","11":"taxable","12":"shipping-taxable","13":"purchasable","14":"product-type-simple"},"acf":[],"aioseo_notices":[],"uagb_featured_image_src":{"full":["https:\/\/www.nenuphar.com\/wp-content\/uploads\/2026\/01\/952.jpg",267,400,false],"thumbnail":["https:\/\/www.nenuphar.com\/wp-content\/uploads\/2026\/01\/952-150x150.jpg",150,150,true],"medium":["https:\/\/www.nenuphar.com\/wp-content\/uploads\/2026\/01\/952-200x300.jpg",200,300,true],"medium_large":["https:\/\/www.nenuphar.com\/wp-content\/uploads\/2026\/01\/952.jpg",267,400,false],"large":["https:\/\/www.nenuphar.com\/wp-content\/uploads\/2026\/01\/952.jpg",267,400,false],"1536x1536":["https:\/\/www.nenuphar.com\/wp-content\/uploads\/2026\/01\/952.jpg",267,400,false],"2048x2048":["https:\/\/www.nenuphar.com\/wp-content\/uploads\/2026\/01\/952.jpg",267,400,false],"trp-custom-language-flag":["https:\/\/www.nenuphar.com\/wp-content\/uploads\/2026\/01\/952.jpg",8,12,false],"woocommerce_thumbnail":["https:\/\/www.nenuphar.com\/wp-content\/uploads\/2026\/01\/952-267x300.jpg",267,300,true],"woocommerce_single":["https:\/\/www.nenuphar.com\/wp-content\/uploads\/2026\/01\/952.jpg",267,400,false],"woocommerce_gallery_thumbnail":["https:\/\/www.nenuphar.com\/wp-content\/uploads\/2026\/01\/952-100x100.jpg",100,100,true]},"uagb_author_info":{"display_name":"Karine","author_link":"https:\/\/www.nenuphar.com\/en\/author\/"},"uagb_comment_info":0,"uagb_excerpt":"Taille Universelle.","_links":{"self":[{"href":"https:\/\/www.nenuphar.com\/en\/wp-json\/wp\/v2\/product\/2146","targetHints":{"allow":["GET"]}}],"collection":[{"href":"https:\/\/www.nenuphar.com\/en\/wp-json\/wp\/v2\/product"}],"about":[{"href":"https:\/\/www.nenuphar.com\/en\/wp-json\/wp\/v2\/types\/product"}],"wp:featuredmedia":[{"embeddable":true,"href":"https:\/\/www.nenuphar.com\/en\/wp-json\/wp\/v2\/media\/2168"}],"wp:attachment":[{"href":"https:\/\/www.nenuphar.com\/en\/wp-json\/wp\/v2\/media?parent=2146"}],"wp:term":[{"taxonomy":"product_brand","embeddable":true,"href":"https:\/\/www.nenuphar.com\/en\/wp-json\/wp\/v2\/product_brand?post=2146"},{"taxonomy":"product_cat","embeddable":true,"href":"https:\/\/www.nenuphar.com\/en\/wp-json\/wp\/v2\/product_cat?post=2146"},{"taxonomy":"product_tag","embeddable":true,"href":"https:\/\/www.nenuphar.com\/en\/wp-json\/wp\/v2\/product_tag?post=2146"}],"curies":[{"name":"wp","href":"https:\/\/api.w.org\/{rel}","templated":true}]}}