{"id":2147,"date":"2026-01-05T17:10:56","date_gmt":"2026-01-05T17:10:56","guid":{"rendered":"https:\/\/nen.kmkoncept.fr\/?post_type=product&#038;p=2147"},"modified":"2026-04-28T07:30:41","modified_gmt":"2026-04-28T07:30:41","slug":"trapeze-emeraude-plaque-large","status":"publish","type":"product","link":"https:\/\/www.nenuphar.com\/en\/shop\/navigation\/ceinture-de-trapeze\/trapeze-emeraude-plaque-large\/","title":{"rendered":"EMERAUDE TRAPEZE HARNESS WITH WIDE HOOK PLATE"},"content":{"rendered":"<p>Harnais de trap\u00e8ze gamme performances.<\/p>\n<p>Compression des hanches limit\u00e9e par la plaque large inox. Forme tr\u00e8s enveloppante dans le dos. Rembourage par mousse 6mm. R\u00e9glage de tour de cuisses par une sangle et un passant plastique.R\u00e9glage de hauteur de plaque par sangle et chicane. R\u00e9glages de ceinture et d&rsquo;\u00e9paule par sangle et boucle clic clac.<\/p>\n<p>Choisissez votre taille<\/p>","protected":false},"excerpt":{"rendered":"<p>Harnais de trap\u00e8ze gamme performances. Compression des hanches limit\u00e9e par la plaque large inox. Forme tr\u00e8s enveloppante dans le dos. Rembourage par mousse 6mm. R\u00e9glage de tour de cuisses par une sangle et un passant plastique.R\u00e9glage de hauteur de plaque par sangle et chicane. R\u00e9glages de ceinture et d&rsquo;\u00e9paule par sangle et boucle clic clac. [&hellip;]<\/p>\n","protected":false},"featured_media":2170,"template":"","meta":{"_acf_changed":false,"_uag_custom_page_level_css":""},"product_brand":[430],"product_cat":[29],"product_tag":[],"class_list":{"0":"post-2147","1":"product","2":"type-product","3":"status-publish","4":"has-post-thumbnail","6":"product_brand-nenuphar","7":"product_cat-ceinture-de-trapeze","9":"first","10":"onbackorder","11":"taxable","12":"shipping-taxable","13":"purchasable","14":"product-type-variable"},"acf":[],"aioseo_notices":[],"uagb_featured_image_src":{"full":["https:\/\/www.nenuphar.com\/wp-content\/uploads\/2026\/01\/2979-scaled.jpg",1197,2560,false],"thumbnail":["https:\/\/www.nenuphar.com\/wp-content\/uploads\/2026\/01\/2979-150x150.jpg",150,150,true],"medium":["https:\/\/www.nenuphar.com\/wp-content\/uploads\/2026\/01\/2979-140x300.jpg",140,300,true],"medium_large":["https:\/\/www.nenuphar.com\/wp-content\/uploads\/2026\/01\/2979-768x1643.jpg",768,1643,true],"large":["https:\/\/www.nenuphar.com\/wp-content\/uploads\/2026\/01\/2979-479x1024.jpg",479,1024,true],"1536x1536":["https:\/\/www.nenuphar.com\/wp-content\/uploads\/2026\/01\/2979-718x1536.jpg",718,1536,true],"2048x2048":["https:\/\/www.nenuphar.com\/wp-content\/uploads\/2026\/01\/2979-957x2048.jpg",957,2048,true],"trp-custom-language-flag":["https:\/\/www.nenuphar.com\/wp-content\/uploads\/2026\/01\/2979-scaled.jpg",6,12,false],"woocommerce_thumbnail":["https:\/\/www.nenuphar.com\/wp-content\/uploads\/2026\/01\/2979-300x300.jpg",300,300,true],"woocommerce_single":["https:\/\/www.nenuphar.com\/wp-content\/uploads\/2026\/01\/2979-600x1283.jpg",600,1283,true],"woocommerce_gallery_thumbnail":["https:\/\/www.nenuphar.com\/wp-content\/uploads\/2026\/01\/2979-100x100.jpg",100,100,true]},"uagb_author_info":{"display_name":"Karine","author_link":"https:\/\/www.nenuphar.com\/en\/author\/"},"uagb_comment_info":0,"uagb_excerpt":"Harnais de trap\u00e8ze gamme performances. Compression des hanches limit\u00e9e par la plaque large inox. Forme tr\u00e8s enveloppante dans le dos. Rembourage par mousse 6mm. R\u00e9glage de tour de cuisses par une sangle et un passant plastique.R\u00e9glage de hauteur de plaque par sangle et chicane. R\u00e9glages de ceinture et d&rsquo;\u00e9paule par sangle et boucle clic clac.&hellip;","_links":{"self":[{"href":"https:\/\/www.nenuphar.com\/en\/wp-json\/wp\/v2\/product\/2147","targetHints":{"allow":["GET"]}}],"collection":[{"href":"https:\/\/www.nenuphar.com\/en\/wp-json\/wp\/v2\/product"}],"about":[{"href":"https:\/\/www.nenuphar.com\/en\/wp-json\/wp\/v2\/types\/product"}],"wp:featuredmedia":[{"embeddable":true,"href":"https:\/\/www.nenuphar.com\/en\/wp-json\/wp\/v2\/media\/2170"}],"wp:attachment":[{"href":"https:\/\/www.nenuphar.com\/en\/wp-json\/wp\/v2\/media?parent=2147"}],"wp:term":[{"taxonomy":"product_brand","embeddable":true,"href":"https:\/\/www.nenuphar.com\/en\/wp-json\/wp\/v2\/product_brand?post=2147"},{"taxonomy":"product_cat","embeddable":true,"href":"https:\/\/www.nenuphar.com\/en\/wp-json\/wp\/v2\/product_cat?post=2147"},{"taxonomy":"product_tag","embeddable":true,"href":"https:\/\/www.nenuphar.com\/en\/wp-json\/wp\/v2\/product_tag?post=2147"}],"curies":[{"name":"wp","href":"https:\/\/api.w.org\/{rel}","templated":true}]}}