{"id":2150,"date":"2026-01-05T17:10:57","date_gmt":"2026-01-05T17:10:57","guid":{"rendered":"https:\/\/nen.kmkoncept.fr\/?post_type=product&#038;p=2150"},"modified":"2026-04-28T07:27:36","modified_gmt":"2026-04-28T07:27:36","slug":"trapeze-env-medium","status":"publish","type":"product","link":"https:\/\/www.nenuphar.com\/en\/shop\/navigation\/ceinture-de-trapeze\/trapeze-env-medium\/","title":{"rendered":"TRAPEZE ENV MEDIUM &#8211; -destockage reste 3 en stock"},"content":{"rendered":"<p>Livr\u00e9 avec plaque de trap\u00e8ze s\u00e9curit\u00e9 \u00e0 crochet ouvrant Wichard.<\/p>\n<p>Mod\u00e8le d\u00e9velopp\u00e9 avec le concours de l&rsquo;ecole Nationale de voile<\/p>\n<p>Lattes dans le dos<\/p>\n<p>mod\u00e8le \u00ab\u00a0culotte\u00a0\u00bb ferm\u00e9 et enveloppant aux hanches<\/p>\n<p>plaque de trap\u00e8ze noy\u00e9e dans le tissu<\/p>\n<p>r\u00e9glage de la sangle de buste par un clam cleat<\/p>","protected":false},"excerpt":{"rendered":"<p>Livr\u00e9 avec plaque de trap\u00e8ze s\u00e9curit\u00e9 \u00e0 crochet ouvrant Wichard. Mod\u00e8le d\u00e9velopp\u00e9 avec le concours de l&rsquo;ecole Nationale de voile Lattes dans le dos mod\u00e8le \u00ab\u00a0culotte\u00a0\u00bb ferm\u00e9 et enveloppant aux hanches plaque de trap\u00e8ze noy\u00e9e dans le tissu r\u00e9glage de la sangle de buste par un clam cleat<\/p>","protected":false},"featured_media":2176,"template":"","meta":{"_acf_changed":false,"_uag_custom_page_level_css":""},"product_brand":[430],"product_cat":[29],"product_tag":[],"class_list":{"0":"post-2150","1":"product","2":"type-product","3":"status-publish","4":"has-post-thumbnail","6":"product_brand-nenuphar","7":"product_cat-ceinture-de-trapeze","9":"first","10":"onbackorder","11":"taxable","12":"shipping-taxable","13":"purchasable","14":"product-type-simple"},"acf":[],"aioseo_notices":[],"uagb_featured_image_src":{"full":["https:\/\/www.nenuphar.com\/wp-content\/uploads\/2026\/01\/2310.jpg",164,400,false],"thumbnail":["https:\/\/www.nenuphar.com\/wp-content\/uploads\/2026\/01\/2310-150x150.jpg",150,150,true],"medium":["https:\/\/www.nenuphar.com\/wp-content\/uploads\/2026\/01\/2310-123x300.jpg",123,300,true],"medium_large":["https:\/\/www.nenuphar.com\/wp-content\/uploads\/2026\/01\/2310.jpg",164,400,false],"large":["https:\/\/www.nenuphar.com\/wp-content\/uploads\/2026\/01\/2310.jpg",164,400,false],"1536x1536":["https:\/\/www.nenuphar.com\/wp-content\/uploads\/2026\/01\/2310.jpg",164,400,false],"2048x2048":["https:\/\/www.nenuphar.com\/wp-content\/uploads\/2026\/01\/2310.jpg",164,400,false],"trp-custom-language-flag":["https:\/\/www.nenuphar.com\/wp-content\/uploads\/2026\/01\/2310.jpg",5,12,false],"woocommerce_thumbnail":["https:\/\/www.nenuphar.com\/wp-content\/uploads\/2026\/01\/2310-164x300.jpg",164,300,true],"woocommerce_single":["https:\/\/www.nenuphar.com\/wp-content\/uploads\/2026\/01\/2310.jpg",164,400,false],"woocommerce_gallery_thumbnail":["https:\/\/www.nenuphar.com\/wp-content\/uploads\/2026\/01\/2310-100x100.jpg",100,100,true]},"uagb_author_info":{"display_name":"Karine","author_link":"https:\/\/www.nenuphar.com\/en\/author\/"},"uagb_comment_info":0,"uagb_excerpt":"Livr\u00e9 avec plaque de trap\u00e8ze s\u00e9curit\u00e9 \u00e0 crochet ouvrant Wichard. Mod\u00e8le d\u00e9velopp\u00e9 avec le concours de l&rsquo;ecole Nationale de voile Lattes dans le dos mod\u00e8le \u00ab\u00a0culotte\u00a0\u00bb ferm\u00e9 et enveloppant aux hanches plaque de trap\u00e8ze noy\u00e9e dans le tissu r\u00e9glage de la sangle de buste par un clam cleat","_links":{"self":[{"href":"https:\/\/www.nenuphar.com\/en\/wp-json\/wp\/v2\/product\/2150","targetHints":{"allow":["GET"]}}],"collection":[{"href":"https:\/\/www.nenuphar.com\/en\/wp-json\/wp\/v2\/product"}],"about":[{"href":"https:\/\/www.nenuphar.com\/en\/wp-json\/wp\/v2\/types\/product"}],"wp:featuredmedia":[{"embeddable":true,"href":"https:\/\/www.nenuphar.com\/en\/wp-json\/wp\/v2\/media\/2176"}],"wp:attachment":[{"href":"https:\/\/www.nenuphar.com\/en\/wp-json\/wp\/v2\/media?parent=2150"}],"wp:term":[{"taxonomy":"product_brand","embeddable":true,"href":"https:\/\/www.nenuphar.com\/en\/wp-json\/wp\/v2\/product_brand?post=2150"},{"taxonomy":"product_cat","embeddable":true,"href":"https:\/\/www.nenuphar.com\/en\/wp-json\/wp\/v2\/product_cat?post=2150"},{"taxonomy":"product_tag","embeddable":true,"href":"https:\/\/www.nenuphar.com\/en\/wp-json\/wp\/v2\/product_tag?post=2150"}],"curies":[{"name":"wp","href":"https:\/\/api.w.org\/{rel}","templated":true}]}}