{"id":2151,"date":"2026-01-05T17:10:57","date_gmt":"2026-01-05T17:10:57","guid":{"rendered":"https:\/\/nen.kmkoncept.fr\/?post_type=product&#038;p=2151"},"modified":"2026-04-28T07:30:42","modified_gmt":"2026-04-28T07:30:42","slug":"ceinture-de-trapeze-nemo","status":"publish","type":"product","link":"https:\/\/www.nenuphar.com\/en\/shop\/navigation\/ceinture-de-trapeze\/ceinture-de-trapeze-nemo\/","title":{"rendered":"TRAPEZE NEMO"},"content":{"rendered":"<p>With Wichard releasable hook . This trapeze is designed by Ecole Nationale de Voile, the French Sailing Academy, by Florence Lebrun and Philippe delhaye.<\/p>","protected":false},"excerpt":{"rendered":"<p>De conception radicalement diff\u00e9rente des autres mod\u00e8les, cette trap\u00e8ze a \u00e9t\u00e9 con\u00e7ue dans le double souci de\u00a0 confort d&rsquo;utilisation, et de s\u00e9curit\u00e9 accrue:<\/p>\n<p>&#8211; petites lattes \u00e0 effet kinesth\u00e9sique dans le dos,<\/p>\n<p>&#8211; Crochet de trap\u00e8ze \u00e0 larguage rapide, et reverrouillage sur l&rsquo;eau en 2 secondes,<\/p>\n<p>&#8211; pas de bouts et de noeuds difficiles \u00e0 enlever,<\/p>\n<p>&#8211; de larges bandes de velcro, assurant tant un r\u00e9glage pr\u00e9cis pour se sentir bien, qu&rsquo;une absence d&rsquo;asp\u00e9rit\u00e9s qui permettent de ne pas s&rsquo;ccrocher partout dans le bateau pendant les manoeuvres.<\/p>","protected":false},"featured_media":2178,"template":"","meta":{"_acf_changed":false,"_uag_custom_page_level_css":""},"product_brand":[430],"product_cat":[29],"product_tag":[],"class_list":{"0":"post-2151","1":"product","2":"type-product","3":"status-publish","4":"has-post-thumbnail","6":"product_brand-nenuphar","7":"product_cat-ceinture-de-trapeze","9":"first","10":"onbackorder","11":"taxable","12":"shipping-taxable","13":"purchasable","14":"product-type-variable"},"acf":[],"aioseo_notices":[],"uagb_featured_image_src":{"full":["https:\/\/www.nenuphar.com\/wp-content\/uploads\/2026\/01\/752.jpg",267,400,false],"thumbnail":["https:\/\/www.nenuphar.com\/wp-content\/uploads\/2026\/01\/752-150x150.jpg",150,150,true],"medium":["https:\/\/www.nenuphar.com\/wp-content\/uploads\/2026\/01\/752-200x300.jpg",200,300,true],"medium_large":["https:\/\/www.nenuphar.com\/wp-content\/uploads\/2026\/01\/752.jpg",267,400,false],"large":["https:\/\/www.nenuphar.com\/wp-content\/uploads\/2026\/01\/752.jpg",267,400,false],"1536x1536":["https:\/\/www.nenuphar.com\/wp-content\/uploads\/2026\/01\/752.jpg",267,400,false],"2048x2048":["https:\/\/www.nenuphar.com\/wp-content\/uploads\/2026\/01\/752.jpg",267,400,false],"trp-custom-language-flag":["https:\/\/www.nenuphar.com\/wp-content\/uploads\/2026\/01\/752.jpg",8,12,false],"woocommerce_thumbnail":["https:\/\/www.nenuphar.com\/wp-content\/uploads\/2026\/01\/752-267x300.jpg",267,300,true],"woocommerce_single":["https:\/\/www.nenuphar.com\/wp-content\/uploads\/2026\/01\/752.jpg",267,400,false],"woocommerce_gallery_thumbnail":["https:\/\/www.nenuphar.com\/wp-content\/uploads\/2026\/01\/752-100x100.jpg",100,100,true]},"uagb_author_info":{"display_name":"Karine","author_link":"https:\/\/www.nenuphar.com\/en\/author\/"},"uagb_comment_info":0,"uagb_excerpt":"De conception radicalement diff\u00e9rente des autres mod\u00e8les, cette trap\u00e8ze a \u00e9t\u00e9 con\u00e7ue dans le double souci de\u00a0 confort d'utilisation, et de s\u00e9curit\u00e9 accrue: - petites lattes \u00e0 effet kinesth\u00e9sique dans le dos, - Crochet de trap\u00e8ze \u00e0 larguage rapide, et reverrouillage sur l'eau en 2 secondes, - pas de bouts et de noeuds difficiles \u00e0&hellip;","_links":{"self":[{"href":"https:\/\/www.nenuphar.com\/en\/wp-json\/wp\/v2\/product\/2151","targetHints":{"allow":["GET"]}}],"collection":[{"href":"https:\/\/www.nenuphar.com\/en\/wp-json\/wp\/v2\/product"}],"about":[{"href":"https:\/\/www.nenuphar.com\/en\/wp-json\/wp\/v2\/types\/product"}],"wp:featuredmedia":[{"embeddable":true,"href":"https:\/\/www.nenuphar.com\/en\/wp-json\/wp\/v2\/media\/2178"}],"wp:attachment":[{"href":"https:\/\/www.nenuphar.com\/en\/wp-json\/wp\/v2\/media?parent=2151"}],"wp:term":[{"taxonomy":"product_brand","embeddable":true,"href":"https:\/\/www.nenuphar.com\/en\/wp-json\/wp\/v2\/product_brand?post=2151"},{"taxonomy":"product_cat","embeddable":true,"href":"https:\/\/www.nenuphar.com\/en\/wp-json\/wp\/v2\/product_cat?post=2151"},{"taxonomy":"product_tag","embeddable":true,"href":"https:\/\/www.nenuphar.com\/en\/wp-json\/wp\/v2\/product_tag?post=2151"}],"curies":[{"name":"wp","href":"https:\/\/api.w.org\/{rel}","templated":true}]}}