{"id":2152,"date":"2026-01-05T17:10:57","date_gmt":"2026-01-05T17:10:57","guid":{"rendered":"https:\/\/nen.kmkoncept.fr\/?post_type=product&#038;p=2152"},"modified":"2026-04-28T07:28:55","modified_gmt":"2026-04-28T07:28:55","slug":"plaque-de-trapeze-a-trou","status":"publish","type":"product","link":"https:\/\/www.nenuphar.com\/en\/shop\/navigation\/ceinture-de-trapeze\/plaque-de-trapeze-a-trou\/","title":{"rendered":"TRAPEZE PLATE FOR EYELETS AND 40-45MM WEBBING"},"content":{"rendered":"<p>Trapeze plate with holes. Made in France.<\/p>\n<p>Made of stainless steel. For laced models. Sturdy 8 mm stainless steel hook. The hook passes behind the plate for increased reliability.<\/p>","protected":false},"excerpt":{"rendered":"<p>Plaque de trap\u00e8ze \u00e0 trous. Fabriqu\u00e9 en France. En inox. Pour les mod\u00e8les \u00e0 la\u00e7age. Solide crochet diam\u00e8tre 8 en inox. Le crochet repasse derri\u00e8re la plaque pour une fiabilit\u00e9 accrue.<\/p>","protected":false},"featured_media":2180,"template":"","meta":{"_acf_changed":false,"_uag_custom_page_level_css":""},"product_brand":[430],"product_cat":[29],"product_tag":[],"class_list":{"0":"post-2152","1":"product","2":"type-product","3":"status-publish","4":"has-post-thumbnail","6":"product_brand-nenuphar","7":"product_cat-ceinture-de-trapeze","9":"first","10":"instock","11":"taxable","12":"shipping-taxable","13":"purchasable","14":"product-type-simple"},"acf":[],"aioseo_notices":[],"uagb_featured_image_src":{"full":["https:\/\/www.nenuphar.com\/wp-content\/uploads\/2026\/01\/1232.jpg",291,266,false],"thumbnail":["https:\/\/www.nenuphar.com\/wp-content\/uploads\/2026\/01\/1232-150x150.jpg",150,150,true],"medium":["https:\/\/www.nenuphar.com\/wp-content\/uploads\/2026\/01\/1232.jpg",291,266,false],"medium_large":["https:\/\/www.nenuphar.com\/wp-content\/uploads\/2026\/01\/1232.jpg",291,266,false],"large":["https:\/\/www.nenuphar.com\/wp-content\/uploads\/2026\/01\/1232.jpg",291,266,false],"1536x1536":["https:\/\/www.nenuphar.com\/wp-content\/uploads\/2026\/01\/1232.jpg",291,266,false],"2048x2048":["https:\/\/www.nenuphar.com\/wp-content\/uploads\/2026\/01\/1232.jpg",291,266,false],"trp-custom-language-flag":["https:\/\/www.nenuphar.com\/wp-content\/uploads\/2026\/01\/1232.jpg",13,12,false],"woocommerce_thumbnail":["https:\/\/www.nenuphar.com\/wp-content\/uploads\/2026\/01\/1232.jpg",291,266,false],"woocommerce_single":["https:\/\/www.nenuphar.com\/wp-content\/uploads\/2026\/01\/1232.jpg",291,266,false],"woocommerce_gallery_thumbnail":["https:\/\/www.nenuphar.com\/wp-content\/uploads\/2026\/01\/1232-100x100.jpg",100,100,true]},"uagb_author_info":{"display_name":"Karine","author_link":"https:\/\/www.nenuphar.com\/en\/author\/"},"uagb_comment_info":0,"uagb_excerpt":"Plaque de trap\u00e8ze \u00e0 trous. Fabriqu\u00e9 en France. En inox. Pour les mod\u00e8les \u00e0 la\u00e7age. Solide crochet diam\u00e8tre 8 en inox. Le crochet repasse derri\u00e8re la plaque pour une fiabilit\u00e9 accrue.","_links":{"self":[{"href":"https:\/\/www.nenuphar.com\/en\/wp-json\/wp\/v2\/product\/2152","targetHints":{"allow":["GET"]}}],"collection":[{"href":"https:\/\/www.nenuphar.com\/en\/wp-json\/wp\/v2\/product"}],"about":[{"href":"https:\/\/www.nenuphar.com\/en\/wp-json\/wp\/v2\/types\/product"}],"wp:featuredmedia":[{"embeddable":true,"href":"https:\/\/www.nenuphar.com\/en\/wp-json\/wp\/v2\/media\/2180"}],"wp:attachment":[{"href":"https:\/\/www.nenuphar.com\/en\/wp-json\/wp\/v2\/media?parent=2152"}],"wp:term":[{"taxonomy":"product_brand","embeddable":true,"href":"https:\/\/www.nenuphar.com\/en\/wp-json\/wp\/v2\/product_brand?post=2152"},{"taxonomy":"product_cat","embeddable":true,"href":"https:\/\/www.nenuphar.com\/en\/wp-json\/wp\/v2\/product_cat?post=2152"},{"taxonomy":"product_tag","embeddable":true,"href":"https:\/\/www.nenuphar.com\/en\/wp-json\/wp\/v2\/product_tag?post=2152"}],"curies":[{"name":"wp","href":"https:\/\/api.w.org\/{rel}","templated":true}]}}