{"id":2192,"date":"2026-01-05T20:28:01","date_gmt":"2026-01-05T20:28:01","guid":{"rendered":"https:\/\/nen.kmkoncept.fr\/?post_type=product&#038;p=2192"},"modified":"2026-04-28T07:27:22","modified_gmt":"2026-04-28T07:27:22","slug":"taud-420-dessus-a-coton-polyester","status":"publish","type":"product","link":"https:\/\/www.nenuphar.com\/en\/shop\/series\/deriveurs\/420\/taud-420-dessus-a-coton-polyester\/","title":{"rendered":"420 Top Cover \u2013 Poly\/Cotton"},"content":{"rendered":"<p>Made in France 420 dinghy cover in cotton-polyester fabric. Elegant finish, with cross straps fitted with quick-release buckle systems to securely fasten your cover. Flaps with Velcro closures on all openings (zip, chainplate, shrouds, etc.). The cover is suitable both for a rigged boat and for road transport.<\/p>","protected":false},"excerpt":{"rendered":"<p><strong><\/strong> <span style=\"text-decoration:underline;\">Marine acrylic<\/span>100% solution-dyed acrylic, offering exceptional color fastness. This fabric is not coated and retains a textile feel on both sides. It is breathable and quick-drying. Water resistance and rot-proof properties are ensured by a special marine treatment. Weight: 315 g\/m\u00b2. This fabric is made in France.<\/p>","protected":false},"featured_media":2224,"template":"","meta":{"_acf_changed":false,"_uag_custom_page_level_css":""},"product_brand":[430],"product_cat":[186,131,37],"product_tag":[311],"class_list":{"0":"post-2192","1":"product","2":"type-product","3":"status-publish","4":"has-post-thumbnail","6":"product_brand-nenuphar","7":"product_cat-186","8":"product_cat-taud-dessus-deriveurs","9":"product_cat-tauds","10":"product_tag-311","12":"first","13":"onbackorder","14":"taxable","15":"shipping-taxable","16":"purchasable","17":"product-type-simple"},"acf":[],"aioseo_notices":[],"uagb_featured_image_src":{"full":["https:\/\/www.nenuphar.com\/wp-content\/uploads\/2026\/01\/3984.jpg",1251,560,false],"thumbnail":["https:\/\/www.nenuphar.com\/wp-content\/uploads\/2026\/01\/3984-150x150.jpg",150,150,true],"medium":["https:\/\/www.nenuphar.com\/wp-content\/uploads\/2026\/01\/3984-300x134.jpg",300,134,true],"medium_large":["https:\/\/www.nenuphar.com\/wp-content\/uploads\/2026\/01\/3984-768x344.jpg",768,344,true],"large":["https:\/\/www.nenuphar.com\/wp-content\/uploads\/2026\/01\/3984-1024x458.jpg",1024,458,true],"1536x1536":["https:\/\/www.nenuphar.com\/wp-content\/uploads\/2026\/01\/3984.jpg",1251,560,false],"2048x2048":["https:\/\/www.nenuphar.com\/wp-content\/uploads\/2026\/01\/3984.jpg",1251,560,false],"trp-custom-language-flag":["https:\/\/www.nenuphar.com\/wp-content\/uploads\/2026\/01\/3984.jpg",18,8,false],"woocommerce_thumbnail":["https:\/\/www.nenuphar.com\/wp-content\/uploads\/2026\/01\/3984-300x300.jpg",300,300,true],"woocommerce_single":["https:\/\/www.nenuphar.com\/wp-content\/uploads\/2026\/01\/3984-600x269.jpg",600,269,true],"woocommerce_gallery_thumbnail":["https:\/\/www.nenuphar.com\/wp-content\/uploads\/2026\/01\/3984-100x100.jpg",100,100,true]},"uagb_author_info":{"display_name":"Karine","author_link":"https:\/\/www.nenuphar.com\/en\/author\/"},"uagb_comment_info":0,"uagb_excerpt":"L\u2019acrylique marin: 100% acrylique, teint\u00e9 dans la masse, ce qui donne une r\u00e9sistance des coloris imbattable. Cette toile n\u2019est pas enduite et garde un aspect tissu sur ses 2 faces. Elle est respirante et s\u00e8che vite. L\u2019imperm\u00e9abilit\u00e9 \u00e0 l\u2019eau et l\u2019imputrescibilit\u00e9 sont assur\u00e9es par un traitement sp\u00e9cial marine. Le grammage est de 315 g\/m\u00b2. Ce&hellip;","_links":{"self":[{"href":"https:\/\/www.nenuphar.com\/en\/wp-json\/wp\/v2\/product\/2192","targetHints":{"allow":["GET"]}}],"collection":[{"href":"https:\/\/www.nenuphar.com\/en\/wp-json\/wp\/v2\/product"}],"about":[{"href":"https:\/\/www.nenuphar.com\/en\/wp-json\/wp\/v2\/types\/product"}],"wp:featuredmedia":[{"embeddable":true,"href":"https:\/\/www.nenuphar.com\/en\/wp-json\/wp\/v2\/media\/2224"}],"wp:attachment":[{"href":"https:\/\/www.nenuphar.com\/en\/wp-json\/wp\/v2\/media?parent=2192"}],"wp:term":[{"taxonomy":"product_brand","embeddable":true,"href":"https:\/\/www.nenuphar.com\/en\/wp-json\/wp\/v2\/product_brand?post=2192"},{"taxonomy":"product_cat","embeddable":true,"href":"https:\/\/www.nenuphar.com\/en\/wp-json\/wp\/v2\/product_cat?post=2192"},{"taxonomy":"product_tag","embeddable":true,"href":"https:\/\/www.nenuphar.com\/en\/wp-json\/wp\/v2\/product_tag?post=2192"}],"curies":[{"name":"wp","href":"https:\/\/api.w.org\/{rel}","templated":true}]}}