{"id":2196,"date":"2026-01-05T20:28:01","date_gmt":"2026-01-05T20:28:01","guid":{"rendered":"https:\/\/nen.kmkoncept.fr\/?post_type=product&#038;p=2196"},"modified":"2026-04-28T07:27:23","modified_gmt":"2026-04-28T07:27:23","slug":"taud-b14-dessus-coton-polyester-315grs-ma%c2%b2","status":"publish","type":"product","link":"https:\/\/www.nenuphar.com\/en\/shop\/series\/deriveurs\/b14\/taud-b14-dessus-coton-polyester-315grs-ma%c2%b2\/","title":{"rendered":"\u2013 B14 Top Cover"},"content":{"rendered":"<p>Made in France. Solution-dyed Sunbrella acrylic fabric. Elegance finish, Velcro flaps on openings, and a zip with Velcro flap between the mast and the pad eye. Can be used on the road or at the parking, with the mast stepped or unstepped. Secured with straps and click-clack buckles.<\/p>","protected":false},"excerpt":{"rendered":"<p>Made in France. Solution-dyed Sunbrella acrylic fabric. Elegance finish, Velcro flaps on openings, and a zip with Velcro flap between the mast and the pad eye. Can be used on the road or at the parking, with the mast stepped or unstepped. Secured with straps and click-clack buckles.<\/p>","protected":false},"featured_media":2235,"template":"","meta":{"_acf_changed":false,"_uag_custom_page_level_css":""},"product_brand":[430],"product_cat":[192,131,37],"product_tag":[441],"class_list":{"0":"post-2196","1":"product","2":"type-product","3":"status-publish","4":"has-post-thumbnail","6":"product_brand-nenuphar","7":"product_cat-b14","8":"product_cat-taud-dessus-deriveurs","9":"product_cat-tauds","10":"product_tag-b14","12":"first","13":"onbackorder","14":"taxable","15":"shipping-taxable","16":"purchasable","17":"product-type-simple"},"acf":[],"aioseo_notices":[],"uagb_featured_image_src":{"full":["https:\/\/www.nenuphar.com\/wp-content\/uploads\/2026\/01\/4028.jpg",1106,485,false],"thumbnail":["https:\/\/www.nenuphar.com\/wp-content\/uploads\/2026\/01\/4028-150x150.jpg",150,150,true],"medium":["https:\/\/www.nenuphar.com\/wp-content\/uploads\/2026\/01\/4028-300x132.jpg",300,132,true],"medium_large":["https:\/\/www.nenuphar.com\/wp-content\/uploads\/2026\/01\/4028-768x337.jpg",768,337,true],"large":["https:\/\/www.nenuphar.com\/wp-content\/uploads\/2026\/01\/4028-1024x449.jpg",1024,449,true],"1536x1536":["https:\/\/www.nenuphar.com\/wp-content\/uploads\/2026\/01\/4028.jpg",1106,485,false],"2048x2048":["https:\/\/www.nenuphar.com\/wp-content\/uploads\/2026\/01\/4028.jpg",1106,485,false],"trp-custom-language-flag":["https:\/\/www.nenuphar.com\/wp-content\/uploads\/2026\/01\/4028.jpg",18,8,false],"woocommerce_thumbnail":["https:\/\/www.nenuphar.com\/wp-content\/uploads\/2026\/01\/4028-300x300.jpg",300,300,true],"woocommerce_single":["https:\/\/www.nenuphar.com\/wp-content\/uploads\/2026\/01\/4028-600x263.jpg",600,263,true],"woocommerce_gallery_thumbnail":["https:\/\/www.nenuphar.com\/wp-content\/uploads\/2026\/01\/4028-100x100.jpg",100,100,true]},"uagb_author_info":{"display_name":"Karine","author_link":"https:\/\/www.nenuphar.com\/en\/author\/"},"uagb_comment_info":0,"uagb_excerpt":"Fabriqu\u00e9 en France. Tissu Acrylique Sunbrella teint\u00e9 masse. Finition Elegance, rabat velcro sur les ouvertures, zip et rabat velcro entre le mat et la cad\u00e8ne. Puet \u00eatre utilis\u00e9 sur la route ou au parking, mat\u00e9 ou non. Fixation par sangles et boucles clic clac.","_links":{"self":[{"href":"https:\/\/www.nenuphar.com\/en\/wp-json\/wp\/v2\/product\/2196","targetHints":{"allow":["GET"]}}],"collection":[{"href":"https:\/\/www.nenuphar.com\/en\/wp-json\/wp\/v2\/product"}],"about":[{"href":"https:\/\/www.nenuphar.com\/en\/wp-json\/wp\/v2\/types\/product"}],"wp:featuredmedia":[{"embeddable":true,"href":"https:\/\/www.nenuphar.com\/en\/wp-json\/wp\/v2\/media\/2235"}],"wp:attachment":[{"href":"https:\/\/www.nenuphar.com\/en\/wp-json\/wp\/v2\/media?parent=2196"}],"wp:term":[{"taxonomy":"product_brand","embeddable":true,"href":"https:\/\/www.nenuphar.com\/en\/wp-json\/wp\/v2\/product_brand?post=2196"},{"taxonomy":"product_cat","embeddable":true,"href":"https:\/\/www.nenuphar.com\/en\/wp-json\/wp\/v2\/product_cat?post=2196"},{"taxonomy":"product_tag","embeddable":true,"href":"https:\/\/www.nenuphar.com\/en\/wp-json\/wp\/v2\/product_tag?post=2196"}],"curies":[{"name":"wp","href":"https:\/\/api.w.org\/{rel}","templated":true}]}}