{"id":2197,"date":"2026-01-05T20:28:01","date_gmt":"2026-01-05T20:28:01","guid":{"rendered":"https:\/\/nen.kmkoncept.fr\/?post_type=product&#038;p=2197"},"modified":"2026-04-28T07:27:23","modified_gmt":"2026-04-28T07:27:23","slug":"taud-485-dessus-a-coton-polyester","status":"publish","type":"product","link":"https:\/\/www.nenuphar.com\/en\/shop\/series\/deriveurs\/485\/taud-485-dessus-a-coton-polyester\/","title":{"rendered":"485 Top Cover \u2013 Poly\/Cotton 430 g\/m\u00b2"},"content":{"rendered":"<p>Made in France.<\/p>\n<p>485 Top Cover in acrylic\/polyester fabric. ELEGANCE finish, with transverse straps fitted with click-clack buckles to securely fasten the cover. Flaps with Velcro on all openings (zip, pad eye, shrouds, etc.). The cover can be used both with the mast stepped and for road transport.<\/p>","protected":false},"excerpt":{"rendered":"<p>Fabriqu\u00e9 en France. Taud de 485 en tissu ACRYLIQUE\/polyester. Finition ELEGANCE, avec sangles transversales munies de boucles clic-clac pour attacher fermement votre taud. Rabats avec velcros sur toutes les ouvertures (zip, cad\u00e8ne, haubans etc). Le taud peut aussi bien servir bateau m\u00e2t\u00e9, que pour la route.<\/p>","protected":false},"featured_media":2236,"template":"","meta":{"_acf_changed":false,"_uag_custom_page_level_css":""},"product_brand":[430],"product_cat":[189,131,37],"product_tag":[435],"class_list":{"0":"post-2197","1":"product","2":"type-product","3":"status-publish","4":"has-post-thumbnail","6":"product_brand-nenuphar","7":"product_cat-189","8":"product_cat-taud-dessus-deriveurs","9":"product_cat-tauds","10":"product_tag-435","12":"first","13":"onbackorder","14":"taxable","15":"shipping-taxable","16":"purchasable","17":"product-type-simple"},"acf":[],"aioseo_notices":[],"uagb_featured_image_src":{"full":["https:\/\/www.nenuphar.com\/wp-content\/uploads\/2026\/01\/3992.jpg",1139,502,false],"thumbnail":["https:\/\/www.nenuphar.com\/wp-content\/uploads\/2026\/01\/3992-150x150.jpg",150,150,true],"medium":["https:\/\/www.nenuphar.com\/wp-content\/uploads\/2026\/01\/3992-300x132.jpg",300,132,true],"medium_large":["https:\/\/www.nenuphar.com\/wp-content\/uploads\/2026\/01\/3992-768x338.jpg",768,338,true],"large":["https:\/\/www.nenuphar.com\/wp-content\/uploads\/2026\/01\/3992-1024x451.jpg",1024,451,true],"1536x1536":["https:\/\/www.nenuphar.com\/wp-content\/uploads\/2026\/01\/3992.jpg",1139,502,false],"2048x2048":["https:\/\/www.nenuphar.com\/wp-content\/uploads\/2026\/01\/3992.jpg",1139,502,false],"trp-custom-language-flag":["https:\/\/www.nenuphar.com\/wp-content\/uploads\/2026\/01\/3992.jpg",18,8,false],"woocommerce_thumbnail":["https:\/\/www.nenuphar.com\/wp-content\/uploads\/2026\/01\/3992-300x300.jpg",300,300,true],"woocommerce_single":["https:\/\/www.nenuphar.com\/wp-content\/uploads\/2026\/01\/3992-600x264.jpg",600,264,true],"woocommerce_gallery_thumbnail":["https:\/\/www.nenuphar.com\/wp-content\/uploads\/2026\/01\/3992-100x100.jpg",100,100,true]},"uagb_author_info":{"display_name":"Karine","author_link":"https:\/\/www.nenuphar.com\/en\/author\/"},"uagb_comment_info":0,"uagb_excerpt":"Fabriqu\u00e9 en France. Taud de 485 en tissu ACRYLIQUE\/polyester. Finition ELEGANCE, avec sangles transversales munies de boucles clic-clac pour attacher fermement votre taud. Rabats avec velcros sur toutes les ouvertures (zip, cad\u00e8ne, haubans etc). Le taud peut aussi bien servir bateau m\u00e2t\u00e9, que pour la route.","_links":{"self":[{"href":"https:\/\/www.nenuphar.com\/en\/wp-json\/wp\/v2\/product\/2197","targetHints":{"allow":["GET"]}}],"collection":[{"href":"https:\/\/www.nenuphar.com\/en\/wp-json\/wp\/v2\/product"}],"about":[{"href":"https:\/\/www.nenuphar.com\/en\/wp-json\/wp\/v2\/types\/product"}],"wp:featuredmedia":[{"embeddable":true,"href":"https:\/\/www.nenuphar.com\/en\/wp-json\/wp\/v2\/media\/2236"}],"wp:attachment":[{"href":"https:\/\/www.nenuphar.com\/en\/wp-json\/wp\/v2\/media?parent=2197"}],"wp:term":[{"taxonomy":"product_brand","embeddable":true,"href":"https:\/\/www.nenuphar.com\/en\/wp-json\/wp\/v2\/product_brand?post=2197"},{"taxonomy":"product_cat","embeddable":true,"href":"https:\/\/www.nenuphar.com\/en\/wp-json\/wp\/v2\/product_cat?post=2197"},{"taxonomy":"product_tag","embeddable":true,"href":"https:\/\/www.nenuphar.com\/en\/wp-json\/wp\/v2\/product_tag?post=2197"}],"curies":[{"name":"wp","href":"https:\/\/api.w.org\/{rel}","templated":true}]}}