{"id":2198,"date":"2026-01-05T20:28:01","date_gmt":"2026-01-05T20:28:01","guid":{"rendered":"https:\/\/nen.kmkoncept.fr\/?post_type=product&#038;p=2198"},"modified":"2026-04-28T07:27:23","modified_gmt":"2026-04-28T07:27:23","slug":"taud-fireball-dessus-coton-polyester-315grs-ma%c2%b2","status":"publish","type":"product","link":"https:\/\/www.nenuphar.com\/en\/shop\/series\/deriveurs\/fireball\/taud-fireball-dessus-coton-polyester-315grs-ma%c2%b2\/","title":{"rendered":"\u2013 Fireball Top Cover"},"content":{"rendered":"<p><span>Made in France. Solution-dyed Sunbrella acrylic fabric. ELEGANCE finish, with transverse straps fitted with click-clack buckles to securely fasten the cover. Flaps with Velcro on all openings (zip, pad eye, shrouds, etc.). The cover can be used both with the mast stepped or for road transport.<\/span><\/p>","protected":false},"excerpt":{"rendered":"<p>Made in France. Solution-dyed Sunbrella acrylic fabric. ELEGANCE finish, with transverse straps fitted with click-clack buckles to securely fasten the cover. Flaps with Velcro on all openings (zip, pad eye, shrouds, etc.). The cover can be used both with the mast stepped or for road transport.<\/p>","protected":false},"featured_media":2237,"template":"","meta":{"_acf_changed":false,"_uag_custom_page_level_css":""},"product_brand":[430],"product_cat":[202,131,37],"product_tag":[485],"class_list":{"0":"post-2198","1":"product","2":"type-product","3":"status-publish","4":"has-post-thumbnail","6":"product_brand-nenuphar","7":"product_cat-fireball","8":"product_cat-taud-dessus-deriveurs","9":"product_cat-tauds","10":"product_tag-fireball","12":"first","13":"onbackorder","14":"taxable","15":"shipping-taxable","16":"purchasable","17":"product-type-simple"},"acf":[],"aioseo_notices":[],"uagb_featured_image_src":{"full":["https:\/\/www.nenuphar.com\/wp-content\/uploads\/2026\/01\/4008.jpg",1188,421,false],"thumbnail":["https:\/\/www.nenuphar.com\/wp-content\/uploads\/2026\/01\/4008-150x150.jpg",150,150,true],"medium":["https:\/\/www.nenuphar.com\/wp-content\/uploads\/2026\/01\/4008-300x106.jpg",300,106,true],"medium_large":["https:\/\/www.nenuphar.com\/wp-content\/uploads\/2026\/01\/4008-768x272.jpg",768,272,true],"large":["https:\/\/www.nenuphar.com\/wp-content\/uploads\/2026\/01\/4008-1024x363.jpg",1024,363,true],"1536x1536":["https:\/\/www.nenuphar.com\/wp-content\/uploads\/2026\/01\/4008.jpg",1188,421,false],"2048x2048":["https:\/\/www.nenuphar.com\/wp-content\/uploads\/2026\/01\/4008.jpg",1188,421,false],"trp-custom-language-flag":["https:\/\/www.nenuphar.com\/wp-content\/uploads\/2026\/01\/4008.jpg",18,6,false],"woocommerce_thumbnail":["https:\/\/www.nenuphar.com\/wp-content\/uploads\/2026\/01\/4008-300x300.jpg",300,300,true],"woocommerce_single":["https:\/\/www.nenuphar.com\/wp-content\/uploads\/2026\/01\/4008-600x213.jpg",600,213,true],"woocommerce_gallery_thumbnail":["https:\/\/www.nenuphar.com\/wp-content\/uploads\/2026\/01\/4008-100x100.jpg",100,100,true]},"uagb_author_info":{"display_name":"Karine","author_link":"https:\/\/www.nenuphar.com\/en\/author\/"},"uagb_comment_info":0,"uagb_excerpt":"Fabriqu\u00e9 en France. Tissu Acrylique Sunbrella teint\u00e9 masse. Finition ELEGANCE, avec sangles transversales munies de boucles clic-clac pour attacher fermement votre taud. Rabats avec velcros sur toutes les ouvertures (zip, cad\u00e8ne, haubans etc). Le taud peut aussi bien servir bateau m\u00e2t\u00e9 que pour la route.","_links":{"self":[{"href":"https:\/\/www.nenuphar.com\/en\/wp-json\/wp\/v2\/product\/2198","targetHints":{"allow":["GET"]}}],"collection":[{"href":"https:\/\/www.nenuphar.com\/en\/wp-json\/wp\/v2\/product"}],"about":[{"href":"https:\/\/www.nenuphar.com\/en\/wp-json\/wp\/v2\/types\/product"}],"wp:featuredmedia":[{"embeddable":true,"href":"https:\/\/www.nenuphar.com\/en\/wp-json\/wp\/v2\/media\/2237"}],"wp:attachment":[{"href":"https:\/\/www.nenuphar.com\/en\/wp-json\/wp\/v2\/media?parent=2198"}],"wp:term":[{"taxonomy":"product_brand","embeddable":true,"href":"https:\/\/www.nenuphar.com\/en\/wp-json\/wp\/v2\/product_brand?post=2198"},{"taxonomy":"product_cat","embeddable":true,"href":"https:\/\/www.nenuphar.com\/en\/wp-json\/wp\/v2\/product_cat?post=2198"},{"taxonomy":"product_tag","embeddable":true,"href":"https:\/\/www.nenuphar.com\/en\/wp-json\/wp\/v2\/product_tag?post=2198"}],"curies":[{"name":"wp","href":"https:\/\/api.w.org\/{rel}","templated":true}]}}