{"id":2200,"date":"2026-01-05T20:28:01","date_gmt":"2026-01-05T20:28:01","guid":{"rendered":"https:\/\/nen.kmkoncept.fr\/?post_type=product&#038;p=2200"},"modified":"2026-04-28T07:27:23","modified_gmt":"2026-04-28T07:27:23","slug":"taud-505-dessus-a-coton-polyester","status":"publish","type":"product","link":"https:\/\/www.nenuphar.com\/en\/shop\/series\/deriveurs\/505\/taud-505-dessus-a-coton-polyester\/","title":{"rendered":"\u2013 505 Top Cover"},"content":{"rendered":"<p>505 top cover in breathable cotton\/polyester fabric. ELEGANCE finish, with transverse straps fitted with click-clack buckles to securely fasten the cover. Flaps with Velcro on all openings (zip, pad eye, shrouds, etc.).<\/p>","protected":false},"excerpt":{"rendered":"<p><span>Le taud peut aussi bien servir bateau m\u00e2t\u00e9, que pour la route. ATTENTION: certains tr\u00e8s vieux 505 ont des cad\u00e8nes d\u00e9cal\u00e9es: les ouvertures sur le taud sont modifi\u00e9es, aussi il est imp\u00e9ratif de nous indiquer la position des cad\u00e8nes.<\/span><\/p><\/p>","protected":false},"featured_media":2239,"template":"","meta":{"_acf_changed":false,"_uag_custom_page_level_css":""},"product_brand":[430],"product_cat":[191,131,37],"product_tag":[439],"class_list":{"0":"post-2200","1":"product","2":"type-product","3":"status-publish","4":"has-post-thumbnail","6":"product_brand-nenuphar","7":"product_cat-191","8":"product_cat-taud-dessus-deriveurs","9":"product_cat-tauds","10":"product_tag-439","12":"first","13":"onbackorder","14":"taxable","15":"shipping-taxable","16":"purchasable","17":"product-type-simple"},"acf":[],"aioseo_notices":[],"uagb_featured_image_src":{"full":["https:\/\/www.nenuphar.com\/wp-content\/uploads\/2026\/01\/678.jpg",400,261,false],"thumbnail":["https:\/\/www.nenuphar.com\/wp-content\/uploads\/2026\/01\/678-150x150.jpg",150,150,true],"medium":["https:\/\/www.nenuphar.com\/wp-content\/uploads\/2026\/01\/678-300x196.jpg",300,196,true],"medium_large":["https:\/\/www.nenuphar.com\/wp-content\/uploads\/2026\/01\/678.jpg",400,261,false],"large":["https:\/\/www.nenuphar.com\/wp-content\/uploads\/2026\/01\/678.jpg",400,261,false],"1536x1536":["https:\/\/www.nenuphar.com\/wp-content\/uploads\/2026\/01\/678.jpg",400,261,false],"2048x2048":["https:\/\/www.nenuphar.com\/wp-content\/uploads\/2026\/01\/678.jpg",400,261,false],"trp-custom-language-flag":["https:\/\/www.nenuphar.com\/wp-content\/uploads\/2026\/01\/678.jpg",18,12,false],"woocommerce_thumbnail":["https:\/\/www.nenuphar.com\/wp-content\/uploads\/2026\/01\/678-300x261.jpg",300,261,true],"woocommerce_single":["https:\/\/www.nenuphar.com\/wp-content\/uploads\/2026\/01\/678.jpg",400,261,false],"woocommerce_gallery_thumbnail":["https:\/\/www.nenuphar.com\/wp-content\/uploads\/2026\/01\/678-100x100.jpg",100,100,true]},"uagb_author_info":{"display_name":"Karine","author_link":"https:\/\/www.nenuphar.com\/en\/author\/"},"uagb_comment_info":0,"uagb_excerpt":"Le taud peut aussi bien servir bateau m\u00e2t\u00e9, que pour la route. ATTENTION: certains tr\u00e8s vieux 505 ont des cad\u00e8nes d\u00e9cal\u00e9es: les ouvertures sur le taud sont modifi\u00e9es, aussi il est imp\u00e9ratif de nous indiquer la position des cad\u00e8nes.","_links":{"self":[{"href":"https:\/\/www.nenuphar.com\/en\/wp-json\/wp\/v2\/product\/2200","targetHints":{"allow":["GET"]}}],"collection":[{"href":"https:\/\/www.nenuphar.com\/en\/wp-json\/wp\/v2\/product"}],"about":[{"href":"https:\/\/www.nenuphar.com\/en\/wp-json\/wp\/v2\/types\/product"}],"wp:featuredmedia":[{"embeddable":true,"href":"https:\/\/www.nenuphar.com\/en\/wp-json\/wp\/v2\/media\/2239"}],"wp:attachment":[{"href":"https:\/\/www.nenuphar.com\/en\/wp-json\/wp\/v2\/media?parent=2200"}],"wp:term":[{"taxonomy":"product_brand","embeddable":true,"href":"https:\/\/www.nenuphar.com\/en\/wp-json\/wp\/v2\/product_brand?post=2200"},{"taxonomy":"product_cat","embeddable":true,"href":"https:\/\/www.nenuphar.com\/en\/wp-json\/wp\/v2\/product_cat?post=2200"},{"taxonomy":"product_tag","embeddable":true,"href":"https:\/\/www.nenuphar.com\/en\/wp-json\/wp\/v2\/product_tag?post=2200"}],"curies":[{"name":"wp","href":"https:\/\/api.w.org\/{rel}","templated":true}]}}