{"id":2208,"date":"2026-01-05T20:28:01","date_gmt":"2026-01-05T20:28:01","guid":{"rendered":"https:\/\/nen.kmkoncept.fr\/?post_type=product&#038;p=2208"},"modified":"2026-04-28T07:27:24","modified_gmt":"2026-04-28T07:27:24","slug":"taud-snipe-dessus-coton-polyester-315grs-ma%c2%b2","status":"publish","type":"product","link":"https:\/\/www.nenuphar.com\/en\/shop\/series\/deriveurs\/snipe\/taud-snipe-dessus-coton-polyester-315grs-ma%c2%b2\/","title":{"rendered":"\u2013 Snipe Top Cover"},"content":{"rendered":"<p>Snipe Top Cover <\/p>\n<p>Made in France. Sunbrella marine acrylic fabric. ELEGANCE finish, with transverse straps fitted with click-clack buckles to securely secure the cover. Flaps with Velcro on all openings (zip, pad eye, shrouds, etc.). The cover can be used both with the mast stepped and for road transport.<\/p>","protected":false},"excerpt":{"rendered":"<p>Top cover for Snipe. In Acrylic<\/p>","protected":false},"featured_media":2263,"template":"","meta":{"_acf_changed":false,"_uag_custom_page_level_css":""},"product_brand":[430],"product_cat":[214,131,37],"product_tag":[507],"class_list":{"0":"post-2208","1":"product","2":"type-product","3":"status-publish","4":"has-post-thumbnail","6":"product_brand-nenuphar","7":"product_cat-snipe","8":"product_cat-taud-dessus-deriveurs","9":"product_cat-tauds","10":"product_tag-snipe","12":"first","13":"onbackorder","14":"taxable","15":"shipping-taxable","16":"purchasable","17":"product-type-simple"},"acf":[],"aioseo_notices":[],"uagb_featured_image_src":{"full":["https:\/\/www.nenuphar.com\/wp-content\/uploads\/2026\/01\/3994.jpg",1138,475,false],"thumbnail":["https:\/\/www.nenuphar.com\/wp-content\/uploads\/2026\/01\/3994-150x150.jpg",150,150,true],"medium":["https:\/\/www.nenuphar.com\/wp-content\/uploads\/2026\/01\/3994-300x125.jpg",300,125,true],"medium_large":["https:\/\/www.nenuphar.com\/wp-content\/uploads\/2026\/01\/3994-768x321.jpg",768,321,true],"large":["https:\/\/www.nenuphar.com\/wp-content\/uploads\/2026\/01\/3994-1024x427.jpg",1024,427,true],"1536x1536":["https:\/\/www.nenuphar.com\/wp-content\/uploads\/2026\/01\/3994.jpg",1138,475,false],"2048x2048":["https:\/\/www.nenuphar.com\/wp-content\/uploads\/2026\/01\/3994.jpg",1138,475,false],"trp-custom-language-flag":["https:\/\/www.nenuphar.com\/wp-content\/uploads\/2026\/01\/3994.jpg",18,8,false],"woocommerce_thumbnail":["https:\/\/www.nenuphar.com\/wp-content\/uploads\/2026\/01\/3994-300x300.jpg",300,300,true],"woocommerce_single":["https:\/\/www.nenuphar.com\/wp-content\/uploads\/2026\/01\/3994-600x250.jpg",600,250,true],"woocommerce_gallery_thumbnail":["https:\/\/www.nenuphar.com\/wp-content\/uploads\/2026\/01\/3994-100x100.jpg",100,100,true]},"uagb_author_info":{"display_name":"Karine","author_link":"https:\/\/www.nenuphar.com\/en\/author\/"},"uagb_comment_info":0,"uagb_excerpt":"Taud Snipe dessus Fabriqu\u00e9 en France. Tissu acrylique marin Sunbrella. Finition ELEGANCE, avec sangles transversales munies de boucles clic-clac pour attacher fermement votre taud. Rabats avec velcros sur toutes les ouvertures (zip, cad\u00e8ne, haubans etc). Le taud peut aussi bien servir bateau m\u00e2t\u00e9, que pour la route.","_links":{"self":[{"href":"https:\/\/www.nenuphar.com\/en\/wp-json\/wp\/v2\/product\/2208","targetHints":{"allow":["GET"]}}],"collection":[{"href":"https:\/\/www.nenuphar.com\/en\/wp-json\/wp\/v2\/product"}],"about":[{"href":"https:\/\/www.nenuphar.com\/en\/wp-json\/wp\/v2\/types\/product"}],"wp:featuredmedia":[{"embeddable":true,"href":"https:\/\/www.nenuphar.com\/en\/wp-json\/wp\/v2\/media\/2263"}],"wp:attachment":[{"href":"https:\/\/www.nenuphar.com\/en\/wp-json\/wp\/v2\/media?parent=2208"}],"wp:term":[{"taxonomy":"product_brand","embeddable":true,"href":"https:\/\/www.nenuphar.com\/en\/wp-json\/wp\/v2\/product_brand?post=2208"},{"taxonomy":"product_cat","embeddable":true,"href":"https:\/\/www.nenuphar.com\/en\/wp-json\/wp\/v2\/product_cat?post=2208"},{"taxonomy":"product_tag","embeddable":true,"href":"https:\/\/www.nenuphar.com\/en\/wp-json\/wp\/v2\/product_tag?post=2208"}],"curies":[{"name":"wp","href":"https:\/\/api.w.org\/{rel}","templated":true}]}}