{"id":2209,"date":"2026-01-05T20:28:01","date_gmt":"2026-01-05T20:28:01","guid":{"rendered":"https:\/\/nen.kmkoncept.fr\/?post_type=product&#038;p=2209"},"modified":"2026-04-28T07:27:24","modified_gmt":"2026-04-28T07:27:24","slug":"taud-caravelle-dessus-coton-polyester-315grs-ma%c2%b2","status":"publish","type":"product","link":"https:\/\/www.nenuphar.com\/en\/shop\/series\/deriveurs\/caravelle\/taud-caravelle-dessus-coton-polyester-315grs-ma%c2%b2\/","title":{"rendered":"\u2013 Caravelle Top Cover"},"content":{"rendered":"<p>Caravelle top cover, various models available, please contact us.<\/p>\n<p>Made in France. Sunbrella Marine acrylic fabric. ELEGANCE finish, with transverse straps fitted with click-clack buckles to securely secure the cover. Flaps with Velcro on all openings (zip, pad eye, shrouds, etc.). The cover can be used both with the mast stepped and for road transport.<\/p>","protected":false},"excerpt":{"rendered":"<p>Top cover for Caravelle. In acrylic Sunbrella<\/p>","protected":false},"featured_media":2265,"template":"","meta":{"_acf_changed":false,"_uag_custom_page_level_css":""},"product_brand":[430],"product_cat":[197,131,37],"product_tag":[423],"class_list":{"0":"post-2209","1":"product","2":"type-product","3":"status-publish","4":"has-post-thumbnail","6":"product_brand-nenuphar","7":"product_cat-caravelle","8":"product_cat-taud-dessus-deriveurs","9":"product_cat-tauds","10":"product_tag-caravelle","12":"first","13":"onbackorder","14":"taxable","15":"shipping-taxable","16":"purchasable","17":"product-type-simple"},"acf":[],"aioseo_notices":[],"uagb_featured_image_src":{"full":["https:\/\/www.nenuphar.com\/wp-content\/uploads\/2026\/01\/3996.jpg",1183,559,false],"thumbnail":["https:\/\/www.nenuphar.com\/wp-content\/uploads\/2026\/01\/3996-150x150.jpg",150,150,true],"medium":["https:\/\/www.nenuphar.com\/wp-content\/uploads\/2026\/01\/3996-300x142.jpg",300,142,true],"medium_large":["https:\/\/www.nenuphar.com\/wp-content\/uploads\/2026\/01\/3996-768x363.jpg",768,363,true],"large":["https:\/\/www.nenuphar.com\/wp-content\/uploads\/2026\/01\/3996-1024x484.jpg",1024,484,true],"1536x1536":["https:\/\/www.nenuphar.com\/wp-content\/uploads\/2026\/01\/3996.jpg",1183,559,false],"2048x2048":["https:\/\/www.nenuphar.com\/wp-content\/uploads\/2026\/01\/3996.jpg",1183,559,false],"trp-custom-language-flag":["https:\/\/www.nenuphar.com\/wp-content\/uploads\/2026\/01\/3996.jpg",18,9,false],"woocommerce_thumbnail":["https:\/\/www.nenuphar.com\/wp-content\/uploads\/2026\/01\/3996-300x300.jpg",300,300,true],"woocommerce_single":["https:\/\/www.nenuphar.com\/wp-content\/uploads\/2026\/01\/3996-600x284.jpg",600,284,true],"woocommerce_gallery_thumbnail":["https:\/\/www.nenuphar.com\/wp-content\/uploads\/2026\/01\/3996-100x100.jpg",100,100,true]},"uagb_author_info":{"display_name":"Karine","author_link":"https:\/\/www.nenuphar.com\/en\/author\/"},"uagb_comment_info":0,"uagb_excerpt":"Taud Caravelle dessus, plusieurs mod\u00e8les, nous consulter. Fabriqu\u00e9 en France. Tissu Acrylique Sunbrella Marine. Finition ELEGANCE, avec sangles transversales munies de boucles clic-clac pour attacher fermement votre taud. Rabats avec velcros sur toutes les ouvertures (zip, cad\u00e8ne, haubans etc). Le taud peut aussi bien servir bateau m\u00e2t\u00e9, que pour la route.","_links":{"self":[{"href":"https:\/\/www.nenuphar.com\/en\/wp-json\/wp\/v2\/product\/2209","targetHints":{"allow":["GET"]}}],"collection":[{"href":"https:\/\/www.nenuphar.com\/en\/wp-json\/wp\/v2\/product"}],"about":[{"href":"https:\/\/www.nenuphar.com\/en\/wp-json\/wp\/v2\/types\/product"}],"wp:featuredmedia":[{"embeddable":true,"href":"https:\/\/www.nenuphar.com\/en\/wp-json\/wp\/v2\/media\/2265"}],"wp:attachment":[{"href":"https:\/\/www.nenuphar.com\/en\/wp-json\/wp\/v2\/media?parent=2209"}],"wp:term":[{"taxonomy":"product_brand","embeddable":true,"href":"https:\/\/www.nenuphar.com\/en\/wp-json\/wp\/v2\/product_brand?post=2209"},{"taxonomy":"product_cat","embeddable":true,"href":"https:\/\/www.nenuphar.com\/en\/wp-json\/wp\/v2\/product_cat?post=2209"},{"taxonomy":"product_tag","embeddable":true,"href":"https:\/\/www.nenuphar.com\/en\/wp-json\/wp\/v2\/product_tag?post=2209"}],"curies":[{"name":"wp","href":"https:\/\/api.w.org\/{rel}","templated":true}]}}