{"id":2225,"date":"2026-01-05T20:28:22","date_gmt":"2026-01-05T20:28:22","guid":{"rendered":"https:\/\/nen.kmkoncept.fr\/?post_type=product&#038;p=2225"},"modified":"2026-04-28T07:27:24","modified_gmt":"2026-04-28T07:27:24","slug":"taud-laser-vago-dessus-coton","status":"publish","type":"product","link":"https:\/\/www.nenuphar.com\/en\/shop\/stockage\/tauds\/taud-dessus-deriveurs\/taud-laser-vago-dessus-coton\/","title":{"rendered":"Laser Vago Top Cover"},"content":{"rendered":"<p>Made of 40% cotton, 60% polyester fabric treated for outdoor resistance and waterproofing.<\/p>\n<p>Finition soign\u00e9e.<\/p>","protected":false},"excerpt":{"rendered":"<p>R\u00e9alis\u00e9 en toile 40%coton 60% polyester ayant re\u00e7u un traitement sp\u00e9cial pour r\u00e9sister aux conditions ext\u00e9rieures et \u00eatre imperm\u00e9able. Finition soign\u00e9e.<\/p>","protected":false},"featured_media":2284,"template":"","meta":{"_acf_changed":false,"_uag_custom_page_level_css":""},"product_brand":[430],"product_cat":[131,37],"product_tag":[],"class_list":{"0":"post-2225","1":"product","2":"type-product","3":"status-publish","4":"has-post-thumbnail","6":"product_brand-nenuphar","7":"product_cat-taud-dessus-deriveurs","8":"product_cat-tauds","10":"first","11":"instock","12":"taxable","13":"shipping-taxable","14":"purchasable","15":"product-type-simple"},"acf":[],"aioseo_notices":[],"uagb_featured_image_src":{"full":["https:\/\/www.nenuphar.com\/wp-content\/uploads\/2026\/01\/5527.png",1042,462,false],"thumbnail":["https:\/\/www.nenuphar.com\/wp-content\/uploads\/2026\/01\/5527-150x150.png",150,150,true],"medium":["https:\/\/www.nenuphar.com\/wp-content\/uploads\/2026\/01\/5527-300x133.png",300,133,true],"medium_large":["https:\/\/www.nenuphar.com\/wp-content\/uploads\/2026\/01\/5527-768x341.png",768,341,true],"large":["https:\/\/www.nenuphar.com\/wp-content\/uploads\/2026\/01\/5527-1024x454.png",1024,454,true],"1536x1536":["https:\/\/www.nenuphar.com\/wp-content\/uploads\/2026\/01\/5527.png",1042,462,false],"2048x2048":["https:\/\/www.nenuphar.com\/wp-content\/uploads\/2026\/01\/5527.png",1042,462,false],"trp-custom-language-flag":["https:\/\/www.nenuphar.com\/wp-content\/uploads\/2026\/01\/5527.png",18,8,false],"woocommerce_thumbnail":["https:\/\/www.nenuphar.com\/wp-content\/uploads\/2026\/01\/5527-300x300.png",300,300,true],"woocommerce_single":["https:\/\/www.nenuphar.com\/wp-content\/uploads\/2026\/01\/5527-600x266.png",600,266,true],"woocommerce_gallery_thumbnail":["https:\/\/www.nenuphar.com\/wp-content\/uploads\/2026\/01\/5527-100x100.png",100,100,true]},"uagb_author_info":{"display_name":"Karine","author_link":"https:\/\/www.nenuphar.com\/en\/author\/"},"uagb_comment_info":0,"uagb_excerpt":"R\u00e9alis\u00e9 en toile 40%coton 60% polyester ayant re\u00e7u un traitement sp\u00e9cial pour r\u00e9sister aux conditions ext\u00e9rieures et \u00eatre imperm\u00e9able. Finition soign\u00e9e.","_links":{"self":[{"href":"https:\/\/www.nenuphar.com\/en\/wp-json\/wp\/v2\/product\/2225","targetHints":{"allow":["GET"]}}],"collection":[{"href":"https:\/\/www.nenuphar.com\/en\/wp-json\/wp\/v2\/product"}],"about":[{"href":"https:\/\/www.nenuphar.com\/en\/wp-json\/wp\/v2\/types\/product"}],"wp:featuredmedia":[{"embeddable":true,"href":"https:\/\/www.nenuphar.com\/en\/wp-json\/wp\/v2\/media\/2284"}],"wp:attachment":[{"href":"https:\/\/www.nenuphar.com\/en\/wp-json\/wp\/v2\/media?parent=2225"}],"wp:term":[{"taxonomy":"product_brand","embeddable":true,"href":"https:\/\/www.nenuphar.com\/en\/wp-json\/wp\/v2\/product_brand?post=2225"},{"taxonomy":"product_cat","embeddable":true,"href":"https:\/\/www.nenuphar.com\/en\/wp-json\/wp\/v2\/product_cat?post=2225"},{"taxonomy":"product_tag","embeddable":true,"href":"https:\/\/www.nenuphar.com\/en\/wp-json\/wp\/v2\/product_tag?post=2225"}],"curies":[{"name":"wp","href":"https:\/\/api.w.org\/{rel}","templated":true}]}}