{"id":2252,"date":"2026-01-05T20:28:42","date_gmt":"2026-01-05T20:28:42","guid":{"rendered":"https:\/\/nen.kmkoncept.fr\/?post_type=product&#038;p=2252"},"modified":"2026-04-28T07:27:25","modified_gmt":"2026-04-28T07:27:25","slug":"taud-laser-integral-coton-polyester-315grs-ma%c2%b2","status":"publish","type":"product","link":"https:\/\/www.nenuphar.com\/en\/shop\/stockage\/tauds\/taud-dessus-deriveurs\/taud-laser-integral-coton-polyester-315grs-ma%c2%b2\/","title":{"rendered":"Laser Integral Cover"},"content":{"rendered":"<p>Laser Integral Cover in Sunbrella marine acrylic fabric <img loading=\"lazy\" decoding=\"async\" src=\"http:\/\/www.nenuphar.com\/img\/cms\/sunbrella.jpg\" alt=\"\" width=\"150\" height=\"44\" \/><\/p>\n<p>Can be used both on the road to fully protect the boat and at the parking as a top cover.<\/p>","protected":false},"excerpt":{"rendered":"<div id=\"idTab1\" class=\"rte\">\n<p>To achieve this fit, the rear section is placed normally, and the front part of the bottom cover is folded under the top section.<\/p>\n<p>Very quick to put on and take off.<\/p>\n<p>Small webbing handles to help slide it onto the boat.<\/p>\n<p>Interior protection at the zipper area\u2014prevents scratches and keeps fabric from getting caught.<\/p>\n<p>Didier Weiler tested the prototype over approximately 8,000\u202fkm (various regattas in France, World Championship in Ireland, Europa Cup in Germany, French Youth Championship in Martigues, etc.).<\/p>\n<p>&#8211; A l&rsquo;endroit sur une remorque environ 4000 km<\/p>\n<p>&#8211; retourn\u00e9 sur le toit de son v\u00e9hicule environ 1000 km<\/p>\n<p>&#8211; en utilisation club sur remorque cath\u00e9drale environ 3000 km.<\/p>\n<p>Cela nous a permis de peaufiner le mod\u00e8le final.<\/p>\n<p>Un produit d&rsquo;utilisateur, pour les utilisateurs!<\/p>\n<\/div>","protected":false},"featured_media":2293,"template":"","meta":{"_acf_changed":false,"_uag_custom_page_level_css":""},"product_brand":[430],"product_cat":[131,37],"product_tag":[],"class_list":{"0":"post-2252","1":"product","2":"type-product","3":"status-publish","4":"has-post-thumbnail","6":"product_brand-nenuphar","7":"product_cat-taud-dessus-deriveurs","8":"product_cat-tauds","10":"first","11":"onbackorder","12":"taxable","13":"shipping-taxable","14":"purchasable","15":"product-type-simple"},"acf":[],"aioseo_notices":[],"uagb_featured_image_src":{"full":["https:\/\/www.nenuphar.com\/wp-content\/uploads\/2026\/01\/3568-scaled.jpg",2560,863,false],"thumbnail":["https:\/\/www.nenuphar.com\/wp-content\/uploads\/2026\/01\/3568-150x150.jpg",150,150,true],"medium":["https:\/\/www.nenuphar.com\/wp-content\/uploads\/2026\/01\/3568-300x101.jpg",300,101,true],"medium_large":["https:\/\/www.nenuphar.com\/wp-content\/uploads\/2026\/01\/3568-768x259.jpg",768,259,true],"large":["https:\/\/www.nenuphar.com\/wp-content\/uploads\/2026\/01\/3568-1024x345.jpg",1024,345,true],"1536x1536":["https:\/\/www.nenuphar.com\/wp-content\/uploads\/2026\/01\/3568-1536x518.jpg",1536,518,true],"2048x2048":["https:\/\/www.nenuphar.com\/wp-content\/uploads\/2026\/01\/3568-2048x690.jpg",2048,690,true],"trp-custom-language-flag":["https:\/\/www.nenuphar.com\/wp-content\/uploads\/2026\/01\/3568-scaled.jpg",18,6,false],"woocommerce_thumbnail":["https:\/\/www.nenuphar.com\/wp-content\/uploads\/2026\/01\/3568-300x300.jpg",300,300,true],"woocommerce_single":["https:\/\/www.nenuphar.com\/wp-content\/uploads\/2026\/01\/3568-600x202.jpg",600,202,true],"woocommerce_gallery_thumbnail":["https:\/\/www.nenuphar.com\/wp-content\/uploads\/2026\/01\/3568-100x100.jpg",100,100,true]},"uagb_author_info":{"display_name":"Karine","author_link":"https:\/\/www.nenuphar.com\/en\/author\/"},"uagb_comment_info":0,"uagb_excerpt":"Pour obtenir ce dernier, l'arri\u00e8re est mis normalement, la partie avant du dessous est repli\u00e9e sous la partie sup\u00e9rieure. Tr\u00e8s rapide \u00e0 mettre et \u00e0 enlever. Petites poign\u00e9es en sangle pour aider \u00e0 l'enfilage sur le bateau, Protection int\u00e9rieure au niveau du zip. pas de rayure,et pas de tissu coinc\u00e9. Didier Weiler a utilis\u00e9 le&hellip;","_links":{"self":[{"href":"https:\/\/www.nenuphar.com\/en\/wp-json\/wp\/v2\/product\/2252","targetHints":{"allow":["GET"]}}],"collection":[{"href":"https:\/\/www.nenuphar.com\/en\/wp-json\/wp\/v2\/product"}],"about":[{"href":"https:\/\/www.nenuphar.com\/en\/wp-json\/wp\/v2\/types\/product"}],"wp:featuredmedia":[{"embeddable":true,"href":"https:\/\/www.nenuphar.com\/en\/wp-json\/wp\/v2\/media\/2293"}],"wp:attachment":[{"href":"https:\/\/www.nenuphar.com\/en\/wp-json\/wp\/v2\/media?parent=2252"}],"wp:term":[{"taxonomy":"product_brand","embeddable":true,"href":"https:\/\/www.nenuphar.com\/en\/wp-json\/wp\/v2\/product_brand?post=2252"},{"taxonomy":"product_cat","embeddable":true,"href":"https:\/\/www.nenuphar.com\/en\/wp-json\/wp\/v2\/product_cat?post=2252"},{"taxonomy":"product_tag","embeddable":true,"href":"https:\/\/www.nenuphar.com\/en\/wp-json\/wp\/v2\/product_tag?post=2252"}],"curies":[{"name":"wp","href":"https:\/\/api.w.org\/{rel}","templated":true}]}}