{"id":2261,"date":"2026-01-05T20:28:43","date_gmt":"2026-01-05T20:28:43","guid":{"rendered":"https:\/\/nen.kmkoncept.fr\/?post_type=product&#038;p=2261"},"modified":"2026-04-28T07:27:26","modified_gmt":"2026-04-28T07:27:26","slug":"taud-first-14-dessus-poly-coton-430-grs-m2","status":"publish","type":"product","link":"https:\/\/www.nenuphar.com\/en\/shop\/stockage\/tauds\/taud-dessus-deriveurs\/taud-first-14-dessus-poly-coton-430-grs-m2\/","title":{"rendered":"\u2013 First 14 top cover in polyester."},"content":{"rendered":"<p>Top cover for First 14 in polycotton.<\/p>\n<p>Peut \u00eatre utilis\u00e9 au parking bateau m\u00e2t\u00e9 ou sur la route.<\/p>\n<p>Held in place by straps under the boat (supplied to be cut to length) and quick-release buckles. A strip runs all the way around, approximately 25 cm wide, with a hem containing elastic to keep the flap tight against the boat.<\/p>","protected":false},"excerpt":{"rendered":"<p>Taud First 14 dessus en Polycoton. Peut \u00eatre utilis\u00e9 au parking bateau m\u00e2t\u00e9 ou sur la route. Maintient en position par sangles sous le bateau (fournies \u00e0 couper \u00e0 la longueur) et boucles clic-clac. Bande sur tout le pourtour de 25 cm environ, avec ourlet contenant un \u00e9lastique pour plaquer ce rabat sur le bateau.<\/p>","protected":false},"featured_media":2322,"template":"","meta":{"_acf_changed":false,"_uag_custom_page_level_css":""},"product_brand":[],"product_cat":[131,37],"product_tag":[],"class_list":{"0":"post-2261","1":"product","2":"type-product","3":"status-publish","4":"has-post-thumbnail","6":"product_cat-taud-dessus-deriveurs","7":"product_cat-tauds","9":"first","10":"onbackorder","11":"taxable","12":"shipping-taxable","13":"purchasable","14":"product-type-simple"},"acf":[],"aioseo_notices":[],"uagb_featured_image_src":{"full":["https:\/\/www.nenuphar.com\/wp-content\/uploads\/2026\/01\/5518.jpg",1004,507,false],"thumbnail":["https:\/\/www.nenuphar.com\/wp-content\/uploads\/2026\/01\/5518-150x150.jpg",150,150,true],"medium":["https:\/\/www.nenuphar.com\/wp-content\/uploads\/2026\/01\/5518-300x151.jpg",300,151,true],"medium_large":["https:\/\/www.nenuphar.com\/wp-content\/uploads\/2026\/01\/5518-768x388.jpg",768,388,true],"large":["https:\/\/www.nenuphar.com\/wp-content\/uploads\/2026\/01\/5518.jpg",1004,507,false],"1536x1536":["https:\/\/www.nenuphar.com\/wp-content\/uploads\/2026\/01\/5518.jpg",1004,507,false],"2048x2048":["https:\/\/www.nenuphar.com\/wp-content\/uploads\/2026\/01\/5518.jpg",1004,507,false],"trp-custom-language-flag":["https:\/\/www.nenuphar.com\/wp-content\/uploads\/2026\/01\/5518.jpg",18,9,false],"woocommerce_thumbnail":["https:\/\/www.nenuphar.com\/wp-content\/uploads\/2026\/01\/5518-300x300.jpg",300,300,true],"woocommerce_single":["https:\/\/www.nenuphar.com\/wp-content\/uploads\/2026\/01\/5518-600x303.jpg",600,303,true],"woocommerce_gallery_thumbnail":["https:\/\/www.nenuphar.com\/wp-content\/uploads\/2026\/01\/5518-100x100.jpg",100,100,true]},"uagb_author_info":{"display_name":"Karine","author_link":"https:\/\/www.nenuphar.com\/en\/author\/"},"uagb_comment_info":0,"uagb_excerpt":"Taud First 14 dessus en Polycoton. Peut \u00eatre utilis\u00e9 au parking bateau m\u00e2t\u00e9 ou sur la route. Maintient en position par sangles sous le bateau (fournies \u00e0 couper \u00e0 la longueur) et boucles clic-clac. Bande sur tout le pourtour de 25 cm environ, avec ourlet contenant un \u00e9lastique pour plaquer ce rabat sur le bateau.","_links":{"self":[{"href":"https:\/\/www.nenuphar.com\/en\/wp-json\/wp\/v2\/product\/2261","targetHints":{"allow":["GET"]}}],"collection":[{"href":"https:\/\/www.nenuphar.com\/en\/wp-json\/wp\/v2\/product"}],"about":[{"href":"https:\/\/www.nenuphar.com\/en\/wp-json\/wp\/v2\/types\/product"}],"wp:featuredmedia":[{"embeddable":true,"href":"https:\/\/www.nenuphar.com\/en\/wp-json\/wp\/v2\/media\/2322"}],"wp:attachment":[{"href":"https:\/\/www.nenuphar.com\/en\/wp-json\/wp\/v2\/media?parent=2261"}],"wp:term":[{"taxonomy":"product_brand","embeddable":true,"href":"https:\/\/www.nenuphar.com\/en\/wp-json\/wp\/v2\/product_brand?post=2261"},{"taxonomy":"product_cat","embeddable":true,"href":"https:\/\/www.nenuphar.com\/en\/wp-json\/wp\/v2\/product_cat?post=2261"},{"taxonomy":"product_tag","embeddable":true,"href":"https:\/\/www.nenuphar.com\/en\/wp-json\/wp\/v2\/product_tag?post=2261"}],"curies":[{"name":"wp","href":"https:\/\/api.w.org\/{rel}","templated":true}]}}