{"id":2262,"date":"2026-01-05T20:28:43","date_gmt":"2026-01-05T20:28:43","guid":{"rendered":"https:\/\/nen.kmkoncept.fr\/?post_type=product&#038;p=2262"},"modified":"2026-04-28T07:27:26","modified_gmt":"2026-04-28T07:27:26","slug":"taud-flying-fifteen-dessus-poly-coton-430-grs","status":"publish","type":"product","link":"https:\/\/www.nenuphar.com\/en\/shop\/stockage\/tauds\/taud-dessus-deriveurs\/taud-flying-fifteen-dessus-poly-coton-430-grs\/","title":{"rendered":"Flying Fifteen Top Cover \u2013 430 g Cotton\/Polyester"},"content":{"rendered":"<p>Flying Fifteen top cover<\/p>\n<p>In blue waterproof and rot-resistant treated poly\/cotton fabric.<\/p>\n<p>Covers the entire boat.<\/p>\n<p>20 cm perimeter panels, with elasticated hem.<\/p>\n<p>Secured with straps and quick-release buckles.<\/p>\n<p>Openings for mast and rigging.<\/p>\n<p>Made to order only in our workshop in Nemours, France.<\/p>","protected":false},"excerpt":{"rendered":"<p>Taud de dessus pour Flying Fifteen en tissu poly coton trait\u00e9 imperm\u00e9able, imputrescible bleu recouvre l&rsquo;int\u00e9gralit\u00e9 du bateau bandes de 20 cm sur le pourtour, \u00e9lastiqu\u00e9e en bas fixation par sangle et boucles clic clac passages de mat et gr\u00e9ement fabriqu\u00e9 \u00e0 la commande uniquement dans notre atelier \u00e0 Nemours<\/p>","protected":false},"featured_media":2323,"template":"","meta":{"_acf_changed":false,"_uag_custom_page_level_css":""},"product_brand":[430],"product_cat":[131,37],"product_tag":[],"class_list":{"0":"post-2262","1":"product","2":"type-product","3":"status-publish","4":"has-post-thumbnail","6":"product_brand-nenuphar","7":"product_cat-taud-dessus-deriveurs","8":"product_cat-tauds","10":"first","11":"onbackorder","12":"taxable","13":"shipping-taxable","14":"purchasable","15":"product-type-simple"},"acf":[],"aioseo_notices":[],"uagb_featured_image_src":{"full":["https:\/\/www.nenuphar.com\/wp-content\/uploads\/2026\/01\/5343.jpg",1166,403,false],"thumbnail":["https:\/\/www.nenuphar.com\/wp-content\/uploads\/2026\/01\/5343-150x150.jpg",150,150,true],"medium":["https:\/\/www.nenuphar.com\/wp-content\/uploads\/2026\/01\/5343-300x104.jpg",300,104,true],"medium_large":["https:\/\/www.nenuphar.com\/wp-content\/uploads\/2026\/01\/5343-768x265.jpg",768,265,true],"large":["https:\/\/www.nenuphar.com\/wp-content\/uploads\/2026\/01\/5343-1024x354.jpg",1024,354,true],"1536x1536":["https:\/\/www.nenuphar.com\/wp-content\/uploads\/2026\/01\/5343.jpg",1166,403,false],"2048x2048":["https:\/\/www.nenuphar.com\/wp-content\/uploads\/2026\/01\/5343.jpg",1166,403,false],"trp-custom-language-flag":["https:\/\/www.nenuphar.com\/wp-content\/uploads\/2026\/01\/5343.jpg",18,6,false],"woocommerce_thumbnail":["https:\/\/www.nenuphar.com\/wp-content\/uploads\/2026\/01\/5343-300x300.jpg",300,300,true],"woocommerce_single":["https:\/\/www.nenuphar.com\/wp-content\/uploads\/2026\/01\/5343-600x207.jpg",600,207,true],"woocommerce_gallery_thumbnail":["https:\/\/www.nenuphar.com\/wp-content\/uploads\/2026\/01\/5343-100x100.jpg",100,100,true]},"uagb_author_info":{"display_name":"Karine","author_link":"https:\/\/www.nenuphar.com\/en\/author\/"},"uagb_comment_info":0,"uagb_excerpt":"Taud de dessus pour Flying Fifteen en tissu poly coton trait\u00e9 imperm\u00e9able, imputrescible bleu recouvre l&rsquo;int\u00e9gralit\u00e9 du bateau bandes de 20 cm sur le pourtour, \u00e9lastiqu\u00e9e en bas fixation par sangle et boucles clic clac passages de mat et gr\u00e9ement fabriqu\u00e9 \u00e0 la commande uniquement dans notre atelier \u00e0 Nemours","_links":{"self":[{"href":"https:\/\/www.nenuphar.com\/en\/wp-json\/wp\/v2\/product\/2262","targetHints":{"allow":["GET"]}}],"collection":[{"href":"https:\/\/www.nenuphar.com\/en\/wp-json\/wp\/v2\/product"}],"about":[{"href":"https:\/\/www.nenuphar.com\/en\/wp-json\/wp\/v2\/types\/product"}],"wp:featuredmedia":[{"embeddable":true,"href":"https:\/\/www.nenuphar.com\/en\/wp-json\/wp\/v2\/media\/2323"}],"wp:attachment":[{"href":"https:\/\/www.nenuphar.com\/en\/wp-json\/wp\/v2\/media?parent=2262"}],"wp:term":[{"taxonomy":"product_brand","embeddable":true,"href":"https:\/\/www.nenuphar.com\/en\/wp-json\/wp\/v2\/product_brand?post=2262"},{"taxonomy":"product_cat","embeddable":true,"href":"https:\/\/www.nenuphar.com\/en\/wp-json\/wp\/v2\/product_cat?post=2262"},{"taxonomy":"product_tag","embeddable":true,"href":"https:\/\/www.nenuphar.com\/en\/wp-json\/wp\/v2\/product_tag?post=2262"}],"curies":[{"name":"wp","href":"https:\/\/api.w.org\/{rel}","templated":true}]}}