{"id":2300,"date":"2026-01-05T20:30:07","date_gmt":"2026-01-05T20:30:07","guid":{"rendered":"https:\/\/nen.kmkoncept.fr\/?post_type=product&#038;p=2300"},"modified":"2026-04-28T07:27:26","modified_gmt":"2026-04-28T07:27:26","slug":"taud-laser-dessus-pvc","status":"publish","type":"product","link":"https:\/\/www.nenuphar.com\/en\/shop\/series\/deriveurs\/laser-deriveurs\/laser-1-ilca\/taud-laser-dessus-pvc\/","title":{"rendered":"TAUD LASER DESSUS PVC"},"content":{"rendered":"<p>Taud fabriqu\u00e9 en polyester enduit PVC 520g\/m\u00b2<\/p>\n<p>Made in France.<\/p>\n<p>Sangle livr\u00e9e en 1 morceau \u00e0 d\u00e9couper (1.80 ml x 1 et\u00a01.40 ml x 2)<\/p>","protected":false},"excerpt":{"rendered":"<p>Taud fabriqu\u00e9 en polyester enduit PVC 520g\/m\u00b2 Fabriqu\u00e9 en France. Sangle livr\u00e9e en 1 morceau \u00e0 d\u00e9couper (1.80 ml x 1 et\u00a01.40 ml x 2)<\/p>","protected":false},"featured_media":2353,"template":"","meta":{"_acf_changed":false,"_uag_custom_page_level_css":""},"product_brand":[430],"product_cat":[204,238,131,37],"product_tag":[],"class_list":{"0":"post-2300","1":"product","2":"type-product","3":"status-publish","4":"has-post-thumbnail","6":"product_brand-nenuphar","7":"product_cat-laser-deriveurs","8":"product_cat-laser-1-ilca","9":"product_cat-taud-dessus-deriveurs","10":"product_cat-tauds","12":"first","13":"onbackorder","14":"taxable","15":"shipping-taxable","16":"purchasable","17":"product-type-simple"},"acf":[],"aioseo_notices":[],"uagb_featured_image_src":{"full":["https:\/\/www.nenuphar.com\/wp-content\/uploads\/2026\/01\/3567-scaled.jpg",2560,1342,false],"thumbnail":["https:\/\/www.nenuphar.com\/wp-content\/uploads\/2026\/01\/3567-150x150.jpg",150,150,true],"medium":["https:\/\/www.nenuphar.com\/wp-content\/uploads\/2026\/01\/3567-300x157.jpg",300,157,true],"medium_large":["https:\/\/www.nenuphar.com\/wp-content\/uploads\/2026\/01\/3567-768x403.jpg",768,403,true],"large":["https:\/\/www.nenuphar.com\/wp-content\/uploads\/2026\/01\/3567-1024x537.jpg",1024,537,true],"1536x1536":["https:\/\/www.nenuphar.com\/wp-content\/uploads\/2026\/01\/3567-1536x805.jpg",1536,805,true],"2048x2048":["https:\/\/www.nenuphar.com\/wp-content\/uploads\/2026\/01\/3567-2048x1074.jpg",2048,1074,true],"trp-custom-language-flag":["https:\/\/www.nenuphar.com\/wp-content\/uploads\/2026\/01\/3567-scaled.jpg",18,9,false],"woocommerce_thumbnail":["https:\/\/www.nenuphar.com\/wp-content\/uploads\/2026\/01\/3567-300x300.jpg",300,300,true],"woocommerce_single":["https:\/\/www.nenuphar.com\/wp-content\/uploads\/2026\/01\/3567-600x315.jpg",600,315,true],"woocommerce_gallery_thumbnail":["https:\/\/www.nenuphar.com\/wp-content\/uploads\/2026\/01\/3567-100x100.jpg",100,100,true]},"uagb_author_info":{"display_name":"Karine","author_link":"https:\/\/www.nenuphar.com\/en\/author\/"},"uagb_comment_info":0,"uagb_excerpt":"Taud fabriqu\u00e9 en polyester enduit PVC 520g\/m\u00b2 Fabriqu\u00e9 en France. Sangle livr\u00e9e en 1 morceau \u00e0 d\u00e9couper (1.80 ml x 1 et\u00a01.40 ml x 2)","_links":{"self":[{"href":"https:\/\/www.nenuphar.com\/en\/wp-json\/wp\/v2\/product\/2300","targetHints":{"allow":["GET"]}}],"collection":[{"href":"https:\/\/www.nenuphar.com\/en\/wp-json\/wp\/v2\/product"}],"about":[{"href":"https:\/\/www.nenuphar.com\/en\/wp-json\/wp\/v2\/types\/product"}],"wp:featuredmedia":[{"embeddable":true,"href":"https:\/\/www.nenuphar.com\/en\/wp-json\/wp\/v2\/media\/2353"}],"wp:attachment":[{"href":"https:\/\/www.nenuphar.com\/en\/wp-json\/wp\/v2\/media?parent=2300"}],"wp:term":[{"taxonomy":"product_brand","embeddable":true,"href":"https:\/\/www.nenuphar.com\/en\/wp-json\/wp\/v2\/product_brand?post=2300"},{"taxonomy":"product_cat","embeddable":true,"href":"https:\/\/www.nenuphar.com\/en\/wp-json\/wp\/v2\/product_cat?post=2300"},{"taxonomy":"product_tag","embeddable":true,"href":"https:\/\/www.nenuphar.com\/en\/wp-json\/wp\/v2\/product_tag?post=2300"}],"curies":[{"name":"wp","href":"https:\/\/api.w.org\/{rel}","templated":true}]}}