{"id":2307,"date":"2026-01-05T20:30:07","date_gmt":"2026-01-05T20:30:07","guid":{"rendered":"https:\/\/nen.kmkoncept.fr\/?post_type=product&#038;p=2307"},"modified":"2026-04-28T07:27:27","modified_gmt":"2026-04-28T07:27:27","slug":"taud-europe-dessus-polyester-enduit-pvc-520-grs-ma%c2%b2","status":"publish","type":"product","link":"https:\/\/www.nenuphar.com\/en\/shop\/series\/deriveurs\/europe\/taud-europe-dessus-polyester-enduit-pvc-520-grs-ma%c2%b2\/","title":{"rendered":"&#8211; TAUD EUROPE DESSUS PVC"},"content":{"rendered":"<p>Made in France. Europe Top Cover \u2013 520 g\/m\u00b2 PVC-coated polyester. Covers the entire top of the boat. Equipped with strips extending 20 cm below the chine. An elastic cord in the hem ensures a snug fit. Fitted with retention straps with click-clasp fasteners. Can be installed for transport or with the boat rigged, but the boom volume is not included; the strips extend upward.<\/p>","protected":false},"excerpt":{"rendered":"<p>Fabriqu\u00e9 en France. Taud Europe dessus polyester enduit PVC 520 grs. Recouvre tout le dessus du bateau. Il est muni de bandes descendant 20 cm sous le liston. Un sandow dans l&rsquo;ourlet de pourtour permet un placage efficace. Muni de sangles de maintient avec clic-clac. Il peut \u00eatre install\u00e9 pour le transport, ou bateau m\u00e2t\u00e9 [&hellip;]<\/p>\n","protected":false},"featured_media":2363,"template":"","meta":{"_acf_changed":false,"_uag_custom_page_level_css":""},"product_brand":[430],"product_cat":[200,131,37],"product_tag":[483],"class_list":{"0":"post-2307","1":"product","2":"type-product","3":"status-publish","4":"has-post-thumbnail","6":"product_brand-nenuphar","7":"product_cat-europe","8":"product_cat-taud-dessus-deriveurs","9":"product_cat-tauds","10":"product_tag-europe","12":"first","13":"onbackorder","14":"taxable","15":"shipping-taxable","16":"purchasable","17":"product-type-simple"},"acf":[],"aioseo_notices":[],"uagb_featured_image_src":{"full":["https:\/\/www.nenuphar.com\/wp-content\/uploads\/2026\/01\/3661.jpg",1235,613,false],"thumbnail":["https:\/\/www.nenuphar.com\/wp-content\/uploads\/2026\/01\/3661-150x150.jpg",150,150,true],"medium":["https:\/\/www.nenuphar.com\/wp-content\/uploads\/2026\/01\/3661-300x149.jpg",300,149,true],"medium_large":["https:\/\/www.nenuphar.com\/wp-content\/uploads\/2026\/01\/3661-768x381.jpg",768,381,true],"large":["https:\/\/www.nenuphar.com\/wp-content\/uploads\/2026\/01\/3661-1024x508.jpg",1024,508,true],"1536x1536":["https:\/\/www.nenuphar.com\/wp-content\/uploads\/2026\/01\/3661.jpg",1235,613,false],"2048x2048":["https:\/\/www.nenuphar.com\/wp-content\/uploads\/2026\/01\/3661.jpg",1235,613,false],"trp-custom-language-flag":["https:\/\/www.nenuphar.com\/wp-content\/uploads\/2026\/01\/3661.jpg",18,9,false],"woocommerce_thumbnail":["https:\/\/www.nenuphar.com\/wp-content\/uploads\/2026\/01\/3661-300x300.jpg",300,300,true],"woocommerce_single":["https:\/\/www.nenuphar.com\/wp-content\/uploads\/2026\/01\/3661-600x298.jpg",600,298,true],"woocommerce_gallery_thumbnail":["https:\/\/www.nenuphar.com\/wp-content\/uploads\/2026\/01\/3661-100x100.jpg",100,100,true]},"uagb_author_info":{"display_name":"Karine","author_link":"https:\/\/www.nenuphar.com\/en\/author\/"},"uagb_comment_info":0,"uagb_excerpt":"Fabriqu\u00e9 en France. Taud Europe dessus polyester enduit PVC 520 grs. Recouvre tout le dessus du bateau. Il est muni de bandes descendant 20 cm sous le liston. Un sandow dans l&rsquo;ourlet de pourtour permet un placage efficace. Muni de sangles de maintient avec clic-clac. Il peut \u00eatre install\u00e9 pour le transport, ou bateau m\u00e2t\u00e9&hellip;","_links":{"self":[{"href":"https:\/\/www.nenuphar.com\/en\/wp-json\/wp\/v2\/product\/2307","targetHints":{"allow":["GET"]}}],"collection":[{"href":"https:\/\/www.nenuphar.com\/en\/wp-json\/wp\/v2\/product"}],"about":[{"href":"https:\/\/www.nenuphar.com\/en\/wp-json\/wp\/v2\/types\/product"}],"wp:featuredmedia":[{"embeddable":true,"href":"https:\/\/www.nenuphar.com\/en\/wp-json\/wp\/v2\/media\/2363"}],"wp:attachment":[{"href":"https:\/\/www.nenuphar.com\/en\/wp-json\/wp\/v2\/media?parent=2307"}],"wp:term":[{"taxonomy":"product_brand","embeddable":true,"href":"https:\/\/www.nenuphar.com\/en\/wp-json\/wp\/v2\/product_brand?post=2307"},{"taxonomy":"product_cat","embeddable":true,"href":"https:\/\/www.nenuphar.com\/en\/wp-json\/wp\/v2\/product_cat?post=2307"},{"taxonomy":"product_tag","embeddable":true,"href":"https:\/\/www.nenuphar.com\/en\/wp-json\/wp\/v2\/product_tag?post=2307"}],"curies":[{"name":"wp","href":"https:\/\/api.w.org\/{rel}","templated":true}]}}