{"id":2341,"date":"2026-01-05T20:31:09","date_gmt":"2026-01-05T20:31:09","guid":{"rendered":"https:\/\/nen.kmkoncept.fr\/?post_type=product&#038;p=2341"},"modified":"2026-04-28T07:27:27","modified_gmt":"2026-04-28T07:27:27","slug":"taud-zef-dessus-dyed-polyester","status":"publish","type":"product","link":"https:\/\/www.nenuphar.com\/en\/shop\/stockage\/tauds\/taud-dessus-deriveurs\/taud-zef-dessus-dyed-polyester\/","title":{"rendered":"Zef Top Cover \u2013 Dyed Polyester with PU Coating"},"content":{"rendered":"<p>Made in France.<\/p>\n<p>Zef top cover in ripstop polyester. Covers the entire top of the boat. Features flaps extending 20 cm below the gunwale. A bungee cord in the perimeter hem ensures a snug fit. Equipped with retaining straps with click-clack buckles. Can be installed for transport or with the mast stepped.<\/p>","protected":false},"excerpt":{"rendered":"<p>Fabriqu\u00e9 en France. Taud Zef polyester ripstop. Recouvre tout le dessus du bateau. Il est muni de bandes descendant 20 cm sous le liston. Un sandow dans l&rsquo;ourlet de pourtour permet un placage efficace. Muni de sangles de maintient avec clic-clac. Il peut \u00eatre install\u00e9 pour le transport, ou bateau m\u00e2t\u00e9.<\/p>","protected":false},"featured_media":2384,"template":"","meta":{"_acf_changed":false,"_uag_custom_page_level_css":""},"product_brand":[430],"product_cat":[131,37,223],"product_tag":[426],"class_list":{"0":"post-2341","1":"product","2":"type-product","3":"status-publish","4":"has-post-thumbnail","6":"product_brand-nenuphar","7":"product_cat-taud-dessus-deriveurs","8":"product_cat-tauds","9":"product_cat-zef","10":"product_tag-zef","12":"first","13":"onbackorder","14":"taxable","15":"shipping-taxable","16":"purchasable","17":"product-type-simple"},"acf":[],"aioseo_notices":[],"uagb_featured_image_src":{"full":["https:\/\/www.nenuphar.com\/wp-content\/uploads\/2026\/01\/3669.jpg",1197,602,false],"thumbnail":["https:\/\/www.nenuphar.com\/wp-content\/uploads\/2026\/01\/3669-150x150.jpg",150,150,true],"medium":["https:\/\/www.nenuphar.com\/wp-content\/uploads\/2026\/01\/3669-300x151.jpg",300,151,true],"medium_large":["https:\/\/www.nenuphar.com\/wp-content\/uploads\/2026\/01\/3669-768x386.jpg",768,386,true],"large":["https:\/\/www.nenuphar.com\/wp-content\/uploads\/2026\/01\/3669-1024x515.jpg",1024,515,true],"1536x1536":["https:\/\/www.nenuphar.com\/wp-content\/uploads\/2026\/01\/3669.jpg",1197,602,false],"2048x2048":["https:\/\/www.nenuphar.com\/wp-content\/uploads\/2026\/01\/3669.jpg",1197,602,false],"trp-custom-language-flag":["https:\/\/www.nenuphar.com\/wp-content\/uploads\/2026\/01\/3669.jpg",18,9,false],"woocommerce_thumbnail":["https:\/\/www.nenuphar.com\/wp-content\/uploads\/2026\/01\/3669-300x300.jpg",300,300,true],"woocommerce_single":["https:\/\/www.nenuphar.com\/wp-content\/uploads\/2026\/01\/3669-600x302.jpg",600,302,true],"woocommerce_gallery_thumbnail":["https:\/\/www.nenuphar.com\/wp-content\/uploads\/2026\/01\/3669-100x100.jpg",100,100,true]},"uagb_author_info":{"display_name":"Karine","author_link":"https:\/\/www.nenuphar.com\/en\/author\/"},"uagb_comment_info":0,"uagb_excerpt":"Fabriqu\u00e9 en France. Taud Zef polyester ripstop. Recouvre tout le dessus du bateau. Il est muni de bandes descendant 20 cm sous le liston. Un sandow dans l&rsquo;ourlet de pourtour permet un placage efficace. Muni de sangles de maintient avec clic-clac. Il peut \u00eatre install\u00e9 pour le transport, ou bateau m\u00e2t\u00e9.","_links":{"self":[{"href":"https:\/\/www.nenuphar.com\/en\/wp-json\/wp\/v2\/product\/2341","targetHints":{"allow":["GET"]}}],"collection":[{"href":"https:\/\/www.nenuphar.com\/en\/wp-json\/wp\/v2\/product"}],"about":[{"href":"https:\/\/www.nenuphar.com\/en\/wp-json\/wp\/v2\/types\/product"}],"wp:featuredmedia":[{"embeddable":true,"href":"https:\/\/www.nenuphar.com\/en\/wp-json\/wp\/v2\/media\/2384"}],"wp:attachment":[{"href":"https:\/\/www.nenuphar.com\/en\/wp-json\/wp\/v2\/media?parent=2341"}],"wp:term":[{"taxonomy":"product_brand","embeddable":true,"href":"https:\/\/www.nenuphar.com\/en\/wp-json\/wp\/v2\/product_brand?post=2341"},{"taxonomy":"product_cat","embeddable":true,"href":"https:\/\/www.nenuphar.com\/en\/wp-json\/wp\/v2\/product_cat?post=2341"},{"taxonomy":"product_tag","embeddable":true,"href":"https:\/\/www.nenuphar.com\/en\/wp-json\/wp\/v2\/product_tag?post=2341"}],"curies":[{"name":"wp","href":"https:\/\/api.w.org\/{rel}","templated":true}]}}