{"id":2371,"date":"2026-01-05T20:31:30","date_gmt":"2026-01-05T20:31:30","guid":{"rendered":"https:\/\/nen.kmkoncept.fr\/?post_type=product&#038;p=2371"},"modified":"2026-04-28T07:27:28","modified_gmt":"2026-04-28T07:27:28","slug":"taud-snipe-dessus-polyester-enduit-pvc","status":"publish","type":"product","link":"https:\/\/www.nenuphar.com\/en\/shop\/series\/deriveurs\/snipe\/taud-snipe-dessus-polyester-enduit-pvc\/","title":{"rendered":"&#8211; TAUD SNIPE DESSUS PVC"},"content":{"rendered":"<p>Snipe Top Cover, made in our workshops in France from durable 520 g\/m\u00b2 PVC-coated polyester fabric.<\/p>\n<p>Durable and easy to clean.<\/p>\n<p>WARNING: Two opening positions are available \u2013 download the plans to choose the one that suits you.<\/p>","protected":false},"excerpt":{"rendered":"<p>This cover is made in France, in a strong polyester PVC enducted, longlife and esay to clean. BE CAREFUL: we offer 2 kinds of openings, for old and new boats. Please, see our drawings onto the dowload section, to choose yours.<\/p>","protected":false},"featured_media":2416,"template":"","meta":{"_acf_changed":false,"_uag_custom_page_level_css":""},"product_brand":[430],"product_cat":[214,131,37],"product_tag":[507],"class_list":{"0":"post-2371","1":"product","2":"type-product","3":"status-publish","4":"has-post-thumbnail","6":"product_brand-nenuphar","7":"product_cat-snipe","8":"product_cat-taud-dessus-deriveurs","9":"product_cat-tauds","10":"product_tag-snipe","12":"first","13":"onbackorder","14":"taxable","15":"shipping-taxable","16":"purchasable","17":"product-type-simple"},"acf":[],"aioseo_notices":[],"uagb_featured_image_src":{"full":["https:\/\/www.nenuphar.com\/wp-content\/uploads\/2026\/01\/3683.jpg",1138,475,false],"thumbnail":["https:\/\/www.nenuphar.com\/wp-content\/uploads\/2026\/01\/3683-150x150.jpg",150,150,true],"medium":["https:\/\/www.nenuphar.com\/wp-content\/uploads\/2026\/01\/3683-300x125.jpg",300,125,true],"medium_large":["https:\/\/www.nenuphar.com\/wp-content\/uploads\/2026\/01\/3683-768x321.jpg",768,321,true],"large":["https:\/\/www.nenuphar.com\/wp-content\/uploads\/2026\/01\/3683-1024x427.jpg",1024,427,true],"1536x1536":["https:\/\/www.nenuphar.com\/wp-content\/uploads\/2026\/01\/3683.jpg",1138,475,false],"2048x2048":["https:\/\/www.nenuphar.com\/wp-content\/uploads\/2026\/01\/3683.jpg",1138,475,false],"trp-custom-language-flag":["https:\/\/www.nenuphar.com\/wp-content\/uploads\/2026\/01\/3683.jpg",18,8,false],"woocommerce_thumbnail":["https:\/\/www.nenuphar.com\/wp-content\/uploads\/2026\/01\/3683-300x300.jpg",300,300,true],"woocommerce_single":["https:\/\/www.nenuphar.com\/wp-content\/uploads\/2026\/01\/3683-600x250.jpg",600,250,true],"woocommerce_gallery_thumbnail":["https:\/\/www.nenuphar.com\/wp-content\/uploads\/2026\/01\/3683-100x100.jpg",100,100,true]},"uagb_author_info":{"display_name":"Karine","author_link":"https:\/\/www.nenuphar.com\/en\/author\/"},"uagb_comment_info":0,"uagb_excerpt":"Taud dessus pour Snipe, r\u00e9alis\u00e9 en France dans nos ateliers dasn un solide tissu polyester enduit PVC de 520g\/m\u00b2. Durable, facile \u00e0 nettoyer. ATTENTION: 2 placements d&rsquo;ouvertures existent: t\u00e9l\u00e9chargez les plans pour choisir celui qui vous convient.","_links":{"self":[{"href":"https:\/\/www.nenuphar.com\/en\/wp-json\/wp\/v2\/product\/2371","targetHints":{"allow":["GET"]}}],"collection":[{"href":"https:\/\/www.nenuphar.com\/en\/wp-json\/wp\/v2\/product"}],"about":[{"href":"https:\/\/www.nenuphar.com\/en\/wp-json\/wp\/v2\/types\/product"}],"wp:featuredmedia":[{"embeddable":true,"href":"https:\/\/www.nenuphar.com\/en\/wp-json\/wp\/v2\/media\/2416"}],"wp:attachment":[{"href":"https:\/\/www.nenuphar.com\/en\/wp-json\/wp\/v2\/media?parent=2371"}],"wp:term":[{"taxonomy":"product_brand","embeddable":true,"href":"https:\/\/www.nenuphar.com\/en\/wp-json\/wp\/v2\/product_brand?post=2371"},{"taxonomy":"product_cat","embeddable":true,"href":"https:\/\/www.nenuphar.com\/en\/wp-json\/wp\/v2\/product_cat?post=2371"},{"taxonomy":"product_tag","embeddable":true,"href":"https:\/\/www.nenuphar.com\/en\/wp-json\/wp\/v2\/product_tag?post=2371"}],"curies":[{"name":"wp","href":"https:\/\/api.w.org\/{rel}","templated":true}]}}