{"id":2373,"date":"2026-01-05T20:31:30","date_gmt":"2026-01-05T20:31:30","guid":{"rendered":"https:\/\/nen.kmkoncept.fr\/?post_type=product&#038;p=2373"},"modified":"2026-04-28T07:27:28","modified_gmt":"2026-04-28T07:27:28","slug":"taud-snipe-route-dessus-polyester-enduit-pvc-520-grs-ma%c2%b2","status":"publish","type":"product","link":"https:\/\/www.nenuphar.com\/en\/shop\/series\/deriveurs\/snipe\/taud-snipe-route-dessus-polyester-enduit-pvc-520-grs-ma%c2%b2\/","title":{"rendered":"Snipe Road Top Cover \u2013 520 g PVC-Coated Polyester"},"content":{"rendered":"<p>Road cover for Snipe.<\/p>\n<p>Full top cover without openings, for better protection of the boat during road transport.<\/p>\n<p>Made from very strong double-sided PVC-coated polyester, 520 g\/m\u00b2.<\/p>","protected":false},"excerpt":{"rendered":"<p>Top cover for Snipe. This cover has no openings, it is dedicated to road use only. Advantages: less openings, boat more clean ! Made in a strong polyester PVC backed 2 sides.<\/p>","protected":false},"featured_media":2419,"template":"","meta":{"_acf_changed":false,"_uag_custom_page_level_css":""},"product_brand":[430],"product_cat":[214,131,37],"product_tag":[507],"class_list":{"0":"post-2373","1":"product","2":"type-product","3":"status-publish","4":"has-post-thumbnail","6":"product_brand-nenuphar","7":"product_cat-snipe","8":"product_cat-taud-dessus-deriveurs","9":"product_cat-tauds","10":"product_tag-snipe","12":"first","13":"onbackorder","14":"taxable","15":"shipping-taxable","16":"purchasable","17":"product-type-simple"},"acf":[],"aioseo_notices":[],"uagb_featured_image_src":{"full":["https:\/\/www.nenuphar.com\/wp-content\/uploads\/2026\/01\/3686.jpg",1133,482,false],"thumbnail":["https:\/\/www.nenuphar.com\/wp-content\/uploads\/2026\/01\/3686-150x150.jpg",150,150,true],"medium":["https:\/\/www.nenuphar.com\/wp-content\/uploads\/2026\/01\/3686-300x128.jpg",300,128,true],"medium_large":["https:\/\/www.nenuphar.com\/wp-content\/uploads\/2026\/01\/3686-768x327.jpg",768,327,true],"large":["https:\/\/www.nenuphar.com\/wp-content\/uploads\/2026\/01\/3686-1024x436.jpg",1024,436,true],"1536x1536":["https:\/\/www.nenuphar.com\/wp-content\/uploads\/2026\/01\/3686.jpg",1133,482,false],"2048x2048":["https:\/\/www.nenuphar.com\/wp-content\/uploads\/2026\/01\/3686.jpg",1133,482,false],"trp-custom-language-flag":["https:\/\/www.nenuphar.com\/wp-content\/uploads\/2026\/01\/3686.jpg",18,8,false],"woocommerce_thumbnail":["https:\/\/www.nenuphar.com\/wp-content\/uploads\/2026\/01\/3686-300x300.jpg",300,300,true],"woocommerce_single":["https:\/\/www.nenuphar.com\/wp-content\/uploads\/2026\/01\/3686-600x255.jpg",600,255,true],"woocommerce_gallery_thumbnail":["https:\/\/www.nenuphar.com\/wp-content\/uploads\/2026\/01\/3686-100x100.jpg",100,100,true]},"uagb_author_info":{"display_name":"Karine","author_link":"https:\/\/www.nenuphar.com\/en\/author\/"},"uagb_comment_info":0,"uagb_excerpt":"Taud de route pour Snipe. Taud de dessus sans ouverture, afin de mieux prot\u00e9ger le bateau sur la route. R\u00e9alis\u00e9 dans un polyester enduit PVC 2 faces 520G\/M\u00b2 tr\u00e8s solide.","_links":{"self":[{"href":"https:\/\/www.nenuphar.com\/en\/wp-json\/wp\/v2\/product\/2373","targetHints":{"allow":["GET"]}}],"collection":[{"href":"https:\/\/www.nenuphar.com\/en\/wp-json\/wp\/v2\/product"}],"about":[{"href":"https:\/\/www.nenuphar.com\/en\/wp-json\/wp\/v2\/types\/product"}],"wp:featuredmedia":[{"embeddable":true,"href":"https:\/\/www.nenuphar.com\/en\/wp-json\/wp\/v2\/media\/2419"}],"wp:attachment":[{"href":"https:\/\/www.nenuphar.com\/en\/wp-json\/wp\/v2\/media?parent=2373"}],"wp:term":[{"taxonomy":"product_brand","embeddable":true,"href":"https:\/\/www.nenuphar.com\/en\/wp-json\/wp\/v2\/product_brand?post=2373"},{"taxonomy":"product_cat","embeddable":true,"href":"https:\/\/www.nenuphar.com\/en\/wp-json\/wp\/v2\/product_cat?post=2373"},{"taxonomy":"product_tag","embeddable":true,"href":"https:\/\/www.nenuphar.com\/en\/wp-json\/wp\/v2\/product_tag?post=2373"}],"curies":[{"name":"wp","href":"https:\/\/api.w.org\/{rel}","templated":true}]}}