{"id":2423,"date":"2026-01-05T20:32:19","date_gmt":"2026-01-05T20:32:19","guid":{"rendered":"https:\/\/nen.kmkoncept.fr\/?post_type=product&#038;p=2423"},"modified":"2026-04-28T07:27:29","modified_gmt":"2026-04-28T07:27:29","slug":"taud-surf-dessus-polyester-enduit-pvc-520-grs","status":"publish","type":"product","link":"https:\/\/www.nenuphar.com\/en\/shop\/stockage\/tauds\/taud-dessus-deriveurs\/taud-surf-dessus-polyester-enduit-pvc-520-grs\/","title":{"rendered":"Surf Top Cover \u2013 PVC-Coated Polyester 520 g\/m\u00b2"},"content":{"rendered":"<p>Surf La Prairie top cover.<\/p>\n<p>Surf La Prairie top cover in 520 g\/m\u00b2 PVC-coated polyester.<\/p>\n<p>Standard: mast opening allowing the cover to be used at the dock with the mast stepped.<\/p>\n<p>Fabriqu\u00e9 uniquement sur commande.<\/p><\/p>","protected":false},"excerpt":{"rendered":"<p>Taud de dessus pour Surf la Prairie. En polyester enduit PVC 520 g\/m\u00b2. En s\u00e9rie: passage de m\u00e2t pour utiliser le taud au parking, bateau m\u00e2t\u00e9. Fabriqu\u00e9 uniquement sur commande.<\/p>","protected":false},"featured_media":2455,"template":"","meta":{"_acf_changed":false,"_uag_custom_page_level_css":""},"product_brand":[430],"product_cat":[131,37],"product_tag":[],"class_list":{"0":"post-2423","1":"product","2":"type-product","3":"status-publish","4":"has-post-thumbnail","6":"product_brand-nenuphar","7":"product_cat-taud-dessus-deriveurs","8":"product_cat-tauds","10":"first","11":"onbackorder","12":"taxable","13":"shipping-taxable","14":"purchasable","15":"product-type-simple"},"acf":[],"aioseo_notices":[],"uagb_featured_image_src":{"full":["https:\/\/www.nenuphar.com\/wp-content\/uploads\/2026\/01\/5542.png",1095,508,false],"thumbnail":["https:\/\/www.nenuphar.com\/wp-content\/uploads\/2026\/01\/5542-150x150.png",150,150,true],"medium":["https:\/\/www.nenuphar.com\/wp-content\/uploads\/2026\/01\/5542-300x139.png",300,139,true],"medium_large":["https:\/\/www.nenuphar.com\/wp-content\/uploads\/2026\/01\/5542-768x356.png",768,356,true],"large":["https:\/\/www.nenuphar.com\/wp-content\/uploads\/2026\/01\/5542-1024x475.png",1024,475,true],"1536x1536":["https:\/\/www.nenuphar.com\/wp-content\/uploads\/2026\/01\/5542.png",1095,508,false],"2048x2048":["https:\/\/www.nenuphar.com\/wp-content\/uploads\/2026\/01\/5542.png",1095,508,false],"trp-custom-language-flag":["https:\/\/www.nenuphar.com\/wp-content\/uploads\/2026\/01\/5542.png",18,8,false],"woocommerce_thumbnail":["https:\/\/www.nenuphar.com\/wp-content\/uploads\/2026\/01\/5542-300x300.png",300,300,true],"woocommerce_single":["https:\/\/www.nenuphar.com\/wp-content\/uploads\/2026\/01\/5542-600x278.png",600,278,true],"woocommerce_gallery_thumbnail":["https:\/\/www.nenuphar.com\/wp-content\/uploads\/2026\/01\/5542-100x100.png",100,100,true]},"uagb_author_info":{"display_name":"Karine","author_link":"https:\/\/www.nenuphar.com\/en\/author\/"},"uagb_comment_info":0,"uagb_excerpt":"Taud de dessus pour Surf la Prairie. En polyester enduit PVC 520 g\/m\u00b2. En s\u00e9rie: passage de m\u00e2t pour utiliser le taud au parking, bateau m\u00e2t\u00e9. Fabriqu\u00e9 uniquement sur commande.","_links":{"self":[{"href":"https:\/\/www.nenuphar.com\/en\/wp-json\/wp\/v2\/product\/2423","targetHints":{"allow":["GET"]}}],"collection":[{"href":"https:\/\/www.nenuphar.com\/en\/wp-json\/wp\/v2\/product"}],"about":[{"href":"https:\/\/www.nenuphar.com\/en\/wp-json\/wp\/v2\/types\/product"}],"wp:featuredmedia":[{"embeddable":true,"href":"https:\/\/www.nenuphar.com\/en\/wp-json\/wp\/v2\/media\/2455"}],"wp:attachment":[{"href":"https:\/\/www.nenuphar.com\/en\/wp-json\/wp\/v2\/media?parent=2423"}],"wp:term":[{"taxonomy":"product_brand","embeddable":true,"href":"https:\/\/www.nenuphar.com\/en\/wp-json\/wp\/v2\/product_brand?post=2423"},{"taxonomy":"product_cat","embeddable":true,"href":"https:\/\/www.nenuphar.com\/en\/wp-json\/wp\/v2\/product_cat?post=2423"},{"taxonomy":"product_tag","embeddable":true,"href":"https:\/\/www.nenuphar.com\/en\/wp-json\/wp\/v2\/product_tag?post=2423"}],"curies":[{"name":"wp","href":"https:\/\/api.w.org\/{rel}","templated":true}]}}