{"id":2426,"date":"2026-01-05T20:32:19","date_gmt":"2026-01-05T20:32:19","guid":{"rendered":"https:\/\/nen.kmkoncept.fr\/?post_type=product&#038;p=2426"},"modified":"2026-04-28T07:27:29","modified_gmt":"2026-04-28T07:27:29","slug":"taud-finn-dessus-parking-polyester-enduit-pvc-520-grs","status":"publish","type":"product","link":"https:\/\/www.nenuphar.com\/en\/shop\/series\/deriveurs\/finn\/taud-finn-dessus-parking-polyester-enduit-pvc-520-grs\/","title":{"rendered":"Boat park top cover for Finn \u2013 PVC-coated polyester 520 g\/m\u00b2."},"content":{"rendered":"<p>Top cover passing over the boom, for boat park use only.<\/p>\n<p><span style=\"text-decoration:underline;\">PVC-coated polyester<\/span> PVC-coated tarp-style fabric, based on 550\/1100 dtex polyester, coated with PVC on the outer side to ensure perfect waterproofing and easy cleaning with a sponge. The weight is 520 g\/m\u00b2. This fabric is made in Europe.<\/p>","protected":false},"excerpt":{"rendered":"<p>Taud passant par dessus la b\u00f4me, pour le parking uniquement Le polyester enduit PVC : tissu de type \u00ab\u00a0b\u00e2che\u00a0\u00bb, sur base d\u2019un polyester 550dtex\/1100dtex enduit PVC sur la face ext\u00e9rieure assurant une \u00e9tanch\u00e9it\u00e9 parfaite et une grande facilit\u00e9 de nettoyage \u00e0 l\u2019\u00e9ponge. Le grammage est de 520 g\/m\u00b2. Ce tissu est fabriqu\u00e9 en Europe.<\/p>","protected":false},"featured_media":2471,"template":"","meta":{"_acf_changed":false,"_uag_custom_page_level_css":""},"product_brand":[430],"product_cat":[201,131,37],"product_tag":[484],"class_list":{"0":"post-2426","1":"product","2":"type-product","3":"status-publish","4":"has-post-thumbnail","6":"product_brand-nenuphar","7":"product_cat-finn","8":"product_cat-taud-dessus-deriveurs","9":"product_cat-tauds","10":"product_tag-finn","12":"first","13":"onbackorder","14":"taxable","15":"shipping-taxable","16":"purchasable","17":"product-type-simple"},"acf":[],"aioseo_notices":[],"uagb_featured_image_src":{"full":["https:\/\/www.nenuphar.com\/wp-content\/uploads\/2026\/01\/3983.jpg",1116,505,false],"thumbnail":["https:\/\/www.nenuphar.com\/wp-content\/uploads\/2026\/01\/3983-150x150.jpg",150,150,true],"medium":["https:\/\/www.nenuphar.com\/wp-content\/uploads\/2026\/01\/3983-300x136.jpg",300,136,true],"medium_large":["https:\/\/www.nenuphar.com\/wp-content\/uploads\/2026\/01\/3983-768x348.jpg",768,348,true],"large":["https:\/\/www.nenuphar.com\/wp-content\/uploads\/2026\/01\/3983-1024x463.jpg",1024,463,true],"1536x1536":["https:\/\/www.nenuphar.com\/wp-content\/uploads\/2026\/01\/3983.jpg",1116,505,false],"2048x2048":["https:\/\/www.nenuphar.com\/wp-content\/uploads\/2026\/01\/3983.jpg",1116,505,false],"trp-custom-language-flag":["https:\/\/www.nenuphar.com\/wp-content\/uploads\/2026\/01\/3983.jpg",18,8,false],"woocommerce_thumbnail":["https:\/\/www.nenuphar.com\/wp-content\/uploads\/2026\/01\/3983-300x300.jpg",300,300,true],"woocommerce_single":["https:\/\/www.nenuphar.com\/wp-content\/uploads\/2026\/01\/3983-600x272.jpg",600,272,true],"woocommerce_gallery_thumbnail":["https:\/\/www.nenuphar.com\/wp-content\/uploads\/2026\/01\/3983-100x100.jpg",100,100,true]},"uagb_author_info":{"display_name":"Karine","author_link":"https:\/\/www.nenuphar.com\/en\/author\/"},"uagb_comment_info":0,"uagb_excerpt":"Taud passant par dessus la b\u00f4me, pour le parking uniquement Le polyester enduit PVC : tissu de type \u00ab\u00a0b\u00e2che\u00a0\u00bb, sur base d\u2019un polyester 550dtex\/1100dtex enduit PVC sur la face ext\u00e9rieure assurant une \u00e9tanch\u00e9it\u00e9 parfaite et une grande facilit\u00e9 de nettoyage \u00e0 l\u2019\u00e9ponge. Le grammage est de 520 g\/m\u00b2. Ce tissu est fabriqu\u00e9 en Europe.","_links":{"self":[{"href":"https:\/\/www.nenuphar.com\/en\/wp-json\/wp\/v2\/product\/2426","targetHints":{"allow":["GET"]}}],"collection":[{"href":"https:\/\/www.nenuphar.com\/en\/wp-json\/wp\/v2\/product"}],"about":[{"href":"https:\/\/www.nenuphar.com\/en\/wp-json\/wp\/v2\/types\/product"}],"wp:featuredmedia":[{"embeddable":true,"href":"https:\/\/www.nenuphar.com\/en\/wp-json\/wp\/v2\/media\/2471"}],"wp:attachment":[{"href":"https:\/\/www.nenuphar.com\/en\/wp-json\/wp\/v2\/media?parent=2426"}],"wp:term":[{"taxonomy":"product_brand","embeddable":true,"href":"https:\/\/www.nenuphar.com\/en\/wp-json\/wp\/v2\/product_brand?post=2426"},{"taxonomy":"product_cat","embeddable":true,"href":"https:\/\/www.nenuphar.com\/en\/wp-json\/wp\/v2\/product_cat?post=2426"},{"taxonomy":"product_tag","embeddable":true,"href":"https:\/\/www.nenuphar.com\/en\/wp-json\/wp\/v2\/product_tag?post=2426"}],"curies":[{"name":"wp","href":"https:\/\/api.w.org\/{rel}","templated":true}]}}