{"id":2439,"date":"2026-01-05T20:32:20","date_gmt":"2026-01-05T20:32:20","guid":{"rendered":"https:\/\/nen.kmkoncept.fr\/?post_type=product&#038;p=2439"},"modified":"2026-04-28T07:27:30","modified_gmt":"2026-04-28T07:27:30","slug":"taud-laser-vago-dessus-polyester-enduit-pvc-520g","status":"publish","type":"product","link":"https:\/\/www.nenuphar.com\/en\/shop\/stockage\/tauds\/taud-dessus-deriveurs\/taud-laser-vago-dessus-polyester-enduit-pvc-520g\/","title":{"rendered":"TAUD LASER VAGO DESSUS &#8211; ENDUIT PVC 520"},"content":{"rendered":"<p><strong><\/strong> <span style=\"text-decoration:underline;\">PVC-coated polyester<\/span> PVC-coated tarp-style fabric, based on 550\/1100 dtex polyester, coated with PVC on the outer side to ensure perfect waterproofing and easy cleaning with a sponge. The weight is 520 g\/m\u00b2. This fabric is made in Europe.<\/p>","protected":false},"excerpt":{"rendered":"<p>Le polyester enduit PVC : tissu de type \u00ab\u00a0b\u00e2che\u00a0\u00bb, sur base d\u2019un polyester 550dtex\/1100dtex enduit PVC sur la face ext\u00e9rieure assurant une \u00e9tanch\u00e9it\u00e9 parfaite et une grande facilit\u00e9 de nettoyage \u00e0 l\u2019\u00e9ponge. Le grammage est de 520 g\/m\u00b2. Ce tissu est fabriqu\u00e9 en Europe.<\/p>","protected":false},"featured_media":2487,"template":"","meta":{"_acf_changed":false,"_uag_custom_page_level_css":""},"product_brand":[430],"product_cat":[131,37],"product_tag":[],"class_list":{"0":"post-2439","1":"product","2":"type-product","3":"status-publish","4":"has-post-thumbnail","6":"product_brand-nenuphar","7":"product_cat-taud-dessus-deriveurs","8":"product_cat-tauds","10":"first","11":"onbackorder","12":"taxable","13":"shipping-taxable","14":"purchasable","15":"product-type-simple"},"acf":[],"aioseo_notices":[],"uagb_featured_image_src":{"full":["https:\/\/www.nenuphar.com\/wp-content\/uploads\/2026\/01\/3989-scaled.jpg",2560,1440,false],"thumbnail":["https:\/\/www.nenuphar.com\/wp-content\/uploads\/2026\/01\/3989-150x150.jpg",150,150,true],"medium":["https:\/\/www.nenuphar.com\/wp-content\/uploads\/2026\/01\/3989-300x169.jpg",300,169,true],"medium_large":["https:\/\/www.nenuphar.com\/wp-content\/uploads\/2026\/01\/3989-768x432.jpg",768,432,true],"large":["https:\/\/www.nenuphar.com\/wp-content\/uploads\/2026\/01\/3989-1024x576.jpg",1024,576,true],"1536x1536":["https:\/\/www.nenuphar.com\/wp-content\/uploads\/2026\/01\/3989-1536x864.jpg",1536,864,true],"2048x2048":["https:\/\/www.nenuphar.com\/wp-content\/uploads\/2026\/01\/3989-2048x1152.jpg",2048,1152,true],"trp-custom-language-flag":["https:\/\/www.nenuphar.com\/wp-content\/uploads\/2026\/01\/3989-scaled.jpg",18,10,false],"woocommerce_thumbnail":["https:\/\/www.nenuphar.com\/wp-content\/uploads\/2026\/01\/3989-300x300.jpg",300,300,true],"woocommerce_single":["https:\/\/www.nenuphar.com\/wp-content\/uploads\/2026\/01\/3989-600x338.jpg",600,338,true],"woocommerce_gallery_thumbnail":["https:\/\/www.nenuphar.com\/wp-content\/uploads\/2026\/01\/3989-100x100.jpg",100,100,true]},"uagb_author_info":{"display_name":"Karine","author_link":"https:\/\/www.nenuphar.com\/en\/author\/"},"uagb_comment_info":0,"uagb_excerpt":"Le polyester enduit PVC : tissu de type \u00ab\u00a0b\u00e2che\u00a0\u00bb, sur base d\u2019un polyester 550dtex\/1100dtex enduit PVC sur la face ext\u00e9rieure assurant une \u00e9tanch\u00e9it\u00e9 parfaite et une grande facilit\u00e9 de nettoyage \u00e0 l\u2019\u00e9ponge. Le grammage est de 520 g\/m\u00b2. Ce tissu est fabriqu\u00e9 en Europe.","_links":{"self":[{"href":"https:\/\/www.nenuphar.com\/en\/wp-json\/wp\/v2\/product\/2439","targetHints":{"allow":["GET"]}}],"collection":[{"href":"https:\/\/www.nenuphar.com\/en\/wp-json\/wp\/v2\/product"}],"about":[{"href":"https:\/\/www.nenuphar.com\/en\/wp-json\/wp\/v2\/types\/product"}],"wp:featuredmedia":[{"embeddable":true,"href":"https:\/\/www.nenuphar.com\/en\/wp-json\/wp\/v2\/media\/2487"}],"wp:attachment":[{"href":"https:\/\/www.nenuphar.com\/en\/wp-json\/wp\/v2\/media?parent=2439"}],"wp:term":[{"taxonomy":"product_brand","embeddable":true,"href":"https:\/\/www.nenuphar.com\/en\/wp-json\/wp\/v2\/product_brand?post=2439"},{"taxonomy":"product_cat","embeddable":true,"href":"https:\/\/www.nenuphar.com\/en\/wp-json\/wp\/v2\/product_cat?post=2439"},{"taxonomy":"product_tag","embeddable":true,"href":"https:\/\/www.nenuphar.com\/en\/wp-json\/wp\/v2\/product_tag?post=2439"}],"curies":[{"name":"wp","href":"https:\/\/api.w.org\/{rel}","templated":true}]}}