{"id":2459,"date":"2026-01-05T20:32:41","date_gmt":"2026-01-05T20:32:41","guid":{"rendered":"https:\/\/nen.kmkoncept.fr\/?post_type=product&#038;p=2459"},"modified":"2026-04-28T07:27:30","modified_gmt":"2026-04-28T07:27:30","slug":"taud-caravelle-julien-dessus-dyed-polyester-enduit-pu-270-grs-ma%c2%b2","status":"publish","type":"product","link":"https:\/\/www.nenuphar.com\/en\/shop\/series\/deriveurs\/caravelle\/taud-caravelle-julien-dessus-dyed-polyester-enduit-pu-270-grs-ma%c2%b2\/","title":{"rendered":"JULIEN CARAVELLE top cover \u2013 PU-coated dyed polyester"},"content":{"rendered":"<p>Cover for Caravelle \u201cJullien\u201d in ripstop polyester.<\/p>\n<p>Can be used either with the mast stepped while parked or for road transport.<\/p>","protected":false},"excerpt":{"rendered":"<p>Taud pour caravelle \u00ab\u00a0Jullien\u00a0\u00bb en polyester ripstop. Peut \u00eatre mis aussi bien m\u00e2t\u00e9 au parking que pour le transport routier.<\/p>","protected":false},"featured_media":2507,"template":"","meta":{"_acf_changed":false,"_uag_custom_page_level_css":""},"product_brand":[430],"product_cat":[197,131,37],"product_tag":[423],"class_list":{"0":"post-2459","1":"product","2":"type-product","3":"status-publish","4":"has-post-thumbnail","6":"product_brand-nenuphar","7":"product_cat-caravelle","8":"product_cat-taud-dessus-deriveurs","9":"product_cat-tauds","10":"product_tag-caravelle","12":"first","13":"onbackorder","14":"taxable","15":"shipping-taxable","16":"purchasable","17":"product-type-simple"},"acf":[],"aioseo_notices":[],"uagb_featured_image_src":{"full":["https:\/\/www.nenuphar.com\/wp-content\/uploads\/2026\/01\/3728.jpg",1148,552,false],"thumbnail":["https:\/\/www.nenuphar.com\/wp-content\/uploads\/2026\/01\/3728-150x150.jpg",150,150,true],"medium":["https:\/\/www.nenuphar.com\/wp-content\/uploads\/2026\/01\/3728-300x144.jpg",300,144,true],"medium_large":["https:\/\/www.nenuphar.com\/wp-content\/uploads\/2026\/01\/3728-768x369.jpg",768,369,true],"large":["https:\/\/www.nenuphar.com\/wp-content\/uploads\/2026\/01\/3728-1024x492.jpg",1024,492,true],"1536x1536":["https:\/\/www.nenuphar.com\/wp-content\/uploads\/2026\/01\/3728.jpg",1148,552,false],"2048x2048":["https:\/\/www.nenuphar.com\/wp-content\/uploads\/2026\/01\/3728.jpg",1148,552,false],"trp-custom-language-flag":["https:\/\/www.nenuphar.com\/wp-content\/uploads\/2026\/01\/3728.jpg",18,9,false],"woocommerce_thumbnail":["https:\/\/www.nenuphar.com\/wp-content\/uploads\/2026\/01\/3728-300x300.jpg",300,300,true],"woocommerce_single":["https:\/\/www.nenuphar.com\/wp-content\/uploads\/2026\/01\/3728-600x289.jpg",600,289,true],"woocommerce_gallery_thumbnail":["https:\/\/www.nenuphar.com\/wp-content\/uploads\/2026\/01\/3728-100x100.jpg",100,100,true]},"uagb_author_info":{"display_name":"Karine","author_link":"https:\/\/www.nenuphar.com\/en\/author\/"},"uagb_comment_info":0,"uagb_excerpt":"Taud pour caravelle \u00ab\u00a0Jullien\u00a0\u00bb en polyester ripstop. Peut \u00eatre mis aussi bien m\u00e2t\u00e9 au parking que pour le transport routier.","_links":{"self":[{"href":"https:\/\/www.nenuphar.com\/en\/wp-json\/wp\/v2\/product\/2459","targetHints":{"allow":["GET"]}}],"collection":[{"href":"https:\/\/www.nenuphar.com\/en\/wp-json\/wp\/v2\/product"}],"about":[{"href":"https:\/\/www.nenuphar.com\/en\/wp-json\/wp\/v2\/types\/product"}],"wp:featuredmedia":[{"embeddable":true,"href":"https:\/\/www.nenuphar.com\/en\/wp-json\/wp\/v2\/media\/2507"}],"wp:attachment":[{"href":"https:\/\/www.nenuphar.com\/en\/wp-json\/wp\/v2\/media?parent=2459"}],"wp:term":[{"taxonomy":"product_brand","embeddable":true,"href":"https:\/\/www.nenuphar.com\/en\/wp-json\/wp\/v2\/product_brand?post=2459"},{"taxonomy":"product_cat","embeddable":true,"href":"https:\/\/www.nenuphar.com\/en\/wp-json\/wp\/v2\/product_cat?post=2459"},{"taxonomy":"product_tag","embeddable":true,"href":"https:\/\/www.nenuphar.com\/en\/wp-json\/wp\/v2\/product_tag?post=2459"}],"curies":[{"name":"wp","href":"https:\/\/api.w.org\/{rel}","templated":true}]}}